{"id":248717,"date":"2014-06-18T22:27:11","date_gmt":"2014-06-18T21:27:11","guid":{"rendered":"https:\/\/nueva.depuragua.com\/producto\/sistema-a-raggi-ultravioletti-6-wats\/"},"modified":"2014-06-18T22:27:11","modified_gmt":"2014-06-18T21:27:11","slug":"sistema-a-raggi-ultravioletti-6-wats","status":"publish","type":"product","link":"https:\/\/tienda.depuragua.com\/it\/producto\/sistema-a-raggi-ultravioletti-6-wats\/","title":{"rendered":"Sistema a raggi ultravioletti 6 Wats"},"content":{"rendered":"<h3>Sistema a raggi ultravioletti 6 Wats<\/h3>\n<\/p>\n<p>KIT luce ultravioletta disinfettante acciaio Inox a specchio 6 Watt per un flusso di 0,8 GPM<\/p>\n<p>Utilizzando un&#8217;apparecchiatura sterilizzatore luce ultravioletta \u00e8 un metodo efficace e semplice di disinfezione dell&#8217;acqua senza l&#8217;uso di calore o sostanze chimiche pericolose. Utilizzare la luce ultravioletta germicida per inattivare batteri in modo rapido e affidabile, virus e altri microrganismi presenti nell&#8217;acqua. Il suo funzionamento semplice e molto efficace d\u00e0 una sterilizzazione attrezzature luce ultravioletta adatto per tutti gli usi in cui \u00e8 necessario per migliorare la qualit\u00e0 dell&#8217;acqua.<br \/>L&#8217;unit\u00e0 di disinfezione dell&#8217;acqua 6W consiste di un alloggiamento tubolare costruita in alta densit\u00e0 PVCde. Interno lucido ed esterno della custodia<br \/>all&#8217;interno del corpo valvola c&#8217;\u00e8 una lampada ultravioletta generatrice germicida 12 watt, ciascuno all&#8217;interno di un tubo di quarzo protettivo.<br \/>Le lampade UV sono eccitati da un cavo collegato ad un quadro elettrico che alimenta la rete elettrica e 220 Volts<br \/>50-60 Hz.<\/p>\n<p>Caratteristiche tecniche dell&#8217;unit\u00e0 6 Watt:<\/p>\n<p>Marca Hidrotek<br \/>UV-6 W modello<br \/>Costruzione corpo in acciaio materiale<\/p>\n<p>304 densit\u00e0.<br \/>Pressione massima di esercizio pari a 5 kg \/ cm2.<br \/>Tenendo le lampada Sistema 2 morsetti omega &#8220;<\/p>\n<p>\u00a0<\/p>\n<p>6 watt di potenza per lampada<br \/>Numero di lampade: 1 (uno)<br \/>Consumo totale di corrente: 50mA<br \/>Potenza totale: w ma incluso 50 Watt<br \/>Materiale del tubo di protezione: Quarzo<br \/>Lampade germicida Material: 99% SiO2<br \/>Portata nominale: 0.8 gpm<br \/>Gratuito o osmosi flusso: 1. gpm<br \/>Germicida dose nominale:&gt; 30.000 U.G. uW \/ cm2<br \/>Frequenza. 50-60 hz<br \/>Alimentatore: 110-220 volt<br \/>Ingresso Misure e collegamento dell&#8217;uscita: \u00bc &#8220;<br \/>Lifetime (ore): 8000<br \/>Il corpo della lampada misura 20 x 2 \u00bd &#8220;<\/p>\n","protected":false},"excerpt":{"rendered":"<h3>Sistema a raggi ultravioletti 6 Wats<\/h3>\n<p>KIT luce ultravioletta disinfettante acciaio Inox a specchio 6 Watt per un flusso di 0,8 GPM<\/p>\n","protected":false},"featured_media":286016,"comment_status":"open","ping_status":"closed","template":"","meta":{"_et_pb_use_builder":"","_et_pb_old_content":"","_et_gb_content_width":""},"product_cat":[1764],"product_tag":[],"yoast_head":"<!-- This site is optimized with the Yoast SEO plugin v22.1 - https:\/\/yoast.com\/wordpress\/plugins\/seo\/ -->\n<title>Sistema a raggi ultravioletti 6 Wats<\/title>\n<meta name=\"description\" content=\"Sistema a raggi ultravioletti 6 Wats\" \/>\n<meta name=\"robots\" content=\"index, follow, max-snippet:-1, max-image-preview:large, max-video-preview:-1\" \/>\n<link rel=\"canonical\" href=\"https:\/\/tienda.depuragua.com\/it\/producto\/sistema-a-raggi-ultravioletti-6-wats\/\" \/>\n<meta property=\"og:locale\" content=\"it_IT\" \/>\n<meta property=\"og:type\" content=\"article\" \/>\n<meta property=\"og:title\" content=\"Sistema a raggi ultravioletti 6 Wats\" \/>\n<meta property=\"og:description\" content=\"Sistema a raggi ultravioletti 6 Wats\" \/>\n<meta property=\"og:url\" content=\"https:\/\/tienda.depuragua.com\/it\/producto\/sistema-a-raggi-ultravioletti-6-wats\/\" \/>\n<meta property=\"og:site_name\" content=\"Depuragua\" \/>\n<meta property=\"article:publisher\" content=\"https:\/\/www.facebook.com\/depuraguaonline\" \/>\n<meta property=\"og:image\" content=\"https:\/\/tienda.depuragua.com\/wp-content\/uploads\/2014\/06\/690-thickbox_default-Kit-sterilisateur-UV-6-Wats.jpg\" \/>\n\t<meta property=\"og:image:width\" content=\"800\" \/>\n\t<meta property=\"og:image:height\" content=\"800\" \/>\n\t<meta property=\"og:image:type\" content=\"image\/jpeg\" \/>\n<meta name=\"twitter:card\" content=\"summary_large_image\" \/>\n<meta name=\"twitter:site\" content=\"@AquatechIntl\" \/>\n<meta name=\"twitter:label1\" content=\"Tempo di lettura stimato\" \/>\n\t<meta name=\"twitter:data1\" content=\"1 minuto\" \/>\n<script type=\"application\/ld+json\" class=\"yoast-schema-graph\">{\"@context\":\"https:\/\/schema.org\",\"@graph\":[{\"@type\":\"WebPage\",\"@id\":\"https:\/\/tienda.depuragua.com\/it\/producto\/sistema-a-raggi-ultravioletti-6-wats\/\",\"url\":\"https:\/\/tienda.depuragua.com\/it\/producto\/sistema-a-raggi-ultravioletti-6-wats\/\",\"name\":\"Sistema a raggi ultravioletti 6 Wats\",\"isPartOf\":{\"@id\":\"https:\/\/tienda.depuragua.com\/it\/#website\"},\"datePublished\":\"2014-06-18T21:27:11+00:00\",\"dateModified\":\"2014-06-18T21:27:11+00:00\",\"description\":\"Sistema a raggi ultravioletti 6 Wats\",\"breadcrumb\":{\"@id\":\"https:\/\/tienda.depuragua.com\/it\/producto\/sistema-a-raggi-ultravioletti-6-wats\/#breadcrumb\"},\"inLanguage\":\"it-IT\",\"potentialAction\":[{\"@type\":\"ReadAction\",\"target\":[\"https:\/\/tienda.depuragua.com\/it\/producto\/sistema-a-raggi-ultravioletti-6-wats\/\"]}]},{\"@type\":\"BreadcrumbList\",\"@id\":\"https:\/\/tienda.depuragua.com\/it\/producto\/sistema-a-raggi-ultravioletti-6-wats\/#breadcrumb\",\"itemListElement\":[{\"@type\":\"ListItem\",\"position\":1,\"name\":\"Portada\",\"item\":\"https:\/\/tienda.depuragua.com\/it\/\"},{\"@type\":\"ListItem\",\"position\":2,\"name\":\"Negozio\",\"item\":\"https:\/\/tienda.depuragua.com\/\"},{\"@type\":\"ListItem\",\"position\":3,\"name\":\"Sistema a raggi ultravioletti 6 Wats\"}]},{\"@type\":\"WebSite\",\"@id\":\"https:\/\/tienda.depuragua.com\/it\/#website\",\"url\":\"https:\/\/tienda.depuragua.com\/it\/\",\"name\":\"Depuragua\",\"description\":\"Depuragua\",\"publisher\":{\"@id\":\"https:\/\/tienda.depuragua.com\/it\/#organization\"},\"potentialAction\":[{\"@type\":\"SearchAction\",\"target\":{\"@type\":\"EntryPoint\",\"urlTemplate\":\"https:\/\/tienda.depuragua.com\/it\/?s={search_term_string}\"},\"query-input\":\"required name=search_term_string\"}],\"inLanguage\":\"it-IT\"},{\"@type\":\"Organization\",\"@id\":\"https:\/\/tienda.depuragua.com\/it\/#organization\",\"name\":\"Depuragua\",\"url\":\"https:\/\/tienda.depuragua.com\/it\/\",\"logo\":{\"@type\":\"ImageObject\",\"inLanguage\":\"it-IT\",\"@id\":\"https:\/\/tienda.depuragua.com\/it\/#\/schema\/logo\/image\/\",\"url\":\"https:\/\/tienda.depuragua.com\/wp-content\/uploads\/2023\/11\/logodepuragua.png\",\"contentUrl\":\"https:\/\/tienda.depuragua.com\/wp-content\/uploads\/2023\/11\/logodepuragua.png\",\"width\":1000,\"height\":340,\"caption\":\"Depuragua\"},\"image\":{\"@id\":\"https:\/\/tienda.depuragua.com\/it\/#\/schema\/logo\/image\/\"},\"sameAs\":[\"https:\/\/www.facebook.com\/depuraguaonline\",\"https:\/\/twitter.com\/AquatechIntl\"]}]}<\/script>\n<!-- \/ Yoast SEO plugin. -->","yoast_head_json":{"title":"Sistema a raggi ultravioletti 6 Wats","description":"Sistema a raggi ultravioletti 6 Wats","robots":{"index":"index","follow":"follow","max-snippet":"max-snippet:-1","max-image-preview":"max-image-preview:large","max-video-preview":"max-video-preview:-1"},"canonical":"https:\/\/tienda.depuragua.com\/it\/producto\/sistema-a-raggi-ultravioletti-6-wats\/","og_locale":"it_IT","og_type":"article","og_title":"Sistema a raggi ultravioletti 6 Wats","og_description":"Sistema a raggi ultravioletti 6 Wats","og_url":"https:\/\/tienda.depuragua.com\/it\/producto\/sistema-a-raggi-ultravioletti-6-wats\/","og_site_name":"Depuragua","article_publisher":"https:\/\/www.facebook.com\/depuraguaonline","og_image":[{"width":800,"height":800,"url":"https:\/\/tienda.depuragua.com\/wp-content\/uploads\/2014\/06\/690-thickbox_default-Kit-sterilisateur-UV-6-Wats.jpg","type":"image\/jpeg"}],"twitter_card":"summary_large_image","twitter_site":"@AquatechIntl","twitter_misc":{"Tempo di lettura stimato":"1 minuto"},"schema":{"@context":"https:\/\/schema.org","@graph":[{"@type":"WebPage","@id":"https:\/\/tienda.depuragua.com\/it\/producto\/sistema-a-raggi-ultravioletti-6-wats\/","url":"https:\/\/tienda.depuragua.com\/it\/producto\/sistema-a-raggi-ultravioletti-6-wats\/","name":"Sistema a raggi ultravioletti 6 Wats","isPartOf":{"@id":"https:\/\/tienda.depuragua.com\/it\/#website"},"datePublished":"2014-06-18T21:27:11+00:00","dateModified":"2014-06-18T21:27:11+00:00","description":"Sistema a raggi ultravioletti 6 Wats","breadcrumb":{"@id":"https:\/\/tienda.depuragua.com\/it\/producto\/sistema-a-raggi-ultravioletti-6-wats\/#breadcrumb"},"inLanguage":"it-IT","potentialAction":[{"@type":"ReadAction","target":["https:\/\/tienda.depuragua.com\/it\/producto\/sistema-a-raggi-ultravioletti-6-wats\/"]}]},{"@type":"BreadcrumbList","@id":"https:\/\/tienda.depuragua.com\/it\/producto\/sistema-a-raggi-ultravioletti-6-wats\/#breadcrumb","itemListElement":[{"@type":"ListItem","position":1,"name":"Portada","item":"https:\/\/tienda.depuragua.com\/it\/"},{"@type":"ListItem","position":2,"name":"Negozio","item":"https:\/\/tienda.depuragua.com\/"},{"@type":"ListItem","position":3,"name":"Sistema a raggi ultravioletti 6 Wats"}]},{"@type":"WebSite","@id":"https:\/\/tienda.depuragua.com\/it\/#website","url":"https:\/\/tienda.depuragua.com\/it\/","name":"Depuragua","description":"Depuragua","publisher":{"@id":"https:\/\/tienda.depuragua.com\/it\/#organization"},"potentialAction":[{"@type":"SearchAction","target":{"@type":"EntryPoint","urlTemplate":"https:\/\/tienda.depuragua.com\/it\/?s={search_term_string}"},"query-input":"required name=search_term_string"}],"inLanguage":"it-IT"},{"@type":"Organization","@id":"https:\/\/tienda.depuragua.com\/it\/#organization","name":"Depuragua","url":"https:\/\/tienda.depuragua.com\/it\/","logo":{"@type":"ImageObject","inLanguage":"it-IT","@id":"https:\/\/tienda.depuragua.com\/it\/#\/schema\/logo\/image\/","url":"https:\/\/tienda.depuragua.com\/wp-content\/uploads\/2023\/11\/logodepuragua.png","contentUrl":"https:\/\/tienda.depuragua.com\/wp-content\/uploads\/2023\/11\/logodepuragua.png","width":1000,"height":340,"caption":"Depuragua"},"image":{"@id":"https:\/\/tienda.depuragua.com\/it\/#\/schema\/logo\/image\/"},"sameAs":["https:\/\/www.facebook.com\/depuraguaonline","https:\/\/twitter.com\/AquatechIntl"]}]}},"_links":{"self":[{"href":"https:\/\/tienda.depuragua.com\/it\/wp-json\/wp\/v2\/product\/248717"}],"collection":[{"href":"https:\/\/tienda.depuragua.com\/it\/wp-json\/wp\/v2\/product"}],"about":[{"href":"https:\/\/tienda.depuragua.com\/it\/wp-json\/wp\/v2\/types\/product"}],"replies":[{"embeddable":true,"href":"https:\/\/tienda.depuragua.com\/it\/wp-json\/wp\/v2\/comments?post=248717"}],"wp:featuredmedia":[{"embeddable":true,"href":"https:\/\/tienda.depuragua.com\/it\/wp-json\/wp\/v2\/media\/286016"}],"wp:attachment":[{"href":"https:\/\/tienda.depuragua.com\/it\/wp-json\/wp\/v2\/media?parent=248717"}],"wp:term":[{"taxonomy":"product_cat","embeddable":true,"href":"https:\/\/tienda.depuragua.com\/it\/wp-json\/wp\/v2\/product_cat?post=248717"},{"taxonomy":"product_tag","embeddable":true,"href":"https:\/\/tienda.depuragua.com\/it\/wp-json\/wp\/v2\/product_tag?post=248717"}],"curies":[{"name":"wp","href":"https:\/\/api.w.org\/{rel}","templated":true}]}}