{"id":286947,"date":"2019-10-29T11:52:28","date_gmt":"2019-10-29T10:52:28","guid":{"rendered":"https:\/\/nueva.depuragua.com\/?page_id=286947"},"modified":"2023-12-01T12:33:31","modified_gmt":"2023-12-01T11:33:31","slug":"politica-sulla-riservatezza","status":"publish","type":"page","link":"https:\/\/tienda.depuragua.com\/it\/politica-sulla-riservatezza\/","title":{"rendered":"Politica sulla riservatezza"},"content":{"rendered":"<p>[et_pb_section fb_built=&#8221;1&#8243; theme_builder_area=&#8221;post_content&#8221; _builder_version=&#8221;4.23.1&#8243; _module_preset=&#8221;default&#8221;][et_pb_row _builder_version=&#8221;4.23.1&#8243; _module_preset=&#8221;default&#8221; theme_builder_area=&#8221;post_content&#8221;][et_pb_column _builder_version=&#8221;4.23.1&#8243; _module_preset=&#8221;default&#8221; type=&#8221;4_4&#8243; theme_builder_area=&#8221;post_content&#8221;][et_pb_text _builder_version=&#8221;4.23.1&#8243; _module_preset=&#8221;default&#8221; theme_builder_area=&#8221;post_content&#8221; hover_enabled=&#8221;0&#8243; sticky_enabled=&#8221;0&#8243;]<\/p>\n<h2 style=\"color: #55acef;\">Informativa sulla privacy<\/h2>\n<p>Su <span style=\"text-transform: uppercase;\">depuragua.com <\/span> rispettiamo in ogni momento la sicurezza e la riservatezza dei tuoi dati personali, quindi, per offrirti un servizio migliore, questa Informativa sulla privacy che mira per informarti chiaramente sul trattamento e sulla gestione che facciamo dei tuoi dati personali.<\/p>\n<p>Per tua comodit\u00e0, la Privacy Policy sar\u00e0 sempre accessibile dal sito web https:\/\/depuragua.com\/.<\/p>\n<p>Ti ricordiamo che per il corretto funzionamento del rapporto, dovrai informarci di eventuali variazioni rispetto ai dati forniti, quali cambiamenti di indirizzo, email, numero di telefono, ecc. nonch\u00e9 informarci in caso di smarrimento, furto o accesso non autorizzato con le chiavi personali e i codici di accesso che potremmo aver fornito per accedere al nostro sito web. Per questi casi, cos\u00ec come per qualsiasi domanda tu possa avere, ti forniamo il seguente indirizzo email dove ti aiuteremo: pazmargo@gmail.com.<\/p>\n<h2 style=\"color: #55acef;\">IDENTIT\u00c0 E INFORMAZIONI DI CONTATTO<\/h2>\n<p>Enymar Rubio S.L. con indirizzo: 46190 Ribarroja de Turia S.L. Sede: Enymar Rubio S.L., \u00e8 responsabile del trattamento dei tuoi dati personali, in qualit\u00e0 di societ\u00e0 responsabile di <span style=\"text-transform: uppercase;\">depuragua.com <\/span>, secondo le leggi e i regolamenti sui dati applicabili protezione.<br \/>\nIn caso di domande sul trattamento dei tuoi dati personali, ti offriamo i seguenti metodi di contatto:<br \/>\nPosta postale: indirizzo: 46190 Ribarroja de Turia S.L. Sede: Enymar Rubio S.L..<br \/>\nE-mail: pazmargo@gmail.com<\/p>\n<h2 style=\"color: #55acef;\">TIPI DI DATI CHE TI RICHIEDIAMO<\/h2>\n<p>Per fornirti i nostri servizi nel migliore dei modi, a seconda del servizio richiesto, avremo bisogno che tu ci fornisca alcuni dati personali, come nome completo, indirizzo, email o numero di cellulare.<\/p>\n<p>Alcuni di questi dati sono obbligatori per la fornitura del servizio, in questi casi verranno identificati come tali nel form stesso. La informiamo che il rifiuto di fornire tali dati ci impedir\u00e0 di fornire il servizio richiesto.<\/p>\n<ul>\n<li>Registrazione nel negozio online: nome completo, indirizzo e numero di telefono.<\/li>\n<li>Acquisto di prodotti tramite web: metodo di pagamento, numero di conto, carta che include numero di carta, tipo di carta, data di scadenza e numero CVV.<\/li>\n<li>Registrazione alla newsletter: email.<\/li>\n<\/ul>\n<p>In aggiunta a quanto sopra, per conoscerti meglio e poterti cos\u00ec fornire un servizio pi\u00f9 personalizzato, potremmo raccogliere dati per conto nostro utilizzando i cookie o la tua cronologia degli acquisti, che, insieme ai dati che hai precedentemente fornito a noi, utilizziamo per personalizzare le offerte, le promozioni e le comunicazioni con te al fine di offrirti i prodotti e i servizi che meglio si adattano ai tuoi gusti e interessi personali. Se non conosci la nostra Politica sui Cookie, puoi consultarla in qualsiasi momento accedendo al seguente indirizzo: https:\/\/depuragua.com\/politica-cookies.<\/p>\n<p>Potremmo anche creare profili utilizzando i tuoi dati di utilizzo del web, cronologia degli acquisti, sesso, et\u00e0. La profilazione consiste nel valutare alcuni aspetti che ti riguardano, come lo storico dei tuoi acquisti, l&#8217;et\u00e0, l&#8217;area geografica, ecc. per comprendere meglio i tuoi gusti e le tue esigenze e poterti cos\u00ec offrire i prodotti e i servizi pi\u00f9 in linea con le tue esigenze e gusti.<\/p>\n<h2 style=\"color: #55acef;\">USO CHE FACCIAMO DEI DATI E BASE GIURIDICA<\/h2>\n<p><span style=\"text-transform: uppercase;\">depuragua.com <\/span> \u00e8 consapevole dell&#8217;importanza della sicurezza e della riservatezza dei tuoi dati personali, quindi in ogni momento ti informiamo chiaramente degli scopi e degli usi che verranno essere dato loro. In questo modo ti informiamo che lo scopo principale del trattamento dei tuoi dati sar\u00e0 la vendita e la spedizione dei prodotti che commercializziamo in base al rapporto contrattuale che hai con <span style=\"text-transform: uppercase;\">depuragua .com<\/ span>. Potremmo inoltre trattare i tuoi dati per le seguenti finalit\u00e0:<br \/>\nIn base all&#8217;interesse legittimo di <span style=\"text-transform: uppercase;\">depuragua.com <\/span> utilizzeremo i tuoi dati per:<\/p>\n<ul>\n<li>Invio di informazioni commerciali su prodotti, servizi, promozioni e\/o eventi di <span style=\"text-transform: uppercase;\">depuragua.com <\/span>, con qualsiasi mezzo di contatto che ci hai fornito a condizione che ci\u00f2 possa includere tramite telefono, SMS, messaggistica istantanea, e-mail o posta ordinaria.<\/li>\n<li>Studi statistici per adattare i servizi e la loro qualit\u00e0 al cliente.<\/li>\n<li>Profilazione dei nostri clienti per conoscerli meglio ed essere in grado di sviluppare e offrire i prodotti e i servizi pi\u00f9 in linea con le loro esigenze e gusti.<\/li>\n<li>Offrirti i nostri servizi per i consumatori.<\/li>\n<\/ul>\n<p>Con il tuo consenso utilizzeremo i dati raccolti per:<\/p>\n<ul>\n<li>Gestire la registrazione alla newsletter e la registrazione nella creazione di un account Web.<\/li>\n<li>Concorsi, lotterie, giochi, ecc.<\/li>\n<\/ul>\n<h2 style=\"color: #55acef;\">COME SARANNO CONDIVISI I TUOI DATI PERSONALI<\/h2>\n<p><span style=\"text-transform: uppercase;\">depuragua.com <\/span> normalmente non condivider\u00e0 i tuoi dati personali con nessuno a meno che ci\u00f2 non sia richiesto dalla legge o la comunicazione sia strettamente necessaria per l&#8217;adempimento del rapporto commerciale che rimane cliente , ma potrebbero esserci casi, sempre con il tuo consenso, in cui potremmo condividere i tuoi dati con societ\u00e0 collaboratrici per poterti inviare informazioni commerciali che potrebbero interessarti.<\/p>\n<p>Comunicazioni di dati a terzi in conformit\u00e0 con il rapporto contrattuale intrattenuto con <span style=\"text-transform: uppercase;\">depuragua.com <\/span>:<\/p>\n<ul>\n<li>In caso di acquisto, i tuoi dati saranno comunicati a societ\u00e0 di distribuzione e punti di consegna al fine di canalizzare le comunicazioni appropriate, inviarti i prodotti contrattuali o informarti della loro consegna.<\/li>\n<li>Notari e terzi che potrebbero partecipare alla gestione dei concorsi, promozioni o lotterie effettuati da <span style=\"text-transform: uppercase;\">depuragua.com <\/span> e in cui hai deciso di partecipare. <\/li>\n<\/ul>\n<h2 style=\"color: #55acef;\">TEMPO PER IL QUALE SARANNO CONSERVATI I TUOI DATI<\/h2>\n<p>A seconda della finalit\u00e0 per la quale trattiamo i tuoi dati, i loro tempi di custodia saranno diversi. Vi comunichiamo di seguito l&#8217;orario di custodia:<\/p>\n<ul>\n<li>Dati del cliente, gestione del conto, servizio clienti: mentre sei ancora registrato come cliente e, in caso di cancellazione, 5 anni dalla cancellazione per ottemperare agli obblighi fiscali, o di qualsiasi altro tipo, della societ\u00e0 che potrebbe sono sorti durante la relazione.<\/li>\n<li>Dati di contatto per usi commerciali propri o di terzi con qualsiasi modalit\u00e0: per tale finalit\u00e0 i tuoi dati saranno trattati a tempo indeterminato, fino al momento in cui deciderai di revocare il tuo consenso, opporti a tale trattamento, cancellare i tuoi dati o limitare il trattamento degli stessi.<\/li>\n<\/ul>\n<h2 style=\"color: #55acef;\">SICUREZZA DEI TUOI DATI<\/h2>\n<p><span style=\"text-transform: uppercase;\">depuragua.com <\/span> ha adottato le misure tecniche e organizzative necessarie per garantire la sicurezza dei dati personali e prevenirne l&#8217;alterazione, la perdita, il trattamento o l&#8217;accesso non autorizzato, tenendo conto lo stato della tecnologia, la natura dei dati archiviati e i rischi ai quali sono esposti, provenienti sia dall&#8217;azione umana che dall&#8217;ambiente fisico o naturale.<br \/>\nL\u2019utente deve per\u00f2 essere consapevole che le misure di sicurezza di Internet non sono inespugnabili.<\/p>\n<h2 style=\"color: #55acef;\">I MIEI DIRITTI<\/h2>\n<p>In qualsiasi momento potrai revocare, se applicabile, il consenso prestato, nonch\u00e9 esercitare i tuoi diritti di accesso, rettifica, cancellazione, opposizione, limitazione del trattamento e portabilit\u00e0, quando tali diritti sono applicabili. Per fare ci\u00f2, ti forniamo le seguenti modalit\u00e0:<\/p>\n<ul>\n<li>Tramite posta ordinaria, indirizzata al Servizio Clienti di <span style=\"text-transform: uppercase;\">depuragua.com <\/span>, al seguente indirizzo: indirizzo: 46190 Ribarroja de Turia.< \/li>\n<li>Nei moduli che puoi ottenere nei nostri negozi.<\/li>\n<li>Via e-mail a: pazmargo@gmail.com<\/li>\n<\/ul>\n<p>Nella richiesta dovrai includere il numero cliente e, in ogni caso, inviare una copia del tuo documento d&#8217;identit\u00e0.<\/p>\n<p>Allo stesso modo, se ritieni che i tuoi dati siano stati trattati in modo inappropriato, avrai il diritto di contattare l&#8217;Agenzia spagnola per la protezione dei dati (C\/ Jorge Juan, 6. 28001 \u2013 Madrid www.agpd.es).[\/et_pb_text][\/et_pb_column][\/et_pb_row][\/et_pb_section]<\/p>\n","protected":false},"excerpt":{"rendered":"<p>Informativa sulla privacy Su depuragua.com rispettiamo in ogni momento la sicurezza e la riservatezza dei tuoi dati personali, quindi, per offrirti un servizio migliore, questa Informativa sulla privacy che mira per informarti chiaramente sul trattamento e sulla gestione che facciamo dei tuoi dati personali. Per tua comodit\u00e0, la Privacy Policy sar\u00e0 sempre accessibile dal sito [&hellip;]<\/p>\n","protected":false},"author":2,"featured_media":0,"parent":0,"menu_order":0,"comment_status":"closed","ping_status":"closed","template":"","meta":{"_et_pb_use_builder":"on","_et_pb_old_content":"","_et_gb_content_width":"","footnotes":""},"yoast_head":"<!-- This site is optimized with the Yoast SEO plugin v22.1 - https:\/\/yoast.com\/wordpress\/plugins\/seo\/ -->\n<title>Politica sulla riservatezza - Depuragua<\/title>\n<meta name=\"robots\" content=\"index, follow, max-snippet:-1, max-image-preview:large, max-video-preview:-1\" \/>\n<link rel=\"canonical\" href=\"https:\/\/tienda.depuragua.com\/it\/politica-sulla-riservatezza\/\" \/>\n<meta property=\"og:locale\" content=\"it_IT\" \/>\n<meta property=\"og:type\" content=\"article\" \/>\n<meta property=\"og:title\" content=\"Politica sulla riservatezza - Depuragua\" \/>\n<meta property=\"og:description\" content=\"Informativa sulla privacy Su depuragua.com rispettiamo in ogni momento la sicurezza e la riservatezza dei tuoi dati personali, quindi, per offrirti un servizio migliore, questa Informativa sulla privacy che mira per informarti chiaramente sul trattamento e sulla gestione che facciamo dei tuoi dati personali. Per tua comodit\u00e0, la Privacy Policy sar\u00e0 sempre accessibile dal sito [&hellip;]\" \/>\n<meta property=\"og:url\" content=\"https:\/\/tienda.depuragua.com\/it\/politica-sulla-riservatezza\/\" \/>\n<meta property=\"og:site_name\" content=\"Depuragua\" \/>\n<meta property=\"article:publisher\" content=\"https:\/\/www.facebook.com\/depuraguaonline\" \/>\n<meta property=\"article:modified_time\" content=\"2023-12-01T11:33:31+00:00\" \/>\n<meta name=\"twitter:card\" content=\"summary_large_image\" \/>\n<meta name=\"twitter:site\" content=\"@AquatechIntl\" \/>\n<meta name=\"twitter:label1\" content=\"Tempo di lettura stimato\" \/>\n\t<meta name=\"twitter:data1\" content=\"6 minuti\" \/>\n<script type=\"application\/ld+json\" class=\"yoast-schema-graph\">{\"@context\":\"https:\/\/schema.org\",\"@graph\":[{\"@type\":\"WebPage\",\"@id\":\"https:\/\/tienda.depuragua.com\/it\/politica-sulla-riservatezza\/\",\"url\":\"https:\/\/tienda.depuragua.com\/it\/politica-sulla-riservatezza\/\",\"name\":\"Politica sulla riservatezza - Depuragua\",\"isPartOf\":{\"@id\":\"https:\/\/tienda.depuragua.com\/it\/#website\"},\"datePublished\":\"2019-10-29T10:52:28+00:00\",\"dateModified\":\"2023-12-01T11:33:31+00:00\",\"breadcrumb\":{\"@id\":\"https:\/\/tienda.depuragua.com\/it\/politica-sulla-riservatezza\/#breadcrumb\"},\"inLanguage\":\"it-IT\",\"potentialAction\":[{\"@type\":\"ReadAction\",\"target\":[\"https:\/\/tienda.depuragua.com\/it\/politica-sulla-riservatezza\/\"]}]},{\"@type\":\"BreadcrumbList\",\"@id\":\"https:\/\/tienda.depuragua.com\/it\/politica-sulla-riservatezza\/#breadcrumb\",\"itemListElement\":[{\"@type\":\"ListItem\",\"position\":1,\"name\":\"Portada\",\"item\":\"https:\/\/tienda.depuragua.com\/it\/\"},{\"@type\":\"ListItem\",\"position\":2,\"name\":\"Politica sulla riservatezza\"}]},{\"@type\":\"WebSite\",\"@id\":\"https:\/\/tienda.depuragua.com\/it\/#website\",\"url\":\"https:\/\/tienda.depuragua.com\/it\/\",\"name\":\"Depuragua\",\"description\":\"Depuragua\",\"publisher\":{\"@id\":\"https:\/\/tienda.depuragua.com\/it\/#organization\"},\"potentialAction\":[{\"@type\":\"SearchAction\",\"target\":{\"@type\":\"EntryPoint\",\"urlTemplate\":\"https:\/\/tienda.depuragua.com\/it\/?s={search_term_string}\"},\"query-input\":\"required name=search_term_string\"}],\"inLanguage\":\"it-IT\"},{\"@type\":\"Organization\",\"@id\":\"https:\/\/tienda.depuragua.com\/it\/#organization\",\"name\":\"Depuragua\",\"url\":\"https:\/\/tienda.depuragua.com\/it\/\",\"logo\":{\"@type\":\"ImageObject\",\"inLanguage\":\"it-IT\",\"@id\":\"https:\/\/tienda.depuragua.com\/it\/#\/schema\/logo\/image\/\",\"url\":\"https:\/\/tienda.depuragua.com\/wp-content\/uploads\/2023\/11\/logodepuragua.png\",\"contentUrl\":\"https:\/\/tienda.depuragua.com\/wp-content\/uploads\/2023\/11\/logodepuragua.png\",\"width\":1000,\"height\":340,\"caption\":\"Depuragua\"},\"image\":{\"@id\":\"https:\/\/tienda.depuragua.com\/it\/#\/schema\/logo\/image\/\"},\"sameAs\":[\"https:\/\/www.facebook.com\/depuraguaonline\",\"https:\/\/twitter.com\/AquatechIntl\"]}]}<\/script>\n<!-- \/ Yoast SEO plugin. -->","yoast_head_json":{"title":"Politica sulla riservatezza - Depuragua","robots":{"index":"index","follow":"follow","max-snippet":"max-snippet:-1","max-image-preview":"max-image-preview:large","max-video-preview":"max-video-preview:-1"},"canonical":"https:\/\/tienda.depuragua.com\/it\/politica-sulla-riservatezza\/","og_locale":"it_IT","og_type":"article","og_title":"Politica sulla riservatezza - Depuragua","og_description":"Informativa sulla privacy Su depuragua.com rispettiamo in ogni momento la sicurezza e la riservatezza dei tuoi dati personali, quindi, per offrirti un servizio migliore, questa Informativa sulla privacy che mira per informarti chiaramente sul trattamento e sulla gestione che facciamo dei tuoi dati personali. Per tua comodit\u00e0, la Privacy Policy sar\u00e0 sempre accessibile dal sito [&hellip;]","og_url":"https:\/\/tienda.depuragua.com\/it\/politica-sulla-riservatezza\/","og_site_name":"Depuragua","article_publisher":"https:\/\/www.facebook.com\/depuraguaonline","article_modified_time":"2023-12-01T11:33:31+00:00","twitter_card":"summary_large_image","twitter_site":"@AquatechIntl","twitter_misc":{"Tempo di lettura stimato":"6 minuti"},"schema":{"@context":"https:\/\/schema.org","@graph":[{"@type":"WebPage","@id":"https:\/\/tienda.depuragua.com\/it\/politica-sulla-riservatezza\/","url":"https:\/\/tienda.depuragua.com\/it\/politica-sulla-riservatezza\/","name":"Politica sulla riservatezza - Depuragua","isPartOf":{"@id":"https:\/\/tienda.depuragua.com\/it\/#website"},"datePublished":"2019-10-29T10:52:28+00:00","dateModified":"2023-12-01T11:33:31+00:00","breadcrumb":{"@id":"https:\/\/tienda.depuragua.com\/it\/politica-sulla-riservatezza\/#breadcrumb"},"inLanguage":"it-IT","potentialAction":[{"@type":"ReadAction","target":["https:\/\/tienda.depuragua.com\/it\/politica-sulla-riservatezza\/"]}]},{"@type":"BreadcrumbList","@id":"https:\/\/tienda.depuragua.com\/it\/politica-sulla-riservatezza\/#breadcrumb","itemListElement":[{"@type":"ListItem","position":1,"name":"Portada","item":"https:\/\/tienda.depuragua.com\/it\/"},{"@type":"ListItem","position":2,"name":"Politica sulla riservatezza"}]},{"@type":"WebSite","@id":"https:\/\/tienda.depuragua.com\/it\/#website","url":"https:\/\/tienda.depuragua.com\/it\/","name":"Depuragua","description":"Depuragua","publisher":{"@id":"https:\/\/tienda.depuragua.com\/it\/#organization"},"potentialAction":[{"@type":"SearchAction","target":{"@type":"EntryPoint","urlTemplate":"https:\/\/tienda.depuragua.com\/it\/?s={search_term_string}"},"query-input":"required name=search_term_string"}],"inLanguage":"it-IT"},{"@type":"Organization","@id":"https:\/\/tienda.depuragua.com\/it\/#organization","name":"Depuragua","url":"https:\/\/tienda.depuragua.com\/it\/","logo":{"@type":"ImageObject","inLanguage":"it-IT","@id":"https:\/\/tienda.depuragua.com\/it\/#\/schema\/logo\/image\/","url":"https:\/\/tienda.depuragua.com\/wp-content\/uploads\/2023\/11\/logodepuragua.png","contentUrl":"https:\/\/tienda.depuragua.com\/wp-content\/uploads\/2023\/11\/logodepuragua.png","width":1000,"height":340,"caption":"Depuragua"},"image":{"@id":"https:\/\/tienda.depuragua.com\/it\/#\/schema\/logo\/image\/"},"sameAs":["https:\/\/www.facebook.com\/depuraguaonline","https:\/\/twitter.com\/AquatechIntl"]}]}},"_links":{"self":[{"href":"https:\/\/tienda.depuragua.com\/it\/wp-json\/wp\/v2\/pages\/286947"}],"collection":[{"href":"https:\/\/tienda.depuragua.com\/it\/wp-json\/wp\/v2\/pages"}],"about":[{"href":"https:\/\/tienda.depuragua.com\/it\/wp-json\/wp\/v2\/types\/page"}],"author":[{"embeddable":true,"href":"https:\/\/tienda.depuragua.com\/it\/wp-json\/wp\/v2\/users\/2"}],"replies":[{"embeddable":true,"href":"https:\/\/tienda.depuragua.com\/it\/wp-json\/wp\/v2\/comments?post=286947"}],"version-history":[{"count":2,"href":"https:\/\/tienda.depuragua.com\/it\/wp-json\/wp\/v2\/pages\/286947\/revisions"}],"predecessor-version":[{"id":286950,"href":"https:\/\/tienda.depuragua.com\/it\/wp-json\/wp\/v2\/pages\/286947\/revisions\/286950"}],"wp:attachment":[{"href":"https:\/\/tienda.depuragua.com\/it\/wp-json\/wp\/v2\/media?parent=286947"}],"curies":[{"name":"wp","href":"https:\/\/api.w.org\/{rel}","templated":true}]}}