{"id":286923,"date":"2019-10-30T09:13:15","date_gmt":"2019-10-30T08:13:15","guid":{"rendered":"https:\/\/nueva.depuragua.com\/?page_id=286923"},"modified":"2023-12-01T12:15:44","modified_gmt":"2023-12-01T11:15:44","slug":"condizioni-generali-di-vendita","status":"publish","type":"page","link":"https:\/\/tienda.depuragua.com\/it\/condizioni-generali-di-vendita\/","title":{"rendered":"Condizioni Generali di Vendita"},"content":{"rendered":"<p>[et_pb_section fb_built=&#8221;1&#8243; theme_builder_area=&#8221;post_content&#8221; _builder_version=&#8221;4.23.1&#8243; _module_preset=&#8221;default&#8221;][et_pb_row _builder_version=&#8221;4.23.1&#8243; _module_preset=&#8221;default&#8221; theme_builder_area=&#8221;post_content&#8221;][et_pb_column _builder_version=&#8221;4.23.1&#8243; _module_preset=&#8221;default&#8221; type=&#8221;4_4&#8243; theme_builder_area=&#8221;post_content&#8221;][et_pb_text _builder_version=&#8221;4.23.1&#8243; _module_preset=&#8221;default&#8221; theme_builder_area=&#8221;post_content&#8221; hover_enabled=&#8221;0&#8243; sticky_enabled=&#8221;0&#8243;]<\/p>\n<h2 style=\"color: #55acef;\">Condizioni Generali di Vendita<\/h2>\n<p>Le presenti condizioni generali di vendita regolano esclusivamente la vendita dei prodotti offerti sul nostro sito web <strong>depuragua.com<\/strong> (di seguito &#8220;WEB&#8221;). Chiunque effettuer\u00e0 un ordine tramite il SITO potr\u00e0 accedere alle presenti condizioni generali di vendita. Tutti i contratti stipulati dal WEB saranno formalizzati in spagnolo.<\/p>\n<p>        Di conseguenza, il fatto di effettuare un ordine costituisce l&#8217;adesione da parte dell&#8217;acquirente alle presenti condizioni generali di vendita.<\/p>\n<h2 style=\"color: #55acef;\">IDENTIFICAZIONE DEI DATI<\/h2>\n<p>Nome dell&#8217;azienda: <span style=\"text-transform: uppercase;\">depuragua.com <\/span> S.L.<br \/>\n        Sede legale: indirizzo: 46190 Ribarroja de Turia.<br \/>\n        CIF: B96830674<\/p>\n<h2 style=\"color: #55acef;\">SERVIZIO CLIENTI<\/h2>\n<p>Per qualsiasi informazione, domanda o consiglio, il nostro servizio clienti \u00e8 a tua disposizione. Puoi contattarci nei seguenti modi:<br \/>\nPer posta &#8211; indirizzo: 46190 Ribarroja de Turia S.L. Sede: Enymar Rubio S.L.<br \/>\nVia e-mail a: pazmargo@gmail.com<br \/>\nPer telefono: +34606671882<\/p>\n<h2 style=\"color: #55acef;\">OFFERTE E PREZZI<\/h2>\n<p>Le offerte promozionali sono valide solo per gli ordini online durante il periodo di validit\u00e0 di detta offerta. I prezzi che appaiono sul SITO sono indicati in Euro (tasse incluse). Tali prezzi non includono il costo della spedizione o le spese di consegna (vedi Consegna) e possono variare nel corso dell&#8217;anno, essendo fatturati secondo la tariffa in vigore al momento dell&#8217;effettuazione dell&#8217;ordine. Le spese di spedizione ammontano a 6\u20ac e la spedizione \u00e8 gratuita per ordini superiori a 50\u20ac. I prodotti saranno di propriet\u00e0 di <span style=\"text-transform: uppercase;\">depuragua.com <\/span> fino al completo pagamento.<br \/>\nPuoi consultare le caratteristiche di ogni prodotto cliccando sulla scheda prodotto.<\/p>\n<h2 style=\"color: #55acef;\">L&#8217;ORDINE<\/h2>\n<p>Effettuando l&#8217;ordine, ti impegni ad accettare le presenti condizioni generali di vendita e dichiari di essere maggiorenne e di avere sufficiente capacit\u00e0 giuridica per contrattare.<\/p>\n<p>        I passaggi per effettuare un ordine sono i seguenti:<\/p>\n<ul>\n<li>Seleziona il prodotto che desideri acquistare e clicca su \u201caggiungi al carrello\u201d, ripeti questa operazione con tutti i prodotti che desideri acquistare.<\/li>\n<li>Quando vuoi procedere al pagamento clicca su \u201cvisualizza carrello\u201d.<\/li>\n<li>Da qui puoi apportare le modifiche desiderate al tuo carrello.<\/li>\n<li>Una volta sicuro, fai clic sul pulsante &#8220;Completa acquisto&#8221;.<\/li>\n<li>Se non sei identificato, ti verr\u00e0 chiesto di registrarti e di inserire le informazioni necessarie per poter effettuare l&#8217;ordine per tuo conto e farlo consegnare all&#8217;indirizzo indicato.<\/li>\n<li>Seleziona il metodo di pagamento, puoi scegliere tra pagamento con PayPal o carta di credito.<\/li>\n<li>Una volta convalidate le informazioni, l&#8217;ordine sar\u00e0 finalizzato.<\/li>\n<\/ul>\n<p>Quando confermi il tuo ordine dichiari di accettarlo, ed \u00e8 necessario accettarlo affinch\u00e9 venga processato correttamente secondo le presenti condizioni di vendita. \u00c8 in questo momento che il tuo ordine viene elaborato dal servizio clienti in modo che tu possa riceverlo. Una volta salvato l&#8217;ordine, riceverai una ricevuta dettagliata al tuo indirizzo email, che indicher\u00e0 l&#8217;importo esatto e le condizioni di consegna dell&#8217;ordine stesso.<br \/>\n        Accetti che i nostri sistemi di registrazione degli ordini costituiscano prova della natura e della data del contratto. <span style=\"text-transform: uppercase;\">depuragua.com <\/span> si riserva il diritto di annullare qualsiasi ordine effettuato o consentire solo il pagamento con carta bancaria a qualsiasi cliente in ritardo nel pagamento o con il quale vi \u00e8 un controversia relativa al pagamento di un ordine precedente, o per qualsiasi altro motivo legittimo dovuto ad irregolarit\u00e0 dell&#8217;ordine.<\/p>\n<h2 style=\"color: #55acef;\">DISPONIBILIT\u00c0 DEL PRODOTTO<\/h2>\n<p>In caso di mancata disponibilit\u00e0 dei prodotti dopo aver effettuato l&#8217;ordine, ci impegniamo ad informarti al pi\u00f9 presto possibile e ad indicare il nuovo periodo in cui riceverai il tuo ordine. In questo caso avrai la possibilit\u00e0 di annullare l&#8217;ordine e rimborsare l&#8217;importo pagato, con lo stesso metodo di pagamento scelto, entro un termine di 14 giorni dalla richiesta di annullamento, oppure potrai chiedere di modificare il tuo ordine chiamando telefonicamente al +34606671882.<\/p>\n<h2 style=\"color: #55acef;\">PAGAMENTO<\/h2>\n<p>Il pagamento degli ordini effettuati sul sito viene effettuato esclusivamente in euro. <span style=\"text-transform: uppercase;\">depuragua.com <\/span> offre all&#8217;utente i seguenti metodi di pagamento:<\/p>\n<ul>\n<li>Con carta bancaria (VISA, Mastercard).<\/li>\n<li>PayPal<\/li>\n<\/ul>\n<p>Il pagamento con carta bancaria \u00e8 totalmente sicuro. L&#8217;intera transazione viene effettuata in forma crittografata attraverso un server di convalida bancaria utilizzando il protocollo di crittografia SSL (tecnologia di crittografia il cui acronimo deriva dal suo nome &#8220;Secure Socket Layer&#8221;). Pertanto, gli acquisti effettuati tramite il pagamento online sono completamente sicuri.<\/p>\n<h2 style=\"color: #55acef;\">CONSEGNA<\/h2>\n<p>La consegna degli ordini verr\u00e0 effettuata in tutta la Spagna secondo le modalit\u00e0, scadenze e limitazioni di seguito indicate. Su vostra richiesta, l&#8217;ordine verr\u00e0 consegnato a:<br \/>\n        Indirizzo privato: consegna entro 2 o 3 giorni lavorativi (dal luned\u00ec al venerd\u00ec) dalla data di conferma dell&#8217;ordine.<\/p>\n<p>        Sta a te fornirci con precisione tutti i dettagli e i documenti di identit\u00e0 necessari sia per la corretta spedizione che per il ritiro del tuo ordine.<br \/>\nNOTA IMPORTANTE: Durante il periodo natalizio, e dato l&#8217;elevato volume di ordini che i nostri distributori logistici devono gestire, nonch\u00e9 l&#8217;accumulo di giorni festivi e non lavorativi, il vostro ordine potrebbe subire ritardi, pertanto, DAL 19 DICEMBRE, NESSUNA CONSEGNA \u00c8 EFFETTUATA TEMPO GARANTITO PER NATALE O TRE TRE COSE GIORNATE.<\/p>\n<h2 style=\"color: #55acef;\">DESISTENZA<\/h2>\n<p>Se il prodotto del tuo ordine non corrisponde alle tue aspettative, puoi esercitare il diritto di recesso entro 14 giorni di calendario dal momento in cui tu, o un terzo da te autorizzato, avete ricevuto il pacco.<\/p>\n<p>        Per esercitare il diritto di recesso, puoi comunicarci per iscritto la tua decisione di recedere (ad esempio via e-mail (pazmargo@gmail.com), lettera, fax, ecc.). Per consentirci di assisterti il \u200b\u200bprima possibile, puoi utilizzare il modello di modulo di recesso che riportiamo di seguito, sebbene il suo utilizzo non sia obbligatorio:<\/p>\n<p>        Modulo di recesso modello:<\/p>\n<p>        All&#8217;attenzione del servizio clienti di <span style=\"text-transform: uppercase;\">depuragua.com <\/span>. Con la presente vi informo di recedere dal contratto di compravendita i cui dettagli sono i seguenti:<\/p>\n<p>        Numero d&#8217;ordine:<br \/>\n        Data richiesta ordine:<br \/>\n        Data di ricezione dell&#8217;ordine:<br \/>\n        Nome e cognome del cliente:<br \/>\n        Indirizzo del cliente:<br \/>\n        Data della richiesta di prelievo:<br \/>\n        Firma del cliente:<br \/>\nConfermeremo la ricezione della tua richiesta e restituiremo l&#8217;importo pagato tramite PayPal, assegno o bonifico bancario entro un periodo di 14 giorni di calendario dal ricevimento della richiesta di recesso, a condizione che il prodotto sia stato restituito.<\/p>\n<p>        L&#8217;esercizio del diritto di recesso comporter\u00e0 il rimborso del prezzo del prodotto restituito e delle spese di spedizione originarie. Dovrai assumerti il \u200b\u200bcosto diretto della restituzione dei prodotti.<\/p>\n<p>        Per motivi di salute o igiene e in base alla normativa applicabile, non potrai ritirare i prodotti cosmetici che siano stati aperti dopo la consegna.<\/p>\n<p>        Nel caso in cui al momento dell&#8217;ordine avessi selezionato un metodo di consegna diverso dalla consegna ordinaria meno costosa, <span style=\"text-transform: uppercase;\">depuragua.com <\/span> non ti rimborser\u00e0 i costi aggiuntivi che derivare da questo.<\/p>\n<h2 style=\"color: #55acef;\">RESPONSABILIT\u00c0<\/h2>\n<p>I prodotti offerti sono conformi alla legislazione spagnola vigente.<br \/>\n        <span style=\"text-transform: uppercase;\">depuragua.com <\/span> non sar\u00e0 responsabile della mancata consegna dell&#8217;ordine a causa di forza maggiore, eventi imprevisti, scioperi dell&#8217;entit\u00e0 stessa, settoriali o generali. ovvero quelle promosse dai lavoratori dei servizi postali e dei trasporti e\/o delle comunicazioni. <span style=\"text-transform: uppercase;\">depuragua.com <\/span> non sar\u00e0 responsabile per i suddetti fatti di danni indiretti, benefici o opportunit\u00e0. <span style=\"text-transform: uppercase;\">depuragua.com <\/span> ricorda che in applicazione delle disposizioni del Codice Civile, i minori non emancipati non hanno capacit\u00e0 contrattuale. Gli ordini destinati ai minorenni devono essere effettuati da chi esercita la potest\u00e0 genitoriale o la tutela. In caso di ottenimento accidentale dei dati di un minore, i genitori o chi ne fa le veci possono opporsi alla loro conservazione e al trattamento.<\/p>\n<p>        I collegamenti ipertestuali possono indirizzarti ad altri siti web. <span style=\"text-transform: uppercase;\">depuragua.com <\/span> declina ogni responsabilit\u00e0 nel caso in cui il loro contenuto contravvenga alle disposizioni legali e regolamentari in vigore.<br \/>\nAllo stesso modo, la societ\u00e0 <span style=\"text-transform: uppercase;\">depuragua.com <\/span> S.L. ricorda che qualsiasi creazione di un collegamento ipertestuale alla pagina ospite di questo sito web o qualsiasi altra pagina di questo sito web \u00e8 soggetta all&#8217;accordo espresso, preventivo e scritto di <span style=\"text-transform: uppercase;\"> depuragua.com < \/intervallo> .<\/p>\n<h2 style=\"color: #55acef;\">MODIFICA DELLE CONDIZIONI GENERALI DI VENDITA<\/h2>\n<p><span style=\"text-transform: uppercase;\">depuragua.com <\/span> si riserva il diritto di adattare o modificare le presenti condizioni generali di vendita in qualsiasi momento. Le nuove condizioni generali di vendita saranno accessibili dal cliente attraverso il sito e saranno applicate solo alle vendite successive alla modifica.<\/p>\n<h2 style=\"color: #55acef;\">RISOLUZIONE E FORO COMPETENTE DELLE CONTROVERSIE<\/h2>\n<p>La fornitura del servizio di questo SITO WEB e le presenti condizioni d&#8217;uso sono regolate dalla legge spagnola. Qualsiasi controversia relativa ai servizi forniti attraverso questo SITO WEB sar\u00e0 risolta tramite i tribunali arbitrali dei consumatori, mediatori o simili a cui LA SOCIET\u00c0 \u00e8 affiliata nel momento in cui si verifica la controversia, nonch\u00e9 i tribunali e i tribunali corrispondenti in conformit\u00e0 con la legislazione spagnola .<\/p>\n<h2 style=\"color: #55acef;\">PIATTAFORMA DI RISOLUZIONE DELLE CONTROVERSIE ONLINE<\/h2>\n<p>La Commissione Europea fornisce una piattaforma di risoluzione delle controversie online, disponibile al seguente link: http:\/\/ec.europa.eu\/consumers\/odr attraverso la quale \u00e8 possibile elaborare i reclami relativi ai contratti stipulati online.<br \/>\n        E-mail di contatto: pazmargo@gmail.com[\/et_pb_text][\/et_pb_column][\/et_pb_row][\/et_pb_section]<\/p>\n","protected":false},"excerpt":{"rendered":"<p>Condizioni Generali di Vendita Le presenti condizioni generali di vendita regolano esclusivamente la vendita dei prodotti offerti sul nostro sito web depuragua.com (di seguito &#8220;WEB&#8221;). Chiunque effettuer\u00e0 un ordine tramite il SITO potr\u00e0 accedere alle presenti condizioni generali di vendita. Tutti i contratti stipulati dal WEB saranno formalizzati in spagnolo. Di conseguenza, il fatto di [&hellip;]<\/p>\n","protected":false},"author":2,"featured_media":0,"parent":0,"menu_order":0,"comment_status":"closed","ping_status":"closed","template":"","meta":{"_et_pb_use_builder":"on","_et_pb_old_content":"","_et_gb_content_width":"","footnotes":""},"yoast_head":"<!-- This site is optimized with the Yoast SEO plugin v22.1 - https:\/\/yoast.com\/wordpress\/plugins\/seo\/ -->\n<title>Condizioni Generali di Vendita - Depuragua<\/title>\n<meta name=\"robots\" content=\"index, follow, max-snippet:-1, max-image-preview:large, max-video-preview:-1\" \/>\n<link rel=\"canonical\" href=\"https:\/\/tienda.depuragua.com\/it\/condizioni-generali-di-vendita\/\" \/>\n<meta property=\"og:locale\" content=\"it_IT\" \/>\n<meta property=\"og:type\" content=\"article\" \/>\n<meta property=\"og:title\" content=\"Condizioni Generali di Vendita - Depuragua\" \/>\n<meta property=\"og:description\" content=\"Condizioni Generali di Vendita Le presenti condizioni generali di vendita regolano esclusivamente la vendita dei prodotti offerti sul nostro sito web depuragua.com (di seguito &quot;WEB&quot;). Chiunque effettuer\u00e0 un ordine tramite il SITO potr\u00e0 accedere alle presenti condizioni generali di vendita. Tutti i contratti stipulati dal WEB saranno formalizzati in spagnolo. Di conseguenza, il fatto di [&hellip;]\" \/>\n<meta property=\"og:url\" content=\"https:\/\/tienda.depuragua.com\/it\/condizioni-generali-di-vendita\/\" \/>\n<meta property=\"og:site_name\" content=\"Depuragua\" \/>\n<meta property=\"article:publisher\" content=\"https:\/\/www.facebook.com\/depuraguaonline\" \/>\n<meta property=\"article:modified_time\" content=\"2023-12-01T11:15:44+00:00\" \/>\n<meta name=\"twitter:card\" content=\"summary_large_image\" \/>\n<meta name=\"twitter:site\" content=\"@AquatechIntl\" \/>\n<meta name=\"twitter:label1\" content=\"Tempo di lettura stimato\" \/>\n\t<meta name=\"twitter:data1\" content=\"7 minuti\" \/>\n<script type=\"application\/ld+json\" class=\"yoast-schema-graph\">{\"@context\":\"https:\/\/schema.org\",\"@graph\":[{\"@type\":\"WebPage\",\"@id\":\"https:\/\/tienda.depuragua.com\/it\/condizioni-generali-di-vendita\/\",\"url\":\"https:\/\/tienda.depuragua.com\/it\/condizioni-generali-di-vendita\/\",\"name\":\"Condizioni Generali di Vendita - Depuragua\",\"isPartOf\":{\"@id\":\"https:\/\/tienda.depuragua.com\/it\/#website\"},\"datePublished\":\"2019-10-30T08:13:15+00:00\",\"dateModified\":\"2023-12-01T11:15:44+00:00\",\"breadcrumb\":{\"@id\":\"https:\/\/tienda.depuragua.com\/it\/condizioni-generali-di-vendita\/#breadcrumb\"},\"inLanguage\":\"it-IT\",\"potentialAction\":[{\"@type\":\"ReadAction\",\"target\":[\"https:\/\/tienda.depuragua.com\/it\/condizioni-generali-di-vendita\/\"]}]},{\"@type\":\"BreadcrumbList\",\"@id\":\"https:\/\/tienda.depuragua.com\/it\/condizioni-generali-di-vendita\/#breadcrumb\",\"itemListElement\":[{\"@type\":\"ListItem\",\"position\":1,\"name\":\"Portada\",\"item\":\"https:\/\/tienda.depuragua.com\/it\/\"},{\"@type\":\"ListItem\",\"position\":2,\"name\":\"Condizioni Generali di Vendita\"}]},{\"@type\":\"WebSite\",\"@id\":\"https:\/\/tienda.depuragua.com\/it\/#website\",\"url\":\"https:\/\/tienda.depuragua.com\/it\/\",\"name\":\"Depuragua\",\"description\":\"Depuragua\",\"publisher\":{\"@id\":\"https:\/\/tienda.depuragua.com\/it\/#organization\"},\"potentialAction\":[{\"@type\":\"SearchAction\",\"target\":{\"@type\":\"EntryPoint\",\"urlTemplate\":\"https:\/\/tienda.depuragua.com\/it\/?s={search_term_string}\"},\"query-input\":\"required name=search_term_string\"}],\"inLanguage\":\"it-IT\"},{\"@type\":\"Organization\",\"@id\":\"https:\/\/tienda.depuragua.com\/it\/#organization\",\"name\":\"Depuragua\",\"url\":\"https:\/\/tienda.depuragua.com\/it\/\",\"logo\":{\"@type\":\"ImageObject\",\"inLanguage\":\"it-IT\",\"@id\":\"https:\/\/tienda.depuragua.com\/it\/#\/schema\/logo\/image\/\",\"url\":\"https:\/\/tienda.depuragua.com\/wp-content\/uploads\/2023\/11\/logodepuragua.png\",\"contentUrl\":\"https:\/\/tienda.depuragua.com\/wp-content\/uploads\/2023\/11\/logodepuragua.png\",\"width\":1000,\"height\":340,\"caption\":\"Depuragua\"},\"image\":{\"@id\":\"https:\/\/tienda.depuragua.com\/it\/#\/schema\/logo\/image\/\"},\"sameAs\":[\"https:\/\/www.facebook.com\/depuraguaonline\",\"https:\/\/twitter.com\/AquatechIntl\"]}]}<\/script>\n<!-- \/ Yoast SEO plugin. -->","yoast_head_json":{"title":"Condizioni Generali di Vendita - Depuragua","robots":{"index":"index","follow":"follow","max-snippet":"max-snippet:-1","max-image-preview":"max-image-preview:large","max-video-preview":"max-video-preview:-1"},"canonical":"https:\/\/tienda.depuragua.com\/it\/condizioni-generali-di-vendita\/","og_locale":"it_IT","og_type":"article","og_title":"Condizioni Generali di Vendita - Depuragua","og_description":"Condizioni Generali di Vendita Le presenti condizioni generali di vendita regolano esclusivamente la vendita dei prodotti offerti sul nostro sito web depuragua.com (di seguito \"WEB\"). Chiunque effettuer\u00e0 un ordine tramite il SITO potr\u00e0 accedere alle presenti condizioni generali di vendita. Tutti i contratti stipulati dal WEB saranno formalizzati in spagnolo. Di conseguenza, il fatto di [&hellip;]","og_url":"https:\/\/tienda.depuragua.com\/it\/condizioni-generali-di-vendita\/","og_site_name":"Depuragua","article_publisher":"https:\/\/www.facebook.com\/depuraguaonline","article_modified_time":"2023-12-01T11:15:44+00:00","twitter_card":"summary_large_image","twitter_site":"@AquatechIntl","twitter_misc":{"Tempo di lettura stimato":"7 minuti"},"schema":{"@context":"https:\/\/schema.org","@graph":[{"@type":"WebPage","@id":"https:\/\/tienda.depuragua.com\/it\/condizioni-generali-di-vendita\/","url":"https:\/\/tienda.depuragua.com\/it\/condizioni-generali-di-vendita\/","name":"Condizioni Generali di Vendita - Depuragua","isPartOf":{"@id":"https:\/\/tienda.depuragua.com\/it\/#website"},"datePublished":"2019-10-30T08:13:15+00:00","dateModified":"2023-12-01T11:15:44+00:00","breadcrumb":{"@id":"https:\/\/tienda.depuragua.com\/it\/condizioni-generali-di-vendita\/#breadcrumb"},"inLanguage":"it-IT","potentialAction":[{"@type":"ReadAction","target":["https:\/\/tienda.depuragua.com\/it\/condizioni-generali-di-vendita\/"]}]},{"@type":"BreadcrumbList","@id":"https:\/\/tienda.depuragua.com\/it\/condizioni-generali-di-vendita\/#breadcrumb","itemListElement":[{"@type":"ListItem","position":1,"name":"Portada","item":"https:\/\/tienda.depuragua.com\/it\/"},{"@type":"ListItem","position":2,"name":"Condizioni Generali di Vendita"}]},{"@type":"WebSite","@id":"https:\/\/tienda.depuragua.com\/it\/#website","url":"https:\/\/tienda.depuragua.com\/it\/","name":"Depuragua","description":"Depuragua","publisher":{"@id":"https:\/\/tienda.depuragua.com\/it\/#organization"},"potentialAction":[{"@type":"SearchAction","target":{"@type":"EntryPoint","urlTemplate":"https:\/\/tienda.depuragua.com\/it\/?s={search_term_string}"},"query-input":"required name=search_term_string"}],"inLanguage":"it-IT"},{"@type":"Organization","@id":"https:\/\/tienda.depuragua.com\/it\/#organization","name":"Depuragua","url":"https:\/\/tienda.depuragua.com\/it\/","logo":{"@type":"ImageObject","inLanguage":"it-IT","@id":"https:\/\/tienda.depuragua.com\/it\/#\/schema\/logo\/image\/","url":"https:\/\/tienda.depuragua.com\/wp-content\/uploads\/2023\/11\/logodepuragua.png","contentUrl":"https:\/\/tienda.depuragua.com\/wp-content\/uploads\/2023\/11\/logodepuragua.png","width":1000,"height":340,"caption":"Depuragua"},"image":{"@id":"https:\/\/tienda.depuragua.com\/it\/#\/schema\/logo\/image\/"},"sameAs":["https:\/\/www.facebook.com\/depuraguaonline","https:\/\/twitter.com\/AquatechIntl"]}]}},"_links":{"self":[{"href":"https:\/\/tienda.depuragua.com\/it\/wp-json\/wp\/v2\/pages\/286923"}],"collection":[{"href":"https:\/\/tienda.depuragua.com\/it\/wp-json\/wp\/v2\/pages"}],"about":[{"href":"https:\/\/tienda.depuragua.com\/it\/wp-json\/wp\/v2\/types\/page"}],"author":[{"embeddable":true,"href":"https:\/\/tienda.depuragua.com\/it\/wp-json\/wp\/v2\/users\/2"}],"replies":[{"embeddable":true,"href":"https:\/\/tienda.depuragua.com\/it\/wp-json\/wp\/v2\/comments?post=286923"}],"version-history":[{"count":2,"href":"https:\/\/tienda.depuragua.com\/it\/wp-json\/wp\/v2\/pages\/286923\/revisions"}],"predecessor-version":[{"id":286926,"href":"https:\/\/tienda.depuragua.com\/it\/wp-json\/wp\/v2\/pages\/286923\/revisions\/286926"}],"wp:attachment":[{"href":"https:\/\/tienda.depuragua.com\/it\/wp-json\/wp\/v2\/media?parent=286923"}],"curies":[{"name":"wp","href":"https:\/\/api.w.org\/{rel}","templated":true}]}}