{"id":250048,"date":"2022-01-02T18:42:49","date_gmt":"2022-01-02T17:42:49","guid":{"rendered":"https:\/\/nueva.depuragua.com\/producto\/osmoseur-inverse-compact-snow-bar-800-gpd-debit-direct-3200-litres-jour\/"},"modified":"2022-01-02T18:42:49","modified_gmt":"2022-01-02T17:42:49","slug":"osmoseur-inverse-compact-snow-bar-800-gpd-debit-direct-3200-litres-jour","status":"publish","type":"product","link":"https:\/\/tienda.depuragua.com\/fr\/producto\/osmoseur-inverse-compact-snow-bar-800-gpd-debit-direct-3200-litres-jour\/","title":{"rendered":"Osmoseur inverse compact Snow Bar 800 GPD. D\u00e9bit direct 3.200 litres \/ jour"},"content":{"rendered":"<p>Syst\u00e8me d&#8217;osmose inverse haute performance<\/p>\n<p>Emplacement et installation ultra compacts et tr\u00e8s faciles<\/p>\n<p>Avec pompe, lavage automatique, capteur maximum et minimum<\/p>\n<p>D\u00e9bit direct 800 GPD (3200 litres par jour)<\/p>\n<p>Changement de filtre simple<\/p>\n<\/p>\n<p>Dimensions: Largeur 24 cm X Hauteur 41 cm X Profondeur 43 cm<\/p>\n<p>L&#8217;\u00e9quipement comprend:<\/p>\n<p>Equipement complet<br \/>1 syst\u00e8me d&#8217;osmose inverse avec pompe \u00e0 pression<br \/>1 pompe \u00e0 pression incluse dans l&#8217;\u00e9quipement<br \/>1 robinet de sortie d&#8217;eau<\/p>\n<p>Tous les filtres n\u00e9cessaires<\/p>\n<p>Toutes les pi\u00e8ces n\u00e9cessaires au montage<br \/>1 valve de raccordement r\u00e9servoir<br \/>1 soupape d&#8217;admission d&#8217;eau<br \/>1 valve de sortie eau trait\u00e9e<br \/>1 kit de montage complet<br \/>1 raccord de vidange<br \/>1 Manuel d&#8217;instructions<br \/>1 conduite d&#8217;eau de 1 \u00e0 2 m\u00e8tres<br \/>1 tuyau de vidange de 1 \u00e0 2 m\u00e8tres<br \/>1 tube d&#8217;eau propre de 1 \u00e0 2 m\u00e8tres<\/p>\n","protected":false},"excerpt":{"rendered":"<p>Syst\u00e8me d&#8217;osmose inverse haute performance<\/p>\n<p>Emplacement et installation ultra compacts et tr\u00e8s faciles<\/p>\n<p>Avec pompe, lavage automatique, capteur maximum et minimum<\/p>\n<p>D\u00e9bit direct 800 GPD (3200 litres par jour)<\/p>\n<p>Changement de filtre simple<\/p>\n","protected":false},"featured_media":286370,"comment_status":"open","ping_status":"closed","template":"","meta":{"_et_pb_use_builder":"","_et_pb_old_content":"","_et_gb_content_width":""},"product_cat":[1757],"product_tag":[],"yoast_head":"<!-- This site is optimized with the Yoast SEO plugin v22.1 - https:\/\/yoast.com\/wordpress\/plugins\/seo\/ -->\n<title>Osmoseur inverse compact Snow Bar 800 GPD. D\u00e9bit direct 3.200 litres \/ jour - Depuragua<\/title>\n<meta name=\"robots\" content=\"index, follow, max-snippet:-1, max-image-preview:large, max-video-preview:-1\" \/>\n<link rel=\"canonical\" href=\"https:\/\/tienda.depuragua.com\/fr\/producto\/osmoseur-inverse-compact-snow-bar-800-gpd-debit-direct-3200-litres-jour\/\" \/>\n<meta property=\"og:locale\" content=\"fr_FR\" \/>\n<meta property=\"og:type\" content=\"article\" \/>\n<meta property=\"og:title\" content=\"Osmoseur inverse compact Snow Bar 800 GPD. D\u00e9bit direct 3.200 litres \/ jour - Depuragua\" \/>\n<meta property=\"og:description\" content=\"Syst\u00e8me d&#039;osmose inverse haute performance Emplacement et installation ultra compacts et tr\u00e8s faciles Avec pompe, lavage automatique, capteur maximum et minimum D\u00e9bit direct 800 GPD (3200 litres par jour) Changement de filtre simple\" \/>\n<meta property=\"og:url\" content=\"https:\/\/tienda.depuragua.com\/fr\/producto\/osmoseur-inverse-compact-snow-bar-800-gpd-debit-direct-3200-litres-jour\/\" \/>\n<meta property=\"og:site_name\" content=\"Depuragua\" \/>\n<meta property=\"article:publisher\" content=\"https:\/\/www.facebook.com\/depuraguaonline\" \/>\n<meta property=\"og:image\" content=\"https:\/\/tienda.depuragua.com\/wp-content\/uploads\/2022\/01\/937-thickbox_default-Osmoseur-residentiel-compact-pompe-N02T.jpg\" \/>\n\t<meta property=\"og:image:width\" content=\"800\" \/>\n\t<meta property=\"og:image:height\" content=\"800\" \/>\n\t<meta property=\"og:image:type\" content=\"image\/jpeg\" \/>\n<meta name=\"twitter:card\" content=\"summary_large_image\" \/>\n<meta name=\"twitter:site\" content=\"@AquatechIntl\" \/>\n<meta name=\"twitter:label1\" content=\"Dur\u00e9e de lecture estim\u00e9e\" \/>\n\t<meta name=\"twitter:data1\" content=\"1 minute\" \/>\n<script type=\"application\/ld+json\" class=\"yoast-schema-graph\">{\"@context\":\"https:\/\/schema.org\",\"@graph\":[{\"@type\":\"WebPage\",\"@id\":\"https:\/\/tienda.depuragua.com\/fr\/producto\/osmoseur-inverse-compact-snow-bar-800-gpd-debit-direct-3200-litres-jour\/\",\"url\":\"https:\/\/tienda.depuragua.com\/fr\/producto\/osmoseur-inverse-compact-snow-bar-800-gpd-debit-direct-3200-litres-jour\/\",\"name\":\"Osmoseur inverse compact Snow Bar 800 GPD. D\u00e9bit direct 3.200 litres \/ jour - Depuragua\",\"isPartOf\":{\"@id\":\"https:\/\/tienda.depuragua.com\/fr\/#website\"},\"datePublished\":\"2022-01-02T17:42:49+00:00\",\"dateModified\":\"2022-01-02T17:42:49+00:00\",\"breadcrumb\":{\"@id\":\"https:\/\/tienda.depuragua.com\/fr\/producto\/osmoseur-inverse-compact-snow-bar-800-gpd-debit-direct-3200-litres-jour\/#breadcrumb\"},\"inLanguage\":\"fr-FR\",\"potentialAction\":[{\"@type\":\"ReadAction\",\"target\":[\"https:\/\/tienda.depuragua.com\/fr\/producto\/osmoseur-inverse-compact-snow-bar-800-gpd-debit-direct-3200-litres-jour\/\"]}]},{\"@type\":\"BreadcrumbList\",\"@id\":\"https:\/\/tienda.depuragua.com\/fr\/producto\/osmoseur-inverse-compact-snow-bar-800-gpd-debit-direct-3200-litres-jour\/#breadcrumb\",\"itemListElement\":[{\"@type\":\"ListItem\",\"position\":1,\"name\":\"Portada\",\"item\":\"https:\/\/tienda.depuragua.com\/fr\/\"},{\"@type\":\"ListItem\",\"position\":2,\"name\":\"Magasin\",\"item\":\"https:\/\/tienda.depuragua.com\/\"},{\"@type\":\"ListItem\",\"position\":3,\"name\":\"Osmoseur inverse compact Snow Bar 800 GPD. D\u00e9bit direct 3.200 litres \/ jour\"}]},{\"@type\":\"WebSite\",\"@id\":\"https:\/\/tienda.depuragua.com\/fr\/#website\",\"url\":\"https:\/\/tienda.depuragua.com\/fr\/\",\"name\":\"Depuragua\",\"description\":\"Depuragua\",\"publisher\":{\"@id\":\"https:\/\/tienda.depuragua.com\/fr\/#organization\"},\"potentialAction\":[{\"@type\":\"SearchAction\",\"target\":{\"@type\":\"EntryPoint\",\"urlTemplate\":\"https:\/\/tienda.depuragua.com\/fr\/?s={search_term_string}\"},\"query-input\":\"required name=search_term_string\"}],\"inLanguage\":\"fr-FR\"},{\"@type\":\"Organization\",\"@id\":\"https:\/\/tienda.depuragua.com\/fr\/#organization\",\"name\":\"Depuragua\",\"url\":\"https:\/\/tienda.depuragua.com\/fr\/\",\"logo\":{\"@type\":\"ImageObject\",\"inLanguage\":\"fr-FR\",\"@id\":\"https:\/\/tienda.depuragua.com\/fr\/#\/schema\/logo\/image\/\",\"url\":\"https:\/\/tienda.depuragua.com\/wp-content\/uploads\/2023\/11\/logodepuragua.png\",\"contentUrl\":\"https:\/\/tienda.depuragua.com\/wp-content\/uploads\/2023\/11\/logodepuragua.png\",\"width\":1000,\"height\":340,\"caption\":\"Depuragua\"},\"image\":{\"@id\":\"https:\/\/tienda.depuragua.com\/fr\/#\/schema\/logo\/image\/\"},\"sameAs\":[\"https:\/\/www.facebook.com\/depuraguaonline\",\"https:\/\/twitter.com\/AquatechIntl\"]}]}<\/script>\n<!-- \/ Yoast SEO plugin. -->","yoast_head_json":{"title":"Osmoseur inverse compact Snow Bar 800 GPD. D\u00e9bit direct 3.200 litres \/ jour - Depuragua","robots":{"index":"index","follow":"follow","max-snippet":"max-snippet:-1","max-image-preview":"max-image-preview:large","max-video-preview":"max-video-preview:-1"},"canonical":"https:\/\/tienda.depuragua.com\/fr\/producto\/osmoseur-inverse-compact-snow-bar-800-gpd-debit-direct-3200-litres-jour\/","og_locale":"fr_FR","og_type":"article","og_title":"Osmoseur inverse compact Snow Bar 800 GPD. D\u00e9bit direct 3.200 litres \/ jour - Depuragua","og_description":"Syst\u00e8me d'osmose inverse haute performance Emplacement et installation ultra compacts et tr\u00e8s faciles Avec pompe, lavage automatique, capteur maximum et minimum D\u00e9bit direct 800 GPD (3200 litres par jour) Changement de filtre simple","og_url":"https:\/\/tienda.depuragua.com\/fr\/producto\/osmoseur-inverse-compact-snow-bar-800-gpd-debit-direct-3200-litres-jour\/","og_site_name":"Depuragua","article_publisher":"https:\/\/www.facebook.com\/depuraguaonline","og_image":[{"width":800,"height":800,"url":"https:\/\/tienda.depuragua.com\/wp-content\/uploads\/2022\/01\/937-thickbox_default-Osmoseur-residentiel-compact-pompe-N02T.jpg","type":"image\/jpeg"}],"twitter_card":"summary_large_image","twitter_site":"@AquatechIntl","twitter_misc":{"Dur\u00e9e de lecture estim\u00e9e":"1 minute"},"schema":{"@context":"https:\/\/schema.org","@graph":[{"@type":"WebPage","@id":"https:\/\/tienda.depuragua.com\/fr\/producto\/osmoseur-inverse-compact-snow-bar-800-gpd-debit-direct-3200-litres-jour\/","url":"https:\/\/tienda.depuragua.com\/fr\/producto\/osmoseur-inverse-compact-snow-bar-800-gpd-debit-direct-3200-litres-jour\/","name":"Osmoseur inverse compact Snow Bar 800 GPD. D\u00e9bit direct 3.200 litres \/ jour - Depuragua","isPartOf":{"@id":"https:\/\/tienda.depuragua.com\/fr\/#website"},"datePublished":"2022-01-02T17:42:49+00:00","dateModified":"2022-01-02T17:42:49+00:00","breadcrumb":{"@id":"https:\/\/tienda.depuragua.com\/fr\/producto\/osmoseur-inverse-compact-snow-bar-800-gpd-debit-direct-3200-litres-jour\/#breadcrumb"},"inLanguage":"fr-FR","potentialAction":[{"@type":"ReadAction","target":["https:\/\/tienda.depuragua.com\/fr\/producto\/osmoseur-inverse-compact-snow-bar-800-gpd-debit-direct-3200-litres-jour\/"]}]},{"@type":"BreadcrumbList","@id":"https:\/\/tienda.depuragua.com\/fr\/producto\/osmoseur-inverse-compact-snow-bar-800-gpd-debit-direct-3200-litres-jour\/#breadcrumb","itemListElement":[{"@type":"ListItem","position":1,"name":"Portada","item":"https:\/\/tienda.depuragua.com\/fr\/"},{"@type":"ListItem","position":2,"name":"Magasin","item":"https:\/\/tienda.depuragua.com\/"},{"@type":"ListItem","position":3,"name":"Osmoseur inverse compact Snow Bar 800 GPD. D\u00e9bit direct 3.200 litres \/ jour"}]},{"@type":"WebSite","@id":"https:\/\/tienda.depuragua.com\/fr\/#website","url":"https:\/\/tienda.depuragua.com\/fr\/","name":"Depuragua","description":"Depuragua","publisher":{"@id":"https:\/\/tienda.depuragua.com\/fr\/#organization"},"potentialAction":[{"@type":"SearchAction","target":{"@type":"EntryPoint","urlTemplate":"https:\/\/tienda.depuragua.com\/fr\/?s={search_term_string}"},"query-input":"required name=search_term_string"}],"inLanguage":"fr-FR"},{"@type":"Organization","@id":"https:\/\/tienda.depuragua.com\/fr\/#organization","name":"Depuragua","url":"https:\/\/tienda.depuragua.com\/fr\/","logo":{"@type":"ImageObject","inLanguage":"fr-FR","@id":"https:\/\/tienda.depuragua.com\/fr\/#\/schema\/logo\/image\/","url":"https:\/\/tienda.depuragua.com\/wp-content\/uploads\/2023\/11\/logodepuragua.png","contentUrl":"https:\/\/tienda.depuragua.com\/wp-content\/uploads\/2023\/11\/logodepuragua.png","width":1000,"height":340,"caption":"Depuragua"},"image":{"@id":"https:\/\/tienda.depuragua.com\/fr\/#\/schema\/logo\/image\/"},"sameAs":["https:\/\/www.facebook.com\/depuraguaonline","https:\/\/twitter.com\/AquatechIntl"]}]}},"_links":{"self":[{"href":"https:\/\/tienda.depuragua.com\/fr\/wp-json\/wp\/v2\/product\/250048"}],"collection":[{"href":"https:\/\/tienda.depuragua.com\/fr\/wp-json\/wp\/v2\/product"}],"about":[{"href":"https:\/\/tienda.depuragua.com\/fr\/wp-json\/wp\/v2\/types\/product"}],"replies":[{"embeddable":true,"href":"https:\/\/tienda.depuragua.com\/fr\/wp-json\/wp\/v2\/comments?post=250048"}],"wp:featuredmedia":[{"embeddable":true,"href":"https:\/\/tienda.depuragua.com\/fr\/wp-json\/wp\/v2\/media\/286370"}],"wp:attachment":[{"href":"https:\/\/tienda.depuragua.com\/fr\/wp-json\/wp\/v2\/media?parent=250048"}],"wp:term":[{"taxonomy":"product_cat","embeddable":true,"href":"https:\/\/tienda.depuragua.com\/fr\/wp-json\/wp\/v2\/product_cat?post=250048"},{"taxonomy":"product_tag","embeddable":true,"href":"https:\/\/tienda.depuragua.com\/fr\/wp-json\/wp\/v2\/product_tag?post=250048"}],"curies":[{"name":"wp","href":"https:\/\/api.w.org\/{rel}","templated":true}]}}