{"id":249847,"date":"2020-07-02T19:15:17","date_gmt":"2020-07-02T18:15:17","guid":{"rendered":"https:\/\/nueva.depuragua.com\/producto\/carte-d-outils-multifonction-acier-inoxidable-11-fonctions\/"},"modified":"2020-07-02T19:15:17","modified_gmt":"2020-07-02T18:15:17","slug":"carte-d-outils-multifonction-acier-inoxidable-11-fonctions","status":"publish","type":"product","link":"https:\/\/tienda.depuragua.com\/fr\/producto\/carte-d-outils-multifonction-acier-inoxidable-11-fonctions\/","title":{"rendered":"Carte d&#8217;outils multifonction. Acier inoxidable. 11 fonctions."},"content":{"rendered":"<p>L&#8217;outil de carte multifonction 11 utilise.<\/p>\n<p>Il est fabriqu\u00e9 en acier inoxydable de haute qualit\u00e9, durable et antioxydant, pour une utilisation \u00e0 long terme.<\/p>\n<p>Taille de carte de cr\u00e9dit, s&#8217;int\u00e8gre parfaitement dans un portefeuille ou un sac \u00e0 main.<\/p>\n<p>Cela vous \u00e9vitera des ennuis plus d&#8217;une fois<\/p>\n<p>Comprend une housse de protection<\/p>\n","protected":false},"excerpt":{"rendered":"<p>L&#8217;outil de carte multifonction 11 utilise.<\/p>\n<p>Il est fabriqu\u00e9 en acier inoxydable de haute qualit\u00e9, durable et antioxydant, pour une utilisation \u00e0 long terme.<\/p>\n<p>Taille de carte de cr\u00e9dit, s&#8217;int\u00e8gre parfaitement dans un portefeuille ou un sac \u00e0 main.<\/p>\n<p>Cela vous \u00e9vitera des ennuis plus d&#8217;une fois<\/p>\n<p>Comprend une housse de protection<\/p>\n","protected":false},"featured_media":286748,"comment_status":"open","ping_status":"closed","template":"","meta":{"_et_pb_use_builder":"","_et_pb_old_content":"","_et_gb_content_width":""},"product_cat":[1769],"product_tag":[],"yoast_head":"<!-- This site is optimized with the Yoast SEO plugin v22.1 - https:\/\/yoast.com\/wordpress\/plugins\/seo\/ -->\n<title>Carte d&#039;outils multifonction. Acier inoxidable. 11 fonctions. - Depuragua<\/title>\n<meta name=\"robots\" content=\"index, follow, max-snippet:-1, max-image-preview:large, max-video-preview:-1\" \/>\n<link rel=\"canonical\" href=\"https:\/\/tienda.depuragua.com\/fr\/producto\/carte-d-outils-multifonction-acier-inoxidable-11-fonctions\/\" \/>\n<meta property=\"og:locale\" content=\"fr_FR\" \/>\n<meta property=\"og:type\" content=\"article\" \/>\n<meta property=\"og:title\" content=\"Carte d&#039;outils multifonction. Acier inoxidable. 11 fonctions. - Depuragua\" \/>\n<meta property=\"og:description\" content=\"L&#039;outil de carte multifonction 11 utilise. Il est fabriqu\u00e9 en acier inoxydable de haute qualit\u00e9, durable et antioxydant, pour une utilisation \u00e0 long terme. Taille de carte de cr\u00e9dit, s&#039;int\u00e8gre parfaitement dans un portefeuille ou un sac \u00e0 main. Cela vous \u00e9vitera des ennuis plus d&#039;une fois Comprend une housse de protection\" \/>\n<meta property=\"og:url\" content=\"https:\/\/tienda.depuragua.com\/fr\/producto\/carte-d-outils-multifonction-acier-inoxidable-11-fonctions\/\" \/>\n<meta property=\"og:site_name\" content=\"Depuragua\" \/>\n<meta property=\"article:publisher\" content=\"https:\/\/www.facebook.com\/depuraguaonline\" \/>\n<meta property=\"og:image\" content=\"https:\/\/tienda.depuragua.com\/wp-content\/uploads\/2020\/07\/797-thickbox_default-Carte-doutils-multifonction.-Acier-inoxidable.-11-fonctions.jpg\" \/>\n\t<meta property=\"og:image:width\" content=\"800\" \/>\n\t<meta property=\"og:image:height\" content=\"800\" \/>\n\t<meta property=\"og:image:type\" content=\"image\/jpeg\" \/>\n<meta name=\"twitter:card\" content=\"summary_large_image\" \/>\n<meta name=\"twitter:site\" content=\"@AquatechIntl\" \/>\n<script type=\"application\/ld+json\" class=\"yoast-schema-graph\">{\"@context\":\"https:\/\/schema.org\",\"@graph\":[{\"@type\":\"WebPage\",\"@id\":\"https:\/\/tienda.depuragua.com\/fr\/producto\/carte-d-outils-multifonction-acier-inoxidable-11-fonctions\/\",\"url\":\"https:\/\/tienda.depuragua.com\/fr\/producto\/carte-d-outils-multifonction-acier-inoxidable-11-fonctions\/\",\"name\":\"Carte d'outils multifonction. Acier inoxidable. 11 fonctions. - Depuragua\",\"isPartOf\":{\"@id\":\"https:\/\/tienda.depuragua.com\/fr\/#website\"},\"datePublished\":\"2020-07-02T18:15:17+00:00\",\"dateModified\":\"2020-07-02T18:15:17+00:00\",\"breadcrumb\":{\"@id\":\"https:\/\/tienda.depuragua.com\/fr\/producto\/carte-d-outils-multifonction-acier-inoxidable-11-fonctions\/#breadcrumb\"},\"inLanguage\":\"fr-FR\",\"potentialAction\":[{\"@type\":\"ReadAction\",\"target\":[\"https:\/\/tienda.depuragua.com\/fr\/producto\/carte-d-outils-multifonction-acier-inoxidable-11-fonctions\/\"]}]},{\"@type\":\"BreadcrumbList\",\"@id\":\"https:\/\/tienda.depuragua.com\/fr\/producto\/carte-d-outils-multifonction-acier-inoxidable-11-fonctions\/#breadcrumb\",\"itemListElement\":[{\"@type\":\"ListItem\",\"position\":1,\"name\":\"Portada\",\"item\":\"https:\/\/tienda.depuragua.com\/fr\/\"},{\"@type\":\"ListItem\",\"position\":2,\"name\":\"Magasin\",\"item\":\"https:\/\/tienda.depuragua.com\/\"},{\"@type\":\"ListItem\",\"position\":3,\"name\":\"Carte d&#8217;outils multifonction. Acier inoxidable. 11 fonctions.\"}]},{\"@type\":\"WebSite\",\"@id\":\"https:\/\/tienda.depuragua.com\/fr\/#website\",\"url\":\"https:\/\/tienda.depuragua.com\/fr\/\",\"name\":\"Depuragua\",\"description\":\"Depuragua\",\"publisher\":{\"@id\":\"https:\/\/tienda.depuragua.com\/fr\/#organization\"},\"potentialAction\":[{\"@type\":\"SearchAction\",\"target\":{\"@type\":\"EntryPoint\",\"urlTemplate\":\"https:\/\/tienda.depuragua.com\/fr\/?s={search_term_string}\"},\"query-input\":\"required name=search_term_string\"}],\"inLanguage\":\"fr-FR\"},{\"@type\":\"Organization\",\"@id\":\"https:\/\/tienda.depuragua.com\/fr\/#organization\",\"name\":\"Depuragua\",\"url\":\"https:\/\/tienda.depuragua.com\/fr\/\",\"logo\":{\"@type\":\"ImageObject\",\"inLanguage\":\"fr-FR\",\"@id\":\"https:\/\/tienda.depuragua.com\/fr\/#\/schema\/logo\/image\/\",\"url\":\"https:\/\/tienda.depuragua.com\/wp-content\/uploads\/2023\/11\/logodepuragua.png\",\"contentUrl\":\"https:\/\/tienda.depuragua.com\/wp-content\/uploads\/2023\/11\/logodepuragua.png\",\"width\":1000,\"height\":340,\"caption\":\"Depuragua\"},\"image\":{\"@id\":\"https:\/\/tienda.depuragua.com\/fr\/#\/schema\/logo\/image\/\"},\"sameAs\":[\"https:\/\/www.facebook.com\/depuraguaonline\",\"https:\/\/twitter.com\/AquatechIntl\"]}]}<\/script>\n<!-- \/ Yoast SEO plugin. -->","yoast_head_json":{"title":"Carte d'outils multifonction. Acier inoxidable. 11 fonctions. - Depuragua","robots":{"index":"index","follow":"follow","max-snippet":"max-snippet:-1","max-image-preview":"max-image-preview:large","max-video-preview":"max-video-preview:-1"},"canonical":"https:\/\/tienda.depuragua.com\/fr\/producto\/carte-d-outils-multifonction-acier-inoxidable-11-fonctions\/","og_locale":"fr_FR","og_type":"article","og_title":"Carte d'outils multifonction. Acier inoxidable. 11 fonctions. - Depuragua","og_description":"L'outil de carte multifonction 11 utilise. Il est fabriqu\u00e9 en acier inoxydable de haute qualit\u00e9, durable et antioxydant, pour une utilisation \u00e0 long terme. Taille de carte de cr\u00e9dit, s'int\u00e8gre parfaitement dans un portefeuille ou un sac \u00e0 main. Cela vous \u00e9vitera des ennuis plus d'une fois Comprend une housse de protection","og_url":"https:\/\/tienda.depuragua.com\/fr\/producto\/carte-d-outils-multifonction-acier-inoxidable-11-fonctions\/","og_site_name":"Depuragua","article_publisher":"https:\/\/www.facebook.com\/depuraguaonline","og_image":[{"width":800,"height":800,"url":"https:\/\/tienda.depuragua.com\/wp-content\/uploads\/2020\/07\/797-thickbox_default-Carte-doutils-multifonction.-Acier-inoxidable.-11-fonctions.jpg","type":"image\/jpeg"}],"twitter_card":"summary_large_image","twitter_site":"@AquatechIntl","schema":{"@context":"https:\/\/schema.org","@graph":[{"@type":"WebPage","@id":"https:\/\/tienda.depuragua.com\/fr\/producto\/carte-d-outils-multifonction-acier-inoxidable-11-fonctions\/","url":"https:\/\/tienda.depuragua.com\/fr\/producto\/carte-d-outils-multifonction-acier-inoxidable-11-fonctions\/","name":"Carte d'outils multifonction. Acier inoxidable. 11 fonctions. - Depuragua","isPartOf":{"@id":"https:\/\/tienda.depuragua.com\/fr\/#website"},"datePublished":"2020-07-02T18:15:17+00:00","dateModified":"2020-07-02T18:15:17+00:00","breadcrumb":{"@id":"https:\/\/tienda.depuragua.com\/fr\/producto\/carte-d-outils-multifonction-acier-inoxidable-11-fonctions\/#breadcrumb"},"inLanguage":"fr-FR","potentialAction":[{"@type":"ReadAction","target":["https:\/\/tienda.depuragua.com\/fr\/producto\/carte-d-outils-multifonction-acier-inoxidable-11-fonctions\/"]}]},{"@type":"BreadcrumbList","@id":"https:\/\/tienda.depuragua.com\/fr\/producto\/carte-d-outils-multifonction-acier-inoxidable-11-fonctions\/#breadcrumb","itemListElement":[{"@type":"ListItem","position":1,"name":"Portada","item":"https:\/\/tienda.depuragua.com\/fr\/"},{"@type":"ListItem","position":2,"name":"Magasin","item":"https:\/\/tienda.depuragua.com\/"},{"@type":"ListItem","position":3,"name":"Carte d&#8217;outils multifonction. Acier inoxidable. 11 fonctions."}]},{"@type":"WebSite","@id":"https:\/\/tienda.depuragua.com\/fr\/#website","url":"https:\/\/tienda.depuragua.com\/fr\/","name":"Depuragua","description":"Depuragua","publisher":{"@id":"https:\/\/tienda.depuragua.com\/fr\/#organization"},"potentialAction":[{"@type":"SearchAction","target":{"@type":"EntryPoint","urlTemplate":"https:\/\/tienda.depuragua.com\/fr\/?s={search_term_string}"},"query-input":"required name=search_term_string"}],"inLanguage":"fr-FR"},{"@type":"Organization","@id":"https:\/\/tienda.depuragua.com\/fr\/#organization","name":"Depuragua","url":"https:\/\/tienda.depuragua.com\/fr\/","logo":{"@type":"ImageObject","inLanguage":"fr-FR","@id":"https:\/\/tienda.depuragua.com\/fr\/#\/schema\/logo\/image\/","url":"https:\/\/tienda.depuragua.com\/wp-content\/uploads\/2023\/11\/logodepuragua.png","contentUrl":"https:\/\/tienda.depuragua.com\/wp-content\/uploads\/2023\/11\/logodepuragua.png","width":1000,"height":340,"caption":"Depuragua"},"image":{"@id":"https:\/\/tienda.depuragua.com\/fr\/#\/schema\/logo\/image\/"},"sameAs":["https:\/\/www.facebook.com\/depuraguaonline","https:\/\/twitter.com\/AquatechIntl"]}]}},"_links":{"self":[{"href":"https:\/\/tienda.depuragua.com\/fr\/wp-json\/wp\/v2\/product\/249847"}],"collection":[{"href":"https:\/\/tienda.depuragua.com\/fr\/wp-json\/wp\/v2\/product"}],"about":[{"href":"https:\/\/tienda.depuragua.com\/fr\/wp-json\/wp\/v2\/types\/product"}],"replies":[{"embeddable":true,"href":"https:\/\/tienda.depuragua.com\/fr\/wp-json\/wp\/v2\/comments?post=249847"}],"wp:featuredmedia":[{"embeddable":true,"href":"https:\/\/tienda.depuragua.com\/fr\/wp-json\/wp\/v2\/media\/286748"}],"wp:attachment":[{"href":"https:\/\/tienda.depuragua.com\/fr\/wp-json\/wp\/v2\/media?parent=249847"}],"wp:term":[{"taxonomy":"product_cat","embeddable":true,"href":"https:\/\/tienda.depuragua.com\/fr\/wp-json\/wp\/v2\/product_cat?post=249847"},{"taxonomy":"product_tag","embeddable":true,"href":"https:\/\/tienda.depuragua.com\/fr\/wp-json\/wp\/v2\/product_tag?post=249847"}],"curies":[{"name":"wp","href":"https:\/\/api.w.org\/{rel}","templated":true}]}}