{"id":249817,"date":"2020-07-02T18:15:48","date_gmt":"2020-07-02T17:15:48","guid":{"rendered":"https:\/\/nueva.depuragua.com\/producto\/filtre-a-air-ultra-violet-ozone-filtre-hepa-anion-aromatherapie\/"},"modified":"2020-07-02T18:15:48","modified_gmt":"2020-07-02T17:15:48","slug":"filtre-a-air-ultra-violet-ozone-filtre-hepa-anion-aromatherapie","status":"publish","type":"product","link":"https:\/\/tienda.depuragua.com\/fr\/producto\/filtre-a-air-ultra-violet-ozone-filtre-hepa-anion-aromatherapie\/","title":{"rendered":"Filtre \u00e0 air ultra violet, ozone, filtre HEPA, anion. Aromath\u00e9rapie"},"content":{"rendered":"<p>Anti bact\u00e9ricide et purificateur de virus, avec lumi\u00e8re ultraviolette, g\u00e9n\u00e9rateur d&#8217;ozone, filtre HEPA 3 couches, anions,<\/p>\n<p>\u00c9limine les odeurs, tr\u00e8s silencieux, grand volume d&#8217;air trait\u00e9 jusqu&#8217;\u00e0 30 m3, avec minuterie et fonction d&#8217;aromath\u00e9rapie.<\/p>\n","protected":false},"excerpt":{"rendered":"<p>Anti bact\u00e9ricide et purificateur de virus, avec lumi\u00e8re ultraviolette, g\u00e9n\u00e9rateur d&#8217;ozone, filtre HEPA 3 couches, anions,<\/p>\n<p>\u00c9limine les odeurs, tr\u00e8s silencieux, grand volume d&#8217;air trait\u00e9 jusqu&#8217;\u00e0 30 m3, avec minuterie et fonction d&#8217;aromath\u00e9rapie.<\/p>\n","protected":false},"featured_media":285728,"comment_status":"open","ping_status":"closed","template":"","meta":{"_et_pb_use_builder":"","_et_pb_old_content":"","_et_gb_content_width":""},"product_cat":[1763],"product_tag":[],"yoast_head":"<!-- This site is optimized with the Yoast SEO plugin v22.1 - https:\/\/yoast.com\/wordpress\/plugins\/seo\/ -->\n<title>Filtre \u00e0 air ultra violet, ozone, filtre HEPA, anion. Aromath\u00e9rapie - Depuragua<\/title>\n<meta name=\"robots\" content=\"index, follow, max-snippet:-1, max-image-preview:large, max-video-preview:-1\" \/>\n<link rel=\"canonical\" href=\"https:\/\/tienda.depuragua.com\/fr\/producto\/filtre-a-air-ultra-violet-ozone-filtre-hepa-anion-aromatherapie\/\" \/>\n<meta property=\"og:locale\" content=\"fr_FR\" \/>\n<meta property=\"og:type\" content=\"article\" \/>\n<meta property=\"og:title\" content=\"Filtre \u00e0 air ultra violet, ozone, filtre HEPA, anion. Aromath\u00e9rapie - Depuragua\" \/>\n<meta property=\"og:description\" content=\"Anti bact\u00e9ricide et purificateur de virus, avec lumi\u00e8re ultraviolette, g\u00e9n\u00e9rateur d&#039;ozone, filtre HEPA 3 couches, anions, \u00c9limine les odeurs, tr\u00e8s silencieux, grand volume d&#039;air trait\u00e9 jusqu&#039;\u00e0 30 m3, avec minuterie et fonction d&#039;aromath\u00e9rapie.\" \/>\n<meta property=\"og:url\" content=\"https:\/\/tienda.depuragua.com\/fr\/producto\/filtre-a-air-ultra-violet-ozone-filtre-hepa-anion-aromatherapie\/\" \/>\n<meta property=\"og:site_name\" content=\"Depuragua\" \/>\n<meta property=\"article:publisher\" content=\"https:\/\/www.facebook.com\/depuraguaonline\" \/>\n<meta property=\"og:image\" content=\"https:\/\/tienda.depuragua.com\/wp-content\/uploads\/2020\/07\/815-thickbox_default-Filtre-a-air-ultra-violet-ozone-filtre-HEPA-anion.-Aromatherapie.jpg\" \/>\n\t<meta property=\"og:image:width\" content=\"800\" \/>\n\t<meta property=\"og:image:height\" content=\"800\" \/>\n\t<meta property=\"og:image:type\" content=\"image\/jpeg\" \/>\n<meta name=\"twitter:card\" content=\"summary_large_image\" \/>\n<meta name=\"twitter:site\" content=\"@AquatechIntl\" \/>\n<script type=\"application\/ld+json\" class=\"yoast-schema-graph\">{\"@context\":\"https:\/\/schema.org\",\"@graph\":[{\"@type\":\"WebPage\",\"@id\":\"https:\/\/tienda.depuragua.com\/fr\/producto\/filtre-a-air-ultra-violet-ozone-filtre-hepa-anion-aromatherapie\/\",\"url\":\"https:\/\/tienda.depuragua.com\/fr\/producto\/filtre-a-air-ultra-violet-ozone-filtre-hepa-anion-aromatherapie\/\",\"name\":\"Filtre \u00e0 air ultra violet, ozone, filtre HEPA, anion. Aromath\u00e9rapie - Depuragua\",\"isPartOf\":{\"@id\":\"https:\/\/tienda.depuragua.com\/fr\/#website\"},\"datePublished\":\"2020-07-02T17:15:48+00:00\",\"dateModified\":\"2020-07-02T17:15:48+00:00\",\"breadcrumb\":{\"@id\":\"https:\/\/tienda.depuragua.com\/fr\/producto\/filtre-a-air-ultra-violet-ozone-filtre-hepa-anion-aromatherapie\/#breadcrumb\"},\"inLanguage\":\"fr-FR\",\"potentialAction\":[{\"@type\":\"ReadAction\",\"target\":[\"https:\/\/tienda.depuragua.com\/fr\/producto\/filtre-a-air-ultra-violet-ozone-filtre-hepa-anion-aromatherapie\/\"]}]},{\"@type\":\"BreadcrumbList\",\"@id\":\"https:\/\/tienda.depuragua.com\/fr\/producto\/filtre-a-air-ultra-violet-ozone-filtre-hepa-anion-aromatherapie\/#breadcrumb\",\"itemListElement\":[{\"@type\":\"ListItem\",\"position\":1,\"name\":\"Portada\",\"item\":\"https:\/\/tienda.depuragua.com\/fr\/\"},{\"@type\":\"ListItem\",\"position\":2,\"name\":\"Magasin\",\"item\":\"https:\/\/tienda.depuragua.com\/\"},{\"@type\":\"ListItem\",\"position\":3,\"name\":\"Filtre \u00e0 air ultra violet, ozone, filtre HEPA, anion. Aromath\u00e9rapie\"}]},{\"@type\":\"WebSite\",\"@id\":\"https:\/\/tienda.depuragua.com\/fr\/#website\",\"url\":\"https:\/\/tienda.depuragua.com\/fr\/\",\"name\":\"Depuragua\",\"description\":\"Depuragua\",\"publisher\":{\"@id\":\"https:\/\/tienda.depuragua.com\/fr\/#organization\"},\"potentialAction\":[{\"@type\":\"SearchAction\",\"target\":{\"@type\":\"EntryPoint\",\"urlTemplate\":\"https:\/\/tienda.depuragua.com\/fr\/?s={search_term_string}\"},\"query-input\":\"required name=search_term_string\"}],\"inLanguage\":\"fr-FR\"},{\"@type\":\"Organization\",\"@id\":\"https:\/\/tienda.depuragua.com\/fr\/#organization\",\"name\":\"Depuragua\",\"url\":\"https:\/\/tienda.depuragua.com\/fr\/\",\"logo\":{\"@type\":\"ImageObject\",\"inLanguage\":\"fr-FR\",\"@id\":\"https:\/\/tienda.depuragua.com\/fr\/#\/schema\/logo\/image\/\",\"url\":\"https:\/\/tienda.depuragua.com\/wp-content\/uploads\/2023\/11\/logodepuragua.png\",\"contentUrl\":\"https:\/\/tienda.depuragua.com\/wp-content\/uploads\/2023\/11\/logodepuragua.png\",\"width\":1000,\"height\":340,\"caption\":\"Depuragua\"},\"image\":{\"@id\":\"https:\/\/tienda.depuragua.com\/fr\/#\/schema\/logo\/image\/\"},\"sameAs\":[\"https:\/\/www.facebook.com\/depuraguaonline\",\"https:\/\/twitter.com\/AquatechIntl\"]}]}<\/script>\n<!-- \/ Yoast SEO plugin. -->","yoast_head_json":{"title":"Filtre \u00e0 air ultra violet, ozone, filtre HEPA, anion. Aromath\u00e9rapie - Depuragua","robots":{"index":"index","follow":"follow","max-snippet":"max-snippet:-1","max-image-preview":"max-image-preview:large","max-video-preview":"max-video-preview:-1"},"canonical":"https:\/\/tienda.depuragua.com\/fr\/producto\/filtre-a-air-ultra-violet-ozone-filtre-hepa-anion-aromatherapie\/","og_locale":"fr_FR","og_type":"article","og_title":"Filtre \u00e0 air ultra violet, ozone, filtre HEPA, anion. Aromath\u00e9rapie - Depuragua","og_description":"Anti bact\u00e9ricide et purificateur de virus, avec lumi\u00e8re ultraviolette, g\u00e9n\u00e9rateur d'ozone, filtre HEPA 3 couches, anions, \u00c9limine les odeurs, tr\u00e8s silencieux, grand volume d'air trait\u00e9 jusqu'\u00e0 30 m3, avec minuterie et fonction d'aromath\u00e9rapie.","og_url":"https:\/\/tienda.depuragua.com\/fr\/producto\/filtre-a-air-ultra-violet-ozone-filtre-hepa-anion-aromatherapie\/","og_site_name":"Depuragua","article_publisher":"https:\/\/www.facebook.com\/depuraguaonline","og_image":[{"width":800,"height":800,"url":"https:\/\/tienda.depuragua.com\/wp-content\/uploads\/2020\/07\/815-thickbox_default-Filtre-a-air-ultra-violet-ozone-filtre-HEPA-anion.-Aromatherapie.jpg","type":"image\/jpeg"}],"twitter_card":"summary_large_image","twitter_site":"@AquatechIntl","schema":{"@context":"https:\/\/schema.org","@graph":[{"@type":"WebPage","@id":"https:\/\/tienda.depuragua.com\/fr\/producto\/filtre-a-air-ultra-violet-ozone-filtre-hepa-anion-aromatherapie\/","url":"https:\/\/tienda.depuragua.com\/fr\/producto\/filtre-a-air-ultra-violet-ozone-filtre-hepa-anion-aromatherapie\/","name":"Filtre \u00e0 air ultra violet, ozone, filtre HEPA, anion. Aromath\u00e9rapie - Depuragua","isPartOf":{"@id":"https:\/\/tienda.depuragua.com\/fr\/#website"},"datePublished":"2020-07-02T17:15:48+00:00","dateModified":"2020-07-02T17:15:48+00:00","breadcrumb":{"@id":"https:\/\/tienda.depuragua.com\/fr\/producto\/filtre-a-air-ultra-violet-ozone-filtre-hepa-anion-aromatherapie\/#breadcrumb"},"inLanguage":"fr-FR","potentialAction":[{"@type":"ReadAction","target":["https:\/\/tienda.depuragua.com\/fr\/producto\/filtre-a-air-ultra-violet-ozone-filtre-hepa-anion-aromatherapie\/"]}]},{"@type":"BreadcrumbList","@id":"https:\/\/tienda.depuragua.com\/fr\/producto\/filtre-a-air-ultra-violet-ozone-filtre-hepa-anion-aromatherapie\/#breadcrumb","itemListElement":[{"@type":"ListItem","position":1,"name":"Portada","item":"https:\/\/tienda.depuragua.com\/fr\/"},{"@type":"ListItem","position":2,"name":"Magasin","item":"https:\/\/tienda.depuragua.com\/"},{"@type":"ListItem","position":3,"name":"Filtre \u00e0 air ultra violet, ozone, filtre HEPA, anion. Aromath\u00e9rapie"}]},{"@type":"WebSite","@id":"https:\/\/tienda.depuragua.com\/fr\/#website","url":"https:\/\/tienda.depuragua.com\/fr\/","name":"Depuragua","description":"Depuragua","publisher":{"@id":"https:\/\/tienda.depuragua.com\/fr\/#organization"},"potentialAction":[{"@type":"SearchAction","target":{"@type":"EntryPoint","urlTemplate":"https:\/\/tienda.depuragua.com\/fr\/?s={search_term_string}"},"query-input":"required name=search_term_string"}],"inLanguage":"fr-FR"},{"@type":"Organization","@id":"https:\/\/tienda.depuragua.com\/fr\/#organization","name":"Depuragua","url":"https:\/\/tienda.depuragua.com\/fr\/","logo":{"@type":"ImageObject","inLanguage":"fr-FR","@id":"https:\/\/tienda.depuragua.com\/fr\/#\/schema\/logo\/image\/","url":"https:\/\/tienda.depuragua.com\/wp-content\/uploads\/2023\/11\/logodepuragua.png","contentUrl":"https:\/\/tienda.depuragua.com\/wp-content\/uploads\/2023\/11\/logodepuragua.png","width":1000,"height":340,"caption":"Depuragua"},"image":{"@id":"https:\/\/tienda.depuragua.com\/fr\/#\/schema\/logo\/image\/"},"sameAs":["https:\/\/www.facebook.com\/depuraguaonline","https:\/\/twitter.com\/AquatechIntl"]}]}},"_links":{"self":[{"href":"https:\/\/tienda.depuragua.com\/fr\/wp-json\/wp\/v2\/product\/249817"}],"collection":[{"href":"https:\/\/tienda.depuragua.com\/fr\/wp-json\/wp\/v2\/product"}],"about":[{"href":"https:\/\/tienda.depuragua.com\/fr\/wp-json\/wp\/v2\/types\/product"}],"replies":[{"embeddable":true,"href":"https:\/\/tienda.depuragua.com\/fr\/wp-json\/wp\/v2\/comments?post=249817"}],"wp:featuredmedia":[{"embeddable":true,"href":"https:\/\/tienda.depuragua.com\/fr\/wp-json\/wp\/v2\/media\/285728"}],"wp:attachment":[{"href":"https:\/\/tienda.depuragua.com\/fr\/wp-json\/wp\/v2\/media?parent=249817"}],"wp:term":[{"taxonomy":"product_cat","embeddable":true,"href":"https:\/\/tienda.depuragua.com\/fr\/wp-json\/wp\/v2\/product_cat?post=249817"},{"taxonomy":"product_tag","embeddable":true,"href":"https:\/\/tienda.depuragua.com\/fr\/wp-json\/wp\/v2\/product_tag?post=249817"}],"curies":[{"name":"wp","href":"https:\/\/api.w.org\/{rel}","templated":true}]}}