{"id":249574,"date":"2018-12-28T08:21:52","date_gmt":"2018-12-28T07:21:52","guid":{"rendered":"https:\/\/nueva.depuragua.com\/producto\/osmoseur-inverse-moon75-uv-avec-pompe-7-etapes-manometre-ultra-violette-membrane-75-gpd\/"},"modified":"2025-06-28T13:32:20","modified_gmt":"2025-06-28T12:32:20","slug":"osmoseur-inverse-moon75-uv-avec-pompe-7-etapes-manometre-ultra-violette-membrane-75-gpd","status":"publish","type":"product","link":"https:\/\/tienda.depuragua.com\/fr\/producto\/osmoseur-inverse-moon75-uv-avec-pompe-7-etapes-manometre-ultra-violette-membrane-75-gpd\/","title":{"rendered":"Osmoseur inverse MOON75 UV avec pompe 7 \u00e9tapes manom\u00e8tre Ultra Violette, membrane 75 GPD,"},"content":{"rendered":"<p><strong>Osmoseur Inverse r\u00e9sidentiel MOON 75UV avec pompe booter e\u00a0manom\u00e8tre e UV, 7<\/strong><strong>\u00a0niveaux de filtration : une eau de premi\u00e8re qualit\u00e9 en limitant les rejets<\/strong><\/p>\n<p>\u00a0<\/p>\n<p>La\u00a0<strong>pompe booster<\/strong>\u00a0augmente la pression de l&#8217;eau dans l\u2019osmoseur. Elle se met en marche quand il y a production d\u2019eau osmos\u00e9e et s\u2019arr\u00eate automatiquement quand la r\u00e9serve est pleine : l\u2019appareil est muni d\u2019un switch automatique, la pompe s\u2019auto-amorce. Une s\u00e9curit\u00e9 coupe l&#8217;alimentation si l&#8217;eau n&#8217;arrive plus, pr\u00e9servant ainsi la pompe. Celle-ci permet de\u00a0<strong>limiter les rejets<\/strong>\u00a0et\u00a0<strong>augmente la quantit\u00e9 et la qualit\u00e9 de l&#8217;eau produite<\/strong>.<\/p>\n<p>\u00a0<\/p>\n<p><strong>Test\u00e9 et st\u00e9rilis\u00e9 \u00e0 100% en usine, le module de filtration est livr\u00e9 assembl\u00e9<br \/><\/strong><\/p>\n<p>\u00a0<\/p>\n<p><strong>Cet osmoseur sous \u00e9vier am\u00e9liore \u00e0 la fois le go\u00fbt et la qualit\u00e9 de votre eau<\/strong>, il est capable d&#8217;enlever :<\/p>\n<ul>\n<li>plus de 95% du total des solides dissous (plomb, cuivre, baryum, chrome, mercure, sodium, cadmium, fluorure, nitrite, nitrate, s\u00e9l\u00e9nium, r\u00e9sidus m\u00e9dicamenteux&#8230;)<\/li>\n<li>99% de toutes les mati\u00e8res organiques (chloroforme, DBCP, trichloro\u00e9thyl\u00e8ne, t\u00e9trachloro\u00e9thyl\u00e8ne, chlore de t\u00e9trachlorure de carbone&#8230;)<\/li>\n<li>99% de toutes les bact\u00e9ries<\/li>\n<li>99% du chlore<\/li>\n<\/ul>\n<p><strong>Livr\u00e9 pr\u00eat \u00e0 installer avec :<\/strong><\/p>\n<\/p>\n<table>\n<tbody>\n<tr>\n<td><strong>Filtres<br \/><\/strong> <\/p>\n<div>\n<div>\u2022 Standards 10 pouces<\/div>\n<\/p><\/div>\n<div>\n<div>\u2022 S\u00e9diment 5 microns et 1 micron<\/div>\n<\/p><\/div>\n<div>\n<div>\u2022 Charbon actif et Post filtre<\/div>\n<\/p><\/div>\n<div>\n<div>\u00a0<\/div>\n<div><strong>Filtre UV (6 Wats)<\/strong><\/div>\n<\/p><\/div>\n<\/td>\n<td><strong>Membrane<br \/><\/strong> <\/p>\n<div>\n<div>\u2022 TFC (Thin-Film Composite) Polyamide<\/div>\n<\/p><\/div>\n<div>\n<div>\u2022\u00a07 GPD (300 l\/jour en d\u00e9bit moyen)<\/div>\n<\/p><\/div>\n<div>\n<div>\u2022 Livr\u00e9 dans un film protecteur sanitaire<\/div>\n<div>\n<div>\u2022\u00a0<a>Cliquez ici pour voir le d\u00e9tail<\/a><\/div>\n<\/p><\/div>\n<\/p><\/div>\n<\/td>\n<td nowrap=\"nowrap\"><strong>Robinet col de cygne<\/strong><br \/>\u00a0 <\/p>\n<div>\n<div>\u2022 En chrome poli<\/div>\n<div>\n<div>\u2022 Certifi\u00e9 ANSI Standard 61 Section 9<\/div>\n<div>\n<div>\u2022 Longueur du bec : 13 cm<\/div>\n<div>\n<div>\u2022 Hauteur : 24 cm<\/div>\n<\/p><\/div>\n<\/p><\/div>\n<\/p><\/div>\n<\/p><\/div>\n<\/td>\n<\/tr>\n<tr>\n<td><strong>Porte-filtres<br \/><\/strong> <\/p>\n<div>\n<div>\u2022 Polypropyl\u00e8ne renforc\u00e9<\/div>\n<\/p><\/div>\n<div>\n<div>\u2022 Approuv\u00e9 FDA (*)<\/div>\n<\/p><\/div>\n<div>\n<div>\u2022 Double joint torique<\/div>\n<\/p><\/div>\n<div>\n<div>\u2022 Test\u00e9 et certifi\u00e9 ANSI Standard 42<\/div>\n<\/p><\/div>\n<\/td>\n<td><strong>Portemembrane<br \/><\/strong> <\/p>\n<div>\n<div>\u2022 Polypropyl\u00e8ne<\/div>\n<\/p><\/div>\n<div>\n<div>\u2022 Approuv\u00e9 FDA (*)<\/div>\n<\/p><\/div>\n<div>\n<div>\u2022 T\u00eate et corps issus d&#8217;une m\u00eame injection (pas de solvant, ni de colle)<\/div>\n<\/p><\/div>\n<\/td>\n<td><strong>R\u00e9serve pressuris\u00e9e de<br \/>12 litres<br \/><\/strong> <\/p>\n<div>\n<div>\u2022 Connectique en acier inoxydable<\/div>\n<div>\n<div>\u2022 L&#8217;eau est stock\u00e9e sous pression<br \/>\u00e0 l&#8217;abri de l&#8217;air et de la lumi\u00e8re<\/div>\n<div>\n<div>\u2022\u00a0<a>Cliquez ici pour voir le d\u00e9tail<\/a><\/div>\n<\/p><\/div>\n<\/p><\/div>\n<\/p><\/div>\n<\/td>\n<\/tr>\n<tr>\n<td><strong>Pompe booster<\/strong><\/p>\n<table>\n<tbody>\n<tr>\n<td>\n<p>\u2022Diaphragme<br \/>\u2022 Marquage CE<br \/>\u2022 Poids : 1,8<span style=\"font-size:13.63636302947998px;line-height:1.5em;\">Kg<\/span><\/p>\n<\/td>\n<td>\u2022 230V\u00a0 50HZ<br \/>\u2022 Sortie 24V, 1A<br \/>\u2022 TUV(EN60950), CE<\/td>\n<\/tr>\n<\/tbody>\n<\/table>\n<\/td>\n<td><strong>Raccords, tubes,<br \/>cl\u00e9 de serrage, notice<\/strong><\/p>\n<\/td>\n<td>\n<ul>\n<li><strong>Restricteur de flux 300 ml int\u00e9gr\u00e9 pour limiter les rejets<\/strong><\/li>\n<\/ul>\n<p> <\/p>\n<ul>\n<li><strong>Module de filtration livr\u00e9 assembl\u00e9<\/strong><\/li>\n<\/ul>\n<p> <\/p>\n<ul>\n<li><strong>Test\u00e9 et st\u00e9rilis\u00e9 \u00e0 100% en usine<\/strong><\/li>\n<\/ul>\n<p> <\/p>\n<ul>\n<li><strong>N&#8217;utilise pas de produit chimique<\/strong><\/li>\n<li><strong>Manom\u00e8tre<\/strong><\/li>\n<\/ul>\n<\/td>\n<\/tr>\n<\/tbody>\n<\/table>\n<p>(*) Food and Drug Administration : administration am\u00e9ricaine des denr\u00e9es alimentaires et des m\u00e9dicaments<\/p>\n<p>\u00a0<\/p>\n<p>Livr\u00e9 pr\u00eat \u00e0 installer avec :<\/p>\n<\/p>\n<h3>Filtres<\/h3>\n<table>\n<tbody>\n<tr>\n<td>\n<p>1 x Membrane 75 GPD\u00a0 (29,5 cm x \u00a04,6 cm)<\/p>\n<p>1 x Prefiltre PP-10 S\u00e9diment 5 microns (25 cm x 7 cm diameter)<\/p>\n<p>1 x Prefiltre CTO charbon block (Chlorine Taste and Odor)\u00a0(25 cm x 7 cm diameter)<\/p>\n<p>1 x Prefiltre GAC-10 (Charbon Actif en Grain)\u00a0(25 cm x 7 cm diameter)<\/p>\n<p>1 x Posfiltre\u00a0post-filtre T33 \u00a0 \u00a0(25 cm x 5 cm diameter)<\/p>\n<p>1 x Posfiltre remin\u00e9ralisant \u00a0 \u00a0(25 cm x 5 cm diameter)<\/p>\n<p>1 x Posfiltre\u00a0UV (6 Wats)\u00a0 \u00a0(25 cm x 5 cm diamete<\/p>\n<\/p>\n<table>\n<tbody>\n<tr>\n<td>\n<h4><strong>\u25ba 1 filtre PP-10 s\u00e9diment 5 microns<\/strong><\/h4>\n<p> \u2022 compos\u00e9 de 100% de pure fibres de polypropyl\u00e8ne<br \/>\u2022 retient les particules en suspension telles que sable, algues, boues, poussi\u00e8res, rouille&#8230;<\/td>\n<td>\u00a0<\/td>\n<\/tr>\n<tr>\n<td>\u00a0<\/td>\n<td>\u00a0<\/td>\n<\/tr>\n<tr>\n<td>\n<div><strong>\u25ba 1 filtre CTO charbon block (Chlorine Taste and Odor)<\/strong><\/div>\n<p> \u2022 compos\u00e9 de charbon actif en block<br \/>\u2022 haute performance, grande capacit\u00e9 de r\u00e9tention des impuret\u00e9s, absence de fines particules de carbone<br \/>\u2022 arr\u00eate le chlore libre, les odeurs, les contaminants organiques, les pesticides et les produits chimiques qui\u00a0contribuent au go\u00fbt, \u00e0 l&#8217;odeur et \u00e0 la couleur<\/td>\n<td>\u00a0<\/td>\n<\/tr>\n<tr>\n<td>\u00a0<\/td>\n<td>\u00a0<\/td>\n<\/tr>\n<tr>\n<td>\n<div>\u00a0<\/div>\n<table>\n<tbody>\n<tr>\n<td>\n<div><strong>\u25ba\u00a0<strong><strong>1 filtre GAC-10 (Charbon Actif en Grain)<\/strong><\/strong><\/strong><\/div>\n<p>\u2022 compos\u00e9 de charbon actif en block<br \/>\u2022 haute performance, grande capacit\u00e9 de r\u00e9tention des impuret\u00e9s, absence de fines particules de carbone<br \/>\u2022 arr\u00eate le chlore libre, les odeurs, les contaminants organiques,<\/p>\n<p>les pesticides et les produits chimiques qui\u00a0contribuent au go\u00fbt, \u00e0 l&#8217;odeur et \u00e0 la couleur<\/p>\n<\/td>\n<\/tr>\n<\/tbody>\n<\/table>\n<\/td>\n<td>\u00a0<\/td>\n<\/tr>\n<tr>\n<td>\u00a0<\/td>\n<td>\u00a0<\/td>\n<\/tr>\n<tr>\n<td>\n<div><strong>\u25ba 1 post-filtre T33\u00a0<\/strong><\/div>\n<p>\u2022 compos\u00e9 de charbon de noix de coco activ\u00e9<br \/>\u2022 filtre de polissage pour rehausser le go\u00fbt<br \/>\u2022 \u00e9limine les impuret\u00e9s et les odeurs r\u00e9siduelles de la cuve et fournit un\u00a0traitement plus fin de l&#8217;eau pure<\/p>\n<p>\u00a0<\/p>\n<div><strong>\u25ba 1 Membrane 75 GPD<\/strong><\/div>\n<p>\u2022\u00a0TFC (Thin-Film Composite) Polyamide<\/p>\n<div>\n<div>\u2022\u00a075 GPD (200 l\/jour en d\u00e9bit moyen)<\/div>\n<\/p><\/div>\n<div>\n<div>\u2022 Livr\u00e9 dans un film protecteur sanitaire<\/div>\n<\/p><\/div>\n<\/td>\n<\/tr>\n<\/tbody>\n<\/table>\n<\/td>\n<td>\u00a0<\/td>\n<\/tr>\n<tr>\n<td>\u00a0<\/td>\n<td>\u00a0<\/td>\n<\/tr>\n<tr>\n<td>\n<div><strong>\u25ba 1 filtre charbon actif<\/strong><\/div>\n<p> \u2022 compos\u00e9 de charbon de noix de coco activ\u00e9<br \/>\u2022 haute performance, grande capacit\u00e9 de r\u00e9tention des impuret\u00e9s, absence de fines particules de carbone<br \/>\u2022 arr\u00eate le chlore libre, les odeurs, les contaminants organiques, les pesticides et les produits chimiques qui\u00a0contribuent au go\u00fbt, \u00e0 l&#8217;odeur et \u00e0 la couleur<br \/>\u2022 livr\u00e9 avec joints<\/td>\n<td>\u00a0<\/td>\n<\/tr>\n<tr>\n<td>\u00a0<\/td>\n<td>\u00a0<\/td>\n<\/tr>\n<tr>\n<td>\n<div><strong>\u25ba 1 filtre s\u00e9diment\u00a01 micron<\/strong><\/div>\n<p> \u2022 compos\u00e9 de 100% de pure fibres de polypropyl\u00e8ne<br \/>\u2022 retient les particules en suspension telles que sable, algues, boues, poussi\u00e8res, rouille&#8230;<br \/>\u2022 pour filtrer encore plus finement avant la membrane<\/td>\n<td>\u00a0<\/td>\n<\/tr>\n<tr>\n<td>\u00a0<\/td>\n<td>\u00a0<\/td>\n<\/tr>\n<tr>\n<td>\n<div><strong>\u25ba 1 post-filtre<\/strong><\/div>\n<p>\u2022 compos\u00e9 de charbon de noix de coco activ\u00e9<br \/>\u2022 filtre de polissage pour rehausser le go\u00fbt<br \/>\u2022 \u00e9limine les impuret\u00e9s et les odeurs r\u00e9siduelles de la cuve et fournit un\u00a0traitement plus fin de l&#8217;eau pure<\/p>\n<p>\u00a0<strong>\u25ba 1 post-filtre\u00a0<\/strong>remin\u00e9ralisant<\/p>\n<p><strong>\u25ba 1 post-filtre\u00a0UV<\/strong><\/p>\n<div><strong>\u25ba 1 Membrane 50 GPD<\/strong><\/div>\n<p>\u2022\u00a0TFC (Thin-Film Composite) Polyamide<\/p>\n<div>\n<div>\u2022 75 GPD (300 l\/jour en d\u00e9bit moyen)<\/div>\n<\/p><\/div>\n<div>\n<div>\u2022 Livr\u00e9 dans un film protecteur sanitaire<\/div>\n<div><\/div>\n<\/p><\/div>\n<\/td>\n<\/tr>\n<\/tbody>\n<\/table>\n","protected":false},"excerpt":{"rendered":"<p><strong>Osmoseur Inverse r\u00e9sidentiel MOON-UV avec pompe booter e\u00a0manom\u00e8tre,\u00a07\u00a0<\/strong><strong>niveaux de filtration : une eau de premi\u00e8re qualit\u00e9 en limitant les rejets<\/strong><\/p>\n<p>\u00a0La\u00a0<strong>pompe booster<\/strong>\u00a0augmente la pression de l&#8217;eau dans l\u2019osmoseur. Elle se met en marche quand il y a production d\u2019eau osmos\u00e9e et s\u2019arr\u00eate automatiquement quand la r\u00e9serve est pleine : l\u2019appareil est muni d\u2019un switch automatique, la pompe s\u2019auto-amorce.<\/p>\n","protected":false},"featured_media":286620,"comment_status":"open","ping_status":"closed","template":"","meta":{"_et_pb_use_builder":"","_et_pb_old_content":"","_et_gb_content_width":""},"product_cat":[1757],"product_tag":[],"yoast_head":"<!-- This site is optimized with the Yoast SEO plugin v22.1 - https:\/\/yoast.com\/wordpress\/plugins\/seo\/ -->\n<title>Osmoseur inverse MOON75 UV avec pompe 7 \u00e9tapes manom\u00e8tre Ultra Violette, membrane 75 GPD, - Depuragua<\/title>\n<meta name=\"robots\" content=\"index, follow, max-snippet:-1, max-image-preview:large, max-video-preview:-1\" \/>\n<link rel=\"canonical\" href=\"https:\/\/tienda.depuragua.com\/fr\/producto\/osmoseur-inverse-moon75-uv-avec-pompe-7-etapes-manometre-ultra-violette-membrane-75-gpd\/\" \/>\n<meta property=\"og:locale\" content=\"fr_FR\" \/>\n<meta property=\"og:type\" content=\"article\" \/>\n<meta property=\"og:title\" content=\"Osmoseur inverse MOON75 UV avec pompe 7 \u00e9tapes manom\u00e8tre Ultra Violette, membrane 75 GPD, - Depuragua\" \/>\n<meta property=\"og:description\" content=\"Osmoseur Inverse r\u00e9sidentiel MOON-UV avec pompe booter e\u00a0manom\u00e8tre,\u00a07\u00a0niveaux de filtration : une eau de premi\u00e8re qualit\u00e9 en limitant les rejets \u00a0La\u00a0pompe booster\u00a0augmente la pression de l&#039;eau dans l\u2019osmoseur. Elle se met en marche quand il y a production d\u2019eau osmos\u00e9e et s\u2019arr\u00eate automatiquement quand la r\u00e9serve est pleine : l\u2019appareil est muni d\u2019un switch automatique, la pompe s\u2019auto-amorce.\" \/>\n<meta property=\"og:url\" content=\"https:\/\/tienda.depuragua.com\/fr\/producto\/osmoseur-inverse-moon75-uv-avec-pompe-7-etapes-manometre-ultra-violette-membrane-75-gpd\/\" \/>\n<meta property=\"og:site_name\" content=\"Depuragua\" \/>\n<meta property=\"article:publisher\" content=\"https:\/\/www.facebook.com\/depuraguaonline\" \/>\n<meta property=\"article:modified_time\" content=\"2025-06-28T12:32:20+00:00\" \/>\n<meta property=\"og:image\" content=\"https:\/\/tienda.depuragua.com\/wp-content\/uploads\/2018\/12\/706-thickbox_default-Osmoseur-inverse-MOON75-UV-avec-pompe-7-etapes-manometre-Ultra-Violette-membrane-75-GPD.jpg\" \/>\n\t<meta property=\"og:image:width\" content=\"800\" \/>\n\t<meta property=\"og:image:height\" content=\"800\" \/>\n\t<meta property=\"og:image:type\" content=\"image\/jpeg\" \/>\n<meta name=\"twitter:card\" content=\"summary_large_image\" \/>\n<meta name=\"twitter:site\" content=\"@AquatechIntl\" \/>\n<meta name=\"twitter:label1\" content=\"Dur\u00e9e de lecture estim\u00e9e\" \/>\n\t<meta name=\"twitter:data1\" content=\"4 minutes\" \/>\n<script type=\"application\/ld+json\" class=\"yoast-schema-graph\">{\"@context\":\"https:\/\/schema.org\",\"@graph\":[{\"@type\":\"WebPage\",\"@id\":\"https:\/\/tienda.depuragua.com\/fr\/producto\/osmoseur-inverse-moon75-uv-avec-pompe-7-etapes-manometre-ultra-violette-membrane-75-gpd\/\",\"url\":\"https:\/\/tienda.depuragua.com\/fr\/producto\/osmoseur-inverse-moon75-uv-avec-pompe-7-etapes-manometre-ultra-violette-membrane-75-gpd\/\",\"name\":\"Osmoseur inverse MOON75 UV avec pompe 7 \u00e9tapes manom\u00e8tre Ultra Violette, membrane 75 GPD, - Depuragua\",\"isPartOf\":{\"@id\":\"https:\/\/tienda.depuragua.com\/fr\/#website\"},\"datePublished\":\"2018-12-28T07:21:52+00:00\",\"dateModified\":\"2025-06-28T12:32:20+00:00\",\"breadcrumb\":{\"@id\":\"https:\/\/tienda.depuragua.com\/fr\/producto\/osmoseur-inverse-moon75-uv-avec-pompe-7-etapes-manometre-ultra-violette-membrane-75-gpd\/#breadcrumb\"},\"inLanguage\":\"fr-FR\",\"potentialAction\":[{\"@type\":\"ReadAction\",\"target\":[\"https:\/\/tienda.depuragua.com\/fr\/producto\/osmoseur-inverse-moon75-uv-avec-pompe-7-etapes-manometre-ultra-violette-membrane-75-gpd\/\"]}]},{\"@type\":\"BreadcrumbList\",\"@id\":\"https:\/\/tienda.depuragua.com\/fr\/producto\/osmoseur-inverse-moon75-uv-avec-pompe-7-etapes-manometre-ultra-violette-membrane-75-gpd\/#breadcrumb\",\"itemListElement\":[{\"@type\":\"ListItem\",\"position\":1,\"name\":\"Portada\",\"item\":\"https:\/\/tienda.depuragua.com\/fr\/\"},{\"@type\":\"ListItem\",\"position\":2,\"name\":\"Magasin\",\"item\":\"https:\/\/tienda.depuragua.com\/\"},{\"@type\":\"ListItem\",\"position\":3,\"name\":\"Osmoseur inverse MOON75 UV avec pompe 7 \u00e9tapes manom\u00e8tre Ultra Violette, membrane 75 GPD,\"}]},{\"@type\":\"WebSite\",\"@id\":\"https:\/\/tienda.depuragua.com\/fr\/#website\",\"url\":\"https:\/\/tienda.depuragua.com\/fr\/\",\"name\":\"Depuragua\",\"description\":\"Depuragua\",\"publisher\":{\"@id\":\"https:\/\/tienda.depuragua.com\/fr\/#organization\"},\"potentialAction\":[{\"@type\":\"SearchAction\",\"target\":{\"@type\":\"EntryPoint\",\"urlTemplate\":\"https:\/\/tienda.depuragua.com\/fr\/?s={search_term_string}\"},\"query-input\":\"required name=search_term_string\"}],\"inLanguage\":\"fr-FR\"},{\"@type\":\"Organization\",\"@id\":\"https:\/\/tienda.depuragua.com\/fr\/#organization\",\"name\":\"Depuragua\",\"url\":\"https:\/\/tienda.depuragua.com\/fr\/\",\"logo\":{\"@type\":\"ImageObject\",\"inLanguage\":\"fr-FR\",\"@id\":\"https:\/\/tienda.depuragua.com\/fr\/#\/schema\/logo\/image\/\",\"url\":\"https:\/\/tienda.depuragua.com\/wp-content\/uploads\/2023\/11\/logodepuragua.png\",\"contentUrl\":\"https:\/\/tienda.depuragua.com\/wp-content\/uploads\/2023\/11\/logodepuragua.png\",\"width\":1000,\"height\":340,\"caption\":\"Depuragua\"},\"image\":{\"@id\":\"https:\/\/tienda.depuragua.com\/fr\/#\/schema\/logo\/image\/\"},\"sameAs\":[\"https:\/\/www.facebook.com\/depuraguaonline\",\"https:\/\/twitter.com\/AquatechIntl\"]}]}<\/script>\n<!-- \/ Yoast SEO plugin. -->","yoast_head_json":{"title":"Osmoseur inverse MOON75 UV avec pompe 7 \u00e9tapes manom\u00e8tre Ultra Violette, membrane 75 GPD, - Depuragua","robots":{"index":"index","follow":"follow","max-snippet":"max-snippet:-1","max-image-preview":"max-image-preview:large","max-video-preview":"max-video-preview:-1"},"canonical":"https:\/\/tienda.depuragua.com\/fr\/producto\/osmoseur-inverse-moon75-uv-avec-pompe-7-etapes-manometre-ultra-violette-membrane-75-gpd\/","og_locale":"fr_FR","og_type":"article","og_title":"Osmoseur inverse MOON75 UV avec pompe 7 \u00e9tapes manom\u00e8tre Ultra Violette, membrane 75 GPD, - Depuragua","og_description":"Osmoseur Inverse r\u00e9sidentiel MOON-UV avec pompe booter e\u00a0manom\u00e8tre,\u00a07\u00a0niveaux de filtration : une eau de premi\u00e8re qualit\u00e9 en limitant les rejets \u00a0La\u00a0pompe booster\u00a0augmente la pression de l'eau dans l\u2019osmoseur. Elle se met en marche quand il y a production d\u2019eau osmos\u00e9e et s\u2019arr\u00eate automatiquement quand la r\u00e9serve est pleine : l\u2019appareil est muni d\u2019un switch automatique, la pompe s\u2019auto-amorce.","og_url":"https:\/\/tienda.depuragua.com\/fr\/producto\/osmoseur-inverse-moon75-uv-avec-pompe-7-etapes-manometre-ultra-violette-membrane-75-gpd\/","og_site_name":"Depuragua","article_publisher":"https:\/\/www.facebook.com\/depuraguaonline","article_modified_time":"2025-06-28T12:32:20+00:00","og_image":[{"width":800,"height":800,"url":"https:\/\/tienda.depuragua.com\/wp-content\/uploads\/2018\/12\/706-thickbox_default-Osmoseur-inverse-MOON75-UV-avec-pompe-7-etapes-manometre-Ultra-Violette-membrane-75-GPD.jpg","type":"image\/jpeg"}],"twitter_card":"summary_large_image","twitter_site":"@AquatechIntl","twitter_misc":{"Dur\u00e9e de lecture estim\u00e9e":"4 minutes"},"schema":{"@context":"https:\/\/schema.org","@graph":[{"@type":"WebPage","@id":"https:\/\/tienda.depuragua.com\/fr\/producto\/osmoseur-inverse-moon75-uv-avec-pompe-7-etapes-manometre-ultra-violette-membrane-75-gpd\/","url":"https:\/\/tienda.depuragua.com\/fr\/producto\/osmoseur-inverse-moon75-uv-avec-pompe-7-etapes-manometre-ultra-violette-membrane-75-gpd\/","name":"Osmoseur inverse MOON75 UV avec pompe 7 \u00e9tapes manom\u00e8tre Ultra Violette, membrane 75 GPD, - Depuragua","isPartOf":{"@id":"https:\/\/tienda.depuragua.com\/fr\/#website"},"datePublished":"2018-12-28T07:21:52+00:00","dateModified":"2025-06-28T12:32:20+00:00","breadcrumb":{"@id":"https:\/\/tienda.depuragua.com\/fr\/producto\/osmoseur-inverse-moon75-uv-avec-pompe-7-etapes-manometre-ultra-violette-membrane-75-gpd\/#breadcrumb"},"inLanguage":"fr-FR","potentialAction":[{"@type":"ReadAction","target":["https:\/\/tienda.depuragua.com\/fr\/producto\/osmoseur-inverse-moon75-uv-avec-pompe-7-etapes-manometre-ultra-violette-membrane-75-gpd\/"]}]},{"@type":"BreadcrumbList","@id":"https:\/\/tienda.depuragua.com\/fr\/producto\/osmoseur-inverse-moon75-uv-avec-pompe-7-etapes-manometre-ultra-violette-membrane-75-gpd\/#breadcrumb","itemListElement":[{"@type":"ListItem","position":1,"name":"Portada","item":"https:\/\/tienda.depuragua.com\/fr\/"},{"@type":"ListItem","position":2,"name":"Magasin","item":"https:\/\/tienda.depuragua.com\/"},{"@type":"ListItem","position":3,"name":"Osmoseur inverse MOON75 UV avec pompe 7 \u00e9tapes manom\u00e8tre Ultra Violette, membrane 75 GPD,"}]},{"@type":"WebSite","@id":"https:\/\/tienda.depuragua.com\/fr\/#website","url":"https:\/\/tienda.depuragua.com\/fr\/","name":"Depuragua","description":"Depuragua","publisher":{"@id":"https:\/\/tienda.depuragua.com\/fr\/#organization"},"potentialAction":[{"@type":"SearchAction","target":{"@type":"EntryPoint","urlTemplate":"https:\/\/tienda.depuragua.com\/fr\/?s={search_term_string}"},"query-input":"required name=search_term_string"}],"inLanguage":"fr-FR"},{"@type":"Organization","@id":"https:\/\/tienda.depuragua.com\/fr\/#organization","name":"Depuragua","url":"https:\/\/tienda.depuragua.com\/fr\/","logo":{"@type":"ImageObject","inLanguage":"fr-FR","@id":"https:\/\/tienda.depuragua.com\/fr\/#\/schema\/logo\/image\/","url":"https:\/\/tienda.depuragua.com\/wp-content\/uploads\/2023\/11\/logodepuragua.png","contentUrl":"https:\/\/tienda.depuragua.com\/wp-content\/uploads\/2023\/11\/logodepuragua.png","width":1000,"height":340,"caption":"Depuragua"},"image":{"@id":"https:\/\/tienda.depuragua.com\/fr\/#\/schema\/logo\/image\/"},"sameAs":["https:\/\/www.facebook.com\/depuraguaonline","https:\/\/twitter.com\/AquatechIntl"]}]}},"_links":{"self":[{"href":"https:\/\/tienda.depuragua.com\/fr\/wp-json\/wp\/v2\/product\/249574"}],"collection":[{"href":"https:\/\/tienda.depuragua.com\/fr\/wp-json\/wp\/v2\/product"}],"about":[{"href":"https:\/\/tienda.depuragua.com\/fr\/wp-json\/wp\/v2\/types\/product"}],"replies":[{"embeddable":true,"href":"https:\/\/tienda.depuragua.com\/fr\/wp-json\/wp\/v2\/comments?post=249574"}],"wp:featuredmedia":[{"embeddable":true,"href":"https:\/\/tienda.depuragua.com\/fr\/wp-json\/wp\/v2\/media\/286620"}],"wp:attachment":[{"href":"https:\/\/tienda.depuragua.com\/fr\/wp-json\/wp\/v2\/media?parent=249574"}],"wp:term":[{"taxonomy":"product_cat","embeddable":true,"href":"https:\/\/tienda.depuragua.com\/fr\/wp-json\/wp\/v2\/product_cat?post=249574"},{"taxonomy":"product_tag","embeddable":true,"href":"https:\/\/tienda.depuragua.com\/fr\/wp-json\/wp\/v2\/product_tag?post=249574"}],"curies":[{"name":"wp","href":"https:\/\/api.w.org\/{rel}","templated":true}]}}