{"id":249292,"date":"2016-12-05T11:17:11","date_gmt":"2016-12-05T10:17:11","guid":{"rendered":"https:\/\/nueva.depuragua.com\/producto\/jeux-4-filtres-membrane-50-gpd-osmose-inverse-compatible-nt02\/"},"modified":"2016-12-05T11:17:11","modified_gmt":"2016-12-05T10:17:11","slug":"jeux-4-filtres-membrane-50-gpd-osmose-inverse-compatible-nt02","status":"publish","type":"product","link":"https:\/\/tienda.depuragua.com\/fr\/producto\/jeux-4-filtres-membrane-50-gpd-osmose-inverse-compatible-nt02\/","title":{"rendered":"Jeux 4 filtres + membrane 50 GPD osmose inverse compatible  Nt02"},"content":{"rendered":"<h4>Jeux 4 filtres + membrane 50 GPD osmose inverse STORM , proline<\/h4>\n<p>Compatible tous modeles (voir des measures)<\/p>\n<p>\u00a0<\/p>\n<p>1 x Membrane 50 GPD HIdrotek (29,5 cm x \u00a04,6 cm)<\/p>\n<p>1 x Prefiltre PP S\u00e9diment 5 microns (32 cm x 6 cm diameter)<\/p>\n<p>1 x Prefiltre CTO charbon block (Chlorine Taste and Odor)\u00a0(32 cm x 6\u00a0cm diameter)<\/p>\n<p>1 x Prefiltre GAC (Charbon Actif en Grain)\u00a0(32 cm x 6\u00a0cm diameter)<\/p>\n<p>1 x Posfiltre\u00a0post-filtre T33 \u00a0 \u00a0(25 cm x 5 cm diameter)<\/p>\n<p>\u00a0<\/p>\n<p>Desciption :<\/p>\n<\/p>\n<table>\n<tbody>\n<tr>\n<td>\n<h4><strong>\u25ba 1 filtre PP-33 s\u00e9diment 5 microns<\/strong><\/h4>\n<p> \u2022 compos\u00e9 de 100% de pure fibres de polypropyl\u00e8ne<br \/>\u2022 retient les particules en suspension telles que sable, algues, boues, poussi\u00e8res, rouille&#8230;<\/td>\n<td>\u00a0<\/td>\n<\/tr>\n<tr>\n<td>\u00a0<\/td>\n<td>\u00a0<\/td>\n<\/tr>\n<tr>\n<td>\n<div><strong>\u25ba 1 filtre CTO 33 charbon block (Chlorine Taste and Odor)<\/strong><\/div>\n<p> \u2022 compos\u00e9 de charbon actif en block<br \/>\u2022 haute performance, grande capacit\u00e9 de r\u00e9tention des impuret\u00e9s, absence de fines particules de carbone<br \/>\u2022 arr\u00eate le chlore libre, les odeurs, les contaminants organiques, les pesticides et les produits chimiques qui\u00a0contribuent au go\u00fbt, \u00e0 l&#8217;odeur et \u00e0 la couleur<\/td>\n<td>\u00a0<\/td>\n<\/tr>\n<tr>\n<td>\u00a0<\/td>\n<td>\u00a0<\/td>\n<\/tr>\n<tr>\n<td>\n<div>\u00a0<\/div>\n<table>\n<tbody>\n<tr>\n<td>\n<div><strong>\u25ba\u00a0<strong><strong>1 filtre GAC-33 (Charbon Actif en Grain)<\/strong><\/strong><\/strong><\/div>\n<p>\u2022 compos\u00e9 de charbon actif en block<br \/>\u2022 haute performance, grande capacit\u00e9 de r\u00e9tention des impuret\u00e9s, absence de fines particules de carbone<br \/>\u2022 arr\u00eate le chlore libre, les odeurs, les contaminants organiques,<\/p>\n<p>les pesticides et les produits chimiques qui\u00a0contribuent au go\u00fbt, \u00e0 l&#8217;odeur et \u00e0 la couleur<\/p>\n<\/td>\n<\/tr>\n<\/tbody>\n<\/table>\n<\/td>\n<td>\u00a0<\/td>\n<\/tr>\n<tr>\n<td>\u00a0<\/td>\n<td>\u00a0<\/td>\n<\/tr>\n<tr>\n<td>\n<div><strong>\u25ba 1 post-filtre T33\u00a0<\/strong><\/div>\n<p>\u2022 compos\u00e9 de charbon de noix de coco activ\u00e9<br \/>\u2022 filtre de polissage pour rehausser le go\u00fbt<br \/>\u2022 \u00e9limine les impuret\u00e9s et les odeurs r\u00e9siduelles de la cuve et fournit un\u00a0traitement plus fin de l&#8217;eau pure<\/p>\n<p>\u00a0<\/p>\n<div><strong>\u25ba 1 Membrane 50 GPD<\/strong><\/div>\n<p>\u2022\u00a0TFC (Thin-Film Composite) Polyamide<\/p>\n<div>\n<div>\u2022 50 GPD (200 l\/jour en d\u00e9bit moyen)<\/div>\n<\/p><\/div>\n<div>\n<div>\u2022 Livr\u00e9 dans un film protecteur sanitaire<\/div>\n<div><\/div>\n<\/p><\/div>\n<\/td>\n<\/tr>\n<\/tbody>\n<\/table>\n","protected":false},"excerpt":{"rendered":"<h4>Jeux 4 filtres + membrane 50 GPD osmose inverse COMPACQ<\/h4>\n<h4><span style=\"font-size:13.63636302947998px;font-weight:normal;\">Compatible modeles compac<\/span><\/h4>\n<p>1 x Membrane 50 GPD HIdrotek (29,5 cm x \u00a04,6 cm)<\/p>\n<p>1 x Prefiltre PP S\u00e9diment 5 microns (32 cm x 6 cm diameter)<\/p>\n<p>1 x Prefiltre CTO charbon block (Chlorine Taste and Odor)\u00a0(32 cm x 6\u00a0cm)<\/p>\n<p>1 x Prefiltre GAC (Charbon Actif en Grain)\u00a0(32 cm x 6\u00a0cm )<\/p>\n<p>1 x Posfiltre\u00a0post-filtre T33 \u00a0 \u00a0(25 cm x 5 cm diameter)<\/p>\n","protected":false},"featured_media":286343,"comment_status":"open","ping_status":"closed","template":"","meta":{"_et_pb_use_builder":"","_et_pb_old_content":"","_et_gb_content_width":""},"product_cat":[1772],"product_tag":[],"yoast_head":"<!-- This site is optimized with the Yoast SEO plugin v22.1 - https:\/\/yoast.com\/wordpress\/plugins\/seo\/ -->\n<title>Jeux 4 filtres + membrane 50 GPD osmose inverse COMPAC<\/title>\n<meta name=\"description\" content=\"Jeux 4 filtres + membrane 50 GPD osmose inverse COMPAC\" \/>\n<meta name=\"robots\" content=\"index, follow, max-snippet:-1, max-image-preview:large, max-video-preview:-1\" \/>\n<link rel=\"canonical\" href=\"https:\/\/tienda.depuragua.com\/fr\/producto\/jeux-4-filtres-membrane-50-gpd-osmose-inverse-compatible-nt02\/\" \/>\n<meta property=\"og:locale\" content=\"fr_FR\" \/>\n<meta property=\"og:type\" content=\"article\" \/>\n<meta property=\"og:title\" content=\"Jeux 4 filtres + membrane 50 GPD osmose inverse COMPAC\" \/>\n<meta property=\"og:description\" content=\"Jeux 4 filtres + membrane 50 GPD osmose inverse COMPAC\" \/>\n<meta property=\"og:url\" content=\"https:\/\/tienda.depuragua.com\/fr\/producto\/jeux-4-filtres-membrane-50-gpd-osmose-inverse-compatible-nt02\/\" \/>\n<meta property=\"og:site_name\" content=\"Depuragua\" \/>\n<meta property=\"article:publisher\" content=\"https:\/\/www.facebook.com\/depuraguaonline\" \/>\n<meta property=\"og:image\" content=\"https:\/\/tienda.depuragua.com\/wp-content\/uploads\/2016\/12\/895-thickbox_default-Jeux-4-filtres-membrane-50-GPD-osmose-inverse-compatible-NEW-COMPACT.jpg\" \/>\n\t<meta property=\"og:image:width\" content=\"800\" \/>\n\t<meta property=\"og:image:height\" content=\"800\" \/>\n\t<meta property=\"og:image:type\" content=\"image\/jpeg\" \/>\n<meta name=\"twitter:card\" content=\"summary_large_image\" \/>\n<meta name=\"twitter:site\" content=\"@AquatechIntl\" \/>\n<meta name=\"twitter:label1\" content=\"Dur\u00e9e de lecture estim\u00e9e\" \/>\n\t<meta name=\"twitter:data1\" content=\"1 minute\" \/>\n<script type=\"application\/ld+json\" class=\"yoast-schema-graph\">{\"@context\":\"https:\/\/schema.org\",\"@graph\":[{\"@type\":\"WebPage\",\"@id\":\"https:\/\/tienda.depuragua.com\/fr\/producto\/jeux-4-filtres-membrane-50-gpd-osmose-inverse-compatible-nt02\/\",\"url\":\"https:\/\/tienda.depuragua.com\/fr\/producto\/jeux-4-filtres-membrane-50-gpd-osmose-inverse-compatible-nt02\/\",\"name\":\"Jeux 4 filtres + membrane 50 GPD osmose inverse COMPAC\",\"isPartOf\":{\"@id\":\"https:\/\/tienda.depuragua.com\/fr\/#website\"},\"datePublished\":\"2016-12-05T10:17:11+00:00\",\"dateModified\":\"2016-12-05T10:17:11+00:00\",\"description\":\"Jeux 4 filtres + membrane 50 GPD osmose inverse COMPAC\",\"breadcrumb\":{\"@id\":\"https:\/\/tienda.depuragua.com\/fr\/producto\/jeux-4-filtres-membrane-50-gpd-osmose-inverse-compatible-nt02\/#breadcrumb\"},\"inLanguage\":\"fr-FR\",\"potentialAction\":[{\"@type\":\"ReadAction\",\"target\":[\"https:\/\/tienda.depuragua.com\/fr\/producto\/jeux-4-filtres-membrane-50-gpd-osmose-inverse-compatible-nt02\/\"]}]},{\"@type\":\"BreadcrumbList\",\"@id\":\"https:\/\/tienda.depuragua.com\/fr\/producto\/jeux-4-filtres-membrane-50-gpd-osmose-inverse-compatible-nt02\/#breadcrumb\",\"itemListElement\":[{\"@type\":\"ListItem\",\"position\":1,\"name\":\"Portada\",\"item\":\"https:\/\/tienda.depuragua.com\/fr\/\"},{\"@type\":\"ListItem\",\"position\":2,\"name\":\"Magasin\",\"item\":\"https:\/\/tienda.depuragua.com\/\"},{\"@type\":\"ListItem\",\"position\":3,\"name\":\"Jeux 4 filtres + membrane 50 GPD osmose inverse compatible Nt02\"}]},{\"@type\":\"WebSite\",\"@id\":\"https:\/\/tienda.depuragua.com\/fr\/#website\",\"url\":\"https:\/\/tienda.depuragua.com\/fr\/\",\"name\":\"Depuragua\",\"description\":\"Depuragua\",\"publisher\":{\"@id\":\"https:\/\/tienda.depuragua.com\/fr\/#organization\"},\"potentialAction\":[{\"@type\":\"SearchAction\",\"target\":{\"@type\":\"EntryPoint\",\"urlTemplate\":\"https:\/\/tienda.depuragua.com\/fr\/?s={search_term_string}\"},\"query-input\":\"required name=search_term_string\"}],\"inLanguage\":\"fr-FR\"},{\"@type\":\"Organization\",\"@id\":\"https:\/\/tienda.depuragua.com\/fr\/#organization\",\"name\":\"Depuragua\",\"url\":\"https:\/\/tienda.depuragua.com\/fr\/\",\"logo\":{\"@type\":\"ImageObject\",\"inLanguage\":\"fr-FR\",\"@id\":\"https:\/\/tienda.depuragua.com\/fr\/#\/schema\/logo\/image\/\",\"url\":\"https:\/\/tienda.depuragua.com\/wp-content\/uploads\/2023\/11\/logodepuragua.png\",\"contentUrl\":\"https:\/\/tienda.depuragua.com\/wp-content\/uploads\/2023\/11\/logodepuragua.png\",\"width\":1000,\"height\":340,\"caption\":\"Depuragua\"},\"image\":{\"@id\":\"https:\/\/tienda.depuragua.com\/fr\/#\/schema\/logo\/image\/\"},\"sameAs\":[\"https:\/\/www.facebook.com\/depuraguaonline\",\"https:\/\/twitter.com\/AquatechIntl\"]}]}<\/script>\n<!-- \/ Yoast SEO plugin. -->","yoast_head_json":{"title":"Jeux 4 filtres + membrane 50 GPD osmose inverse COMPAC","description":"Jeux 4 filtres + membrane 50 GPD osmose inverse COMPAC","robots":{"index":"index","follow":"follow","max-snippet":"max-snippet:-1","max-image-preview":"max-image-preview:large","max-video-preview":"max-video-preview:-1"},"canonical":"https:\/\/tienda.depuragua.com\/fr\/producto\/jeux-4-filtres-membrane-50-gpd-osmose-inverse-compatible-nt02\/","og_locale":"fr_FR","og_type":"article","og_title":"Jeux 4 filtres + membrane 50 GPD osmose inverse COMPAC","og_description":"Jeux 4 filtres + membrane 50 GPD osmose inverse COMPAC","og_url":"https:\/\/tienda.depuragua.com\/fr\/producto\/jeux-4-filtres-membrane-50-gpd-osmose-inverse-compatible-nt02\/","og_site_name":"Depuragua","article_publisher":"https:\/\/www.facebook.com\/depuraguaonline","og_image":[{"width":800,"height":800,"url":"https:\/\/tienda.depuragua.com\/wp-content\/uploads\/2016\/12\/895-thickbox_default-Jeux-4-filtres-membrane-50-GPD-osmose-inverse-compatible-NEW-COMPACT.jpg","type":"image\/jpeg"}],"twitter_card":"summary_large_image","twitter_site":"@AquatechIntl","twitter_misc":{"Dur\u00e9e de lecture estim\u00e9e":"1 minute"},"schema":{"@context":"https:\/\/schema.org","@graph":[{"@type":"WebPage","@id":"https:\/\/tienda.depuragua.com\/fr\/producto\/jeux-4-filtres-membrane-50-gpd-osmose-inverse-compatible-nt02\/","url":"https:\/\/tienda.depuragua.com\/fr\/producto\/jeux-4-filtres-membrane-50-gpd-osmose-inverse-compatible-nt02\/","name":"Jeux 4 filtres + membrane 50 GPD osmose inverse COMPAC","isPartOf":{"@id":"https:\/\/tienda.depuragua.com\/fr\/#website"},"datePublished":"2016-12-05T10:17:11+00:00","dateModified":"2016-12-05T10:17:11+00:00","description":"Jeux 4 filtres + membrane 50 GPD osmose inverse COMPAC","breadcrumb":{"@id":"https:\/\/tienda.depuragua.com\/fr\/producto\/jeux-4-filtres-membrane-50-gpd-osmose-inverse-compatible-nt02\/#breadcrumb"},"inLanguage":"fr-FR","potentialAction":[{"@type":"ReadAction","target":["https:\/\/tienda.depuragua.com\/fr\/producto\/jeux-4-filtres-membrane-50-gpd-osmose-inverse-compatible-nt02\/"]}]},{"@type":"BreadcrumbList","@id":"https:\/\/tienda.depuragua.com\/fr\/producto\/jeux-4-filtres-membrane-50-gpd-osmose-inverse-compatible-nt02\/#breadcrumb","itemListElement":[{"@type":"ListItem","position":1,"name":"Portada","item":"https:\/\/tienda.depuragua.com\/fr\/"},{"@type":"ListItem","position":2,"name":"Magasin","item":"https:\/\/tienda.depuragua.com\/"},{"@type":"ListItem","position":3,"name":"Jeux 4 filtres + membrane 50 GPD osmose inverse compatible Nt02"}]},{"@type":"WebSite","@id":"https:\/\/tienda.depuragua.com\/fr\/#website","url":"https:\/\/tienda.depuragua.com\/fr\/","name":"Depuragua","description":"Depuragua","publisher":{"@id":"https:\/\/tienda.depuragua.com\/fr\/#organization"},"potentialAction":[{"@type":"SearchAction","target":{"@type":"EntryPoint","urlTemplate":"https:\/\/tienda.depuragua.com\/fr\/?s={search_term_string}"},"query-input":"required name=search_term_string"}],"inLanguage":"fr-FR"},{"@type":"Organization","@id":"https:\/\/tienda.depuragua.com\/fr\/#organization","name":"Depuragua","url":"https:\/\/tienda.depuragua.com\/fr\/","logo":{"@type":"ImageObject","inLanguage":"fr-FR","@id":"https:\/\/tienda.depuragua.com\/fr\/#\/schema\/logo\/image\/","url":"https:\/\/tienda.depuragua.com\/wp-content\/uploads\/2023\/11\/logodepuragua.png","contentUrl":"https:\/\/tienda.depuragua.com\/wp-content\/uploads\/2023\/11\/logodepuragua.png","width":1000,"height":340,"caption":"Depuragua"},"image":{"@id":"https:\/\/tienda.depuragua.com\/fr\/#\/schema\/logo\/image\/"},"sameAs":["https:\/\/www.facebook.com\/depuraguaonline","https:\/\/twitter.com\/AquatechIntl"]}]}},"_links":{"self":[{"href":"https:\/\/tienda.depuragua.com\/fr\/wp-json\/wp\/v2\/product\/249292"}],"collection":[{"href":"https:\/\/tienda.depuragua.com\/fr\/wp-json\/wp\/v2\/product"}],"about":[{"href":"https:\/\/tienda.depuragua.com\/fr\/wp-json\/wp\/v2\/types\/product"}],"replies":[{"embeddable":true,"href":"https:\/\/tienda.depuragua.com\/fr\/wp-json\/wp\/v2\/comments?post=249292"}],"wp:featuredmedia":[{"embeddable":true,"href":"https:\/\/tienda.depuragua.com\/fr\/wp-json\/wp\/v2\/media\/286343"}],"wp:attachment":[{"href":"https:\/\/tienda.depuragua.com\/fr\/wp-json\/wp\/v2\/media?parent=249292"}],"wp:term":[{"taxonomy":"product_cat","embeddable":true,"href":"https:\/\/tienda.depuragua.com\/fr\/wp-json\/wp\/v2\/product_cat?post=249292"},{"taxonomy":"product_tag","embeddable":true,"href":"https:\/\/tienda.depuragua.com\/fr\/wp-json\/wp\/v2\/product_tag?post=249292"}],"curies":[{"name":"wp","href":"https:\/\/api.w.org\/{rel}","templated":true}]}}