{"id":249061,"date":"2015-10-01T09:35:54","date_gmt":"2015-10-01T08:35:54","guid":{"rendered":"https:\/\/nueva.depuragua.com\/producto\/osmoseur-residentiel-compact-n03t-blue-avec-pompe\/"},"modified":"2025-06-28T15:32:57","modified_gmt":"2025-06-28T14:32:57","slug":"osmoseur-residentiel-compact-n03t-blue-avec-pompe","status":"publish","type":"product","link":"https:\/\/tienda.depuragua.com\/fr\/producto\/osmoseur-residentiel-compact-n03t-blue-avec-pompe\/","title":{"rendered":"Osmoseur r\u00e9sidentiel compact N03T Blue Avec Pompe"},"content":{"rendered":"<p><strong>Osmose inverse r\u00e9sidentiel compact N03T avec pompe<\/strong><\/p>\n<p><strong>Membrana 75 GPD<\/strong><\/p>\n<p><strong>5 niveaux de filtration, compact et car\u00e9n\u00e9 :<br \/>un syst\u00e8me pratique pour une eau pure au quotidien<\/strong><\/p>\n<p>\u00a0<\/p>\n<p>Vous avez\u00a0<strong>peu de place sous l&#8217;\u00e9vier<\/strong>\u00a0?<\/p>\n<p>Vous souhaitez un\u00a0<strong>syst\u00e8me prot\u00e9g\u00e9<\/strong>\u00a0qui s&#8217;int\u00e8gre harmonieusement ?<\/p>\n<p><strong>Alors ce mod\u00e8le est fait pour vous !<\/strong><\/p>\n<p>\u00a0<\/p>\n<p><strong>Design \u00e9l\u00e9gant, &#8220;tout en un&#8221;, osmoseur peu encombrant<\/strong><\/p>\n<p>\u00a0<\/p>\n<p>Ce mod\u00e8le, avec\u00a0<strong>r\u00e9serve int\u00e9gr\u00e9e<\/strong>, trouvera facilement sa place dans votre cuisine, gr\u00e2ce \u00e0 son encombrement r\u00e9duit.<\/p>\n<p>Le\u00a0<strong>car\u00e9nage<\/strong>, outre son aspect esth\u00e9tique, prot\u00e8gera efficacement l&#8217;appareil.<\/p>\n<\/p>\n<p>\u00a0<\/p>\n<p><strong>Changement des filtres ais\u00e9<\/strong><\/p>\n<p>\u00a0<\/p>\n<p>D&#8217;un acc\u00e8s facile, les 3 pr\u00e9-filtres se vissent tout simplement !<\/p>\n<p>\u00a0<\/p>\n<p><strong>Cet osmoseur sous \u00e9vier am\u00e9liore \u00e0 la fois le go\u00fbt et la qualit\u00e9 de votre eau<\/strong>, il est capable d&#8217;enlever :<\/p>\n<ul>\n<li>plus de 95% du total des solides dissous (plomb, cuivre, baryum, chrome, mercure, sodium, cadmium, fluorure, nitrite, nitrate, s\u00e9l\u00e9nium, r\u00e9sidus m\u00e9dicamenteux&#8230;)<\/li>\n<li>99% de toutes les mati\u00e8res organiques (chloroforme, DBCP, trichloro\u00e9thyl\u00e8ne, t\u00e9trachloro\u00e9thyl\u00e8ne, chlore de t\u00e9trachlorure de carbone&#8230;)<\/li>\n<li>99% de toutes les bact\u00e9ries<\/li>\n<li>99% du chlore<\/li>\n<\/ul>\n<p>\u00a0<\/p>\n","protected":false},"excerpt":{"rendered":"<p><strong><strong>Osmose inverse r\u00e9sidentiel compact N03T avec pompe<\/strong><\/strong><\/p>\n<p>5 niveaux de filtration, compact et car\u00e9n\u00e9 :<br \/>un syst\u00e8me pratique pour une eau pure au quotidien<\/p>\n<p>\u00a0<\/p>\n<p>Vous avez\u00a0peu de place sous l&#8217;\u00e9vier\u00a0?<\/p>\n<p>Vous souhaitez un\u00a0syst\u00e8me prot\u00e9g\u00e9\u00a0qui s&#8217;int\u00e8gre harmonieusement ?<\/p>\n<p>Alors ce mod\u00e8le est fait pour vous !<\/p>\n<p>\u00a0<\/p>\n<p>Design \u00e9l\u00e9gant, &#8220;tout en un&#8221;, osmoseur peu encombrant\u00a0<\/p>\n","protected":false},"featured_media":286517,"comment_status":"open","ping_status":"closed","template":"","meta":{"_et_pb_use_builder":"","_et_pb_old_content":"","_et_gb_content_width":""},"product_cat":[1757],"product_tag":[],"yoast_head":"<!-- This site is optimized with the Yoast SEO plugin v22.1 - https:\/\/yoast.com\/wordpress\/plugins\/seo\/ -->\n<title>Osmoseur r\u00e9sidentiel compact N03T<\/title>\n<meta name=\"description\" content=\"Osmoseur r\u00e9sidentiel compact N03T\" \/>\n<meta name=\"robots\" content=\"index, follow, max-snippet:-1, max-image-preview:large, max-video-preview:-1\" \/>\n<link rel=\"canonical\" href=\"https:\/\/tienda.depuragua.com\/fr\/producto\/osmoseur-residentiel-compact-n03t-blue-avec-pompe\/\" \/>\n<meta property=\"og:locale\" content=\"fr_FR\" \/>\n<meta property=\"og:type\" content=\"article\" \/>\n<meta property=\"og:title\" content=\"Osmoseur r\u00e9sidentiel compact N03T\" \/>\n<meta property=\"og:description\" content=\"Osmoseur r\u00e9sidentiel compact N03T\" \/>\n<meta property=\"og:url\" content=\"https:\/\/tienda.depuragua.com\/fr\/producto\/osmoseur-residentiel-compact-n03t-blue-avec-pompe\/\" \/>\n<meta property=\"og:site_name\" content=\"Depuragua\" \/>\n<meta property=\"article:publisher\" content=\"https:\/\/www.facebook.com\/depuraguaonline\" \/>\n<meta property=\"article:modified_time\" content=\"2025-06-28T14:32:57+00:00\" \/>\n<meta property=\"og:image\" content=\"https:\/\/tienda.depuragua.com\/wp-content\/uploads\/2015\/10\/905-thickbox_default-Osmoseur-residentiel-compact-N03T-Blue-Avec-Pompe.jpg\" \/>\n\t<meta property=\"og:image:width\" content=\"800\" \/>\n\t<meta property=\"og:image:height\" content=\"800\" \/>\n\t<meta property=\"og:image:type\" content=\"image\/jpeg\" \/>\n<meta name=\"twitter:card\" content=\"summary_large_image\" \/>\n<meta name=\"twitter:site\" content=\"@AquatechIntl\" \/>\n<meta name=\"twitter:label1\" content=\"Dur\u00e9e de lecture estim\u00e9e\" \/>\n\t<meta name=\"twitter:data1\" content=\"1 minute\" \/>\n<script type=\"application\/ld+json\" class=\"yoast-schema-graph\">{\"@context\":\"https:\/\/schema.org\",\"@graph\":[{\"@type\":\"WebPage\",\"@id\":\"https:\/\/tienda.depuragua.com\/fr\/producto\/osmoseur-residentiel-compact-n03t-blue-avec-pompe\/\",\"url\":\"https:\/\/tienda.depuragua.com\/fr\/producto\/osmoseur-residentiel-compact-n03t-blue-avec-pompe\/\",\"name\":\"Osmoseur r\u00e9sidentiel compact N03T\",\"isPartOf\":{\"@id\":\"https:\/\/tienda.depuragua.com\/fr\/#website\"},\"datePublished\":\"2015-10-01T08:35:54+00:00\",\"dateModified\":\"2025-06-28T14:32:57+00:00\",\"description\":\"Osmoseur r\u00e9sidentiel compact N03T\",\"breadcrumb\":{\"@id\":\"https:\/\/tienda.depuragua.com\/fr\/producto\/osmoseur-residentiel-compact-n03t-blue-avec-pompe\/#breadcrumb\"},\"inLanguage\":\"fr-FR\",\"potentialAction\":[{\"@type\":\"ReadAction\",\"target\":[\"https:\/\/tienda.depuragua.com\/fr\/producto\/osmoseur-residentiel-compact-n03t-blue-avec-pompe\/\"]}]},{\"@type\":\"BreadcrumbList\",\"@id\":\"https:\/\/tienda.depuragua.com\/fr\/producto\/osmoseur-residentiel-compact-n03t-blue-avec-pompe\/#breadcrumb\",\"itemListElement\":[{\"@type\":\"ListItem\",\"position\":1,\"name\":\"Portada\",\"item\":\"https:\/\/tienda.depuragua.com\/fr\/\"},{\"@type\":\"ListItem\",\"position\":2,\"name\":\"Magasin\",\"item\":\"https:\/\/tienda.depuragua.com\/\"},{\"@type\":\"ListItem\",\"position\":3,\"name\":\"Osmoseur r\u00e9sidentiel compact N03T Blue Avec Pompe\"}]},{\"@type\":\"WebSite\",\"@id\":\"https:\/\/tienda.depuragua.com\/fr\/#website\",\"url\":\"https:\/\/tienda.depuragua.com\/fr\/\",\"name\":\"Depuragua\",\"description\":\"Depuragua\",\"publisher\":{\"@id\":\"https:\/\/tienda.depuragua.com\/fr\/#organization\"},\"potentialAction\":[{\"@type\":\"SearchAction\",\"target\":{\"@type\":\"EntryPoint\",\"urlTemplate\":\"https:\/\/tienda.depuragua.com\/fr\/?s={search_term_string}\"},\"query-input\":\"required name=search_term_string\"}],\"inLanguage\":\"fr-FR\"},{\"@type\":\"Organization\",\"@id\":\"https:\/\/tienda.depuragua.com\/fr\/#organization\",\"name\":\"Depuragua\",\"url\":\"https:\/\/tienda.depuragua.com\/fr\/\",\"logo\":{\"@type\":\"ImageObject\",\"inLanguage\":\"fr-FR\",\"@id\":\"https:\/\/tienda.depuragua.com\/fr\/#\/schema\/logo\/image\/\",\"url\":\"https:\/\/tienda.depuragua.com\/wp-content\/uploads\/2023\/11\/logodepuragua.png\",\"contentUrl\":\"https:\/\/tienda.depuragua.com\/wp-content\/uploads\/2023\/11\/logodepuragua.png\",\"width\":1000,\"height\":340,\"caption\":\"Depuragua\"},\"image\":{\"@id\":\"https:\/\/tienda.depuragua.com\/fr\/#\/schema\/logo\/image\/\"},\"sameAs\":[\"https:\/\/www.facebook.com\/depuraguaonline\",\"https:\/\/twitter.com\/AquatechIntl\"]}]}<\/script>\n<!-- \/ Yoast SEO plugin. -->","yoast_head_json":{"title":"Osmoseur r\u00e9sidentiel compact N03T","description":"Osmoseur r\u00e9sidentiel compact N03T","robots":{"index":"index","follow":"follow","max-snippet":"max-snippet:-1","max-image-preview":"max-image-preview:large","max-video-preview":"max-video-preview:-1"},"canonical":"https:\/\/tienda.depuragua.com\/fr\/producto\/osmoseur-residentiel-compact-n03t-blue-avec-pompe\/","og_locale":"fr_FR","og_type":"article","og_title":"Osmoseur r\u00e9sidentiel compact N03T","og_description":"Osmoseur r\u00e9sidentiel compact N03T","og_url":"https:\/\/tienda.depuragua.com\/fr\/producto\/osmoseur-residentiel-compact-n03t-blue-avec-pompe\/","og_site_name":"Depuragua","article_publisher":"https:\/\/www.facebook.com\/depuraguaonline","article_modified_time":"2025-06-28T14:32:57+00:00","og_image":[{"width":800,"height":800,"url":"https:\/\/tienda.depuragua.com\/wp-content\/uploads\/2015\/10\/905-thickbox_default-Osmoseur-residentiel-compact-N03T-Blue-Avec-Pompe.jpg","type":"image\/jpeg"}],"twitter_card":"summary_large_image","twitter_site":"@AquatechIntl","twitter_misc":{"Dur\u00e9e de lecture estim\u00e9e":"1 minute"},"schema":{"@context":"https:\/\/schema.org","@graph":[{"@type":"WebPage","@id":"https:\/\/tienda.depuragua.com\/fr\/producto\/osmoseur-residentiel-compact-n03t-blue-avec-pompe\/","url":"https:\/\/tienda.depuragua.com\/fr\/producto\/osmoseur-residentiel-compact-n03t-blue-avec-pompe\/","name":"Osmoseur r\u00e9sidentiel compact N03T","isPartOf":{"@id":"https:\/\/tienda.depuragua.com\/fr\/#website"},"datePublished":"2015-10-01T08:35:54+00:00","dateModified":"2025-06-28T14:32:57+00:00","description":"Osmoseur r\u00e9sidentiel compact N03T","breadcrumb":{"@id":"https:\/\/tienda.depuragua.com\/fr\/producto\/osmoseur-residentiel-compact-n03t-blue-avec-pompe\/#breadcrumb"},"inLanguage":"fr-FR","potentialAction":[{"@type":"ReadAction","target":["https:\/\/tienda.depuragua.com\/fr\/producto\/osmoseur-residentiel-compact-n03t-blue-avec-pompe\/"]}]},{"@type":"BreadcrumbList","@id":"https:\/\/tienda.depuragua.com\/fr\/producto\/osmoseur-residentiel-compact-n03t-blue-avec-pompe\/#breadcrumb","itemListElement":[{"@type":"ListItem","position":1,"name":"Portada","item":"https:\/\/tienda.depuragua.com\/fr\/"},{"@type":"ListItem","position":2,"name":"Magasin","item":"https:\/\/tienda.depuragua.com\/"},{"@type":"ListItem","position":3,"name":"Osmoseur r\u00e9sidentiel compact N03T Blue Avec Pompe"}]},{"@type":"WebSite","@id":"https:\/\/tienda.depuragua.com\/fr\/#website","url":"https:\/\/tienda.depuragua.com\/fr\/","name":"Depuragua","description":"Depuragua","publisher":{"@id":"https:\/\/tienda.depuragua.com\/fr\/#organization"},"potentialAction":[{"@type":"SearchAction","target":{"@type":"EntryPoint","urlTemplate":"https:\/\/tienda.depuragua.com\/fr\/?s={search_term_string}"},"query-input":"required name=search_term_string"}],"inLanguage":"fr-FR"},{"@type":"Organization","@id":"https:\/\/tienda.depuragua.com\/fr\/#organization","name":"Depuragua","url":"https:\/\/tienda.depuragua.com\/fr\/","logo":{"@type":"ImageObject","inLanguage":"fr-FR","@id":"https:\/\/tienda.depuragua.com\/fr\/#\/schema\/logo\/image\/","url":"https:\/\/tienda.depuragua.com\/wp-content\/uploads\/2023\/11\/logodepuragua.png","contentUrl":"https:\/\/tienda.depuragua.com\/wp-content\/uploads\/2023\/11\/logodepuragua.png","width":1000,"height":340,"caption":"Depuragua"},"image":{"@id":"https:\/\/tienda.depuragua.com\/fr\/#\/schema\/logo\/image\/"},"sameAs":["https:\/\/www.facebook.com\/depuraguaonline","https:\/\/twitter.com\/AquatechIntl"]}]}},"_links":{"self":[{"href":"https:\/\/tienda.depuragua.com\/fr\/wp-json\/wp\/v2\/product\/249061"}],"collection":[{"href":"https:\/\/tienda.depuragua.com\/fr\/wp-json\/wp\/v2\/product"}],"about":[{"href":"https:\/\/tienda.depuragua.com\/fr\/wp-json\/wp\/v2\/types\/product"}],"replies":[{"embeddable":true,"href":"https:\/\/tienda.depuragua.com\/fr\/wp-json\/wp\/v2\/comments?post=249061"}],"wp:featuredmedia":[{"embeddable":true,"href":"https:\/\/tienda.depuragua.com\/fr\/wp-json\/wp\/v2\/media\/286517"}],"wp:attachment":[{"href":"https:\/\/tienda.depuragua.com\/fr\/wp-json\/wp\/v2\/media?parent=249061"}],"wp:term":[{"taxonomy":"product_cat","embeddable":true,"href":"https:\/\/tienda.depuragua.com\/fr\/wp-json\/wp\/v2\/product_cat?post=249061"},{"taxonomy":"product_tag","embeddable":true,"href":"https:\/\/tienda.depuragua.com\/fr\/wp-json\/wp\/v2\/product_tag?post=249061"}],"curies":[{"name":"wp","href":"https:\/\/api.w.org\/{rel}","templated":true}]}}