{"id":248746,"date":"2014-06-18T23:32:45","date_gmt":"2014-06-18T22:32:45","guid":{"rendered":"https:\/\/nueva.depuragua.com\/producto\/recharge-pomme-douche-avec-vitamine-c-anti-chlore\/"},"modified":"2023-12-04T15:57:59","modified_gmt":"2023-12-04T14:57:59","slug":"recharge-pomme-douche-avec-vitamine-c-anti-chlore","status":"publish","type":"product","link":"https:\/\/tienda.depuragua.com\/fr\/producto\/recharge-pomme-douche-avec-vitamine-c-anti-chlore\/","title":{"rendered":"Recharge pomme douche avec vitamine C ANTI-CHLORE"},"content":{"rendered":"<h4>RECHARGE<\/h4>\n<h4>Pomme de douche avec vitamine C et ions n\u00e9gatifs\u00a0Filtre anti-chlore par KDF pour la douche et bain, \u00e9limine 95% du chlore de l&#8217;eau\u00a0\u00a0<\/h4>\n<p>\u00a0<\/p>\n<p>Appr\u00e9ciez une douche \u00e0 l&#8217;aromath\u00e9rapie et sans chlore\u00a0pour une peau plus saine et des cheveux soyeux\u00a0tout en \u00e9conomisant l&#8217;eau<\/p>\n<p>\u00a0<\/p>\n<table border=\"0\" cellspacing=\"0\" cellpadding=\"0\">\n<tbody>\n<tr>\n<td width=\"25%\"><\/td>\n<td width=\"25%\"><img loading=\"lazy\" decoding=\"async\" class=\" size-full wp-image-228179\" title=\"Pomme de douche qui \u00e9limine 98% du chlore\" src=\"https:\/\/tienda.depuragua.com\/wp-content\/uploads\/2014\/06\/Douche-sans-chlore-Pomme-de-douche-qui-elimine-98u-chlore.jpg\" alt=\"Pomme de douche qui \u00e9limine 98% du chlore\" width=\"87\" height=\"87\" \/><\/td>\n<td width=\"25%\"><img loading=\"lazy\" decoding=\"async\" class=\" size-full wp-image-228182\" title=\"Pomme de douche qui ajoute de la vitamine C\" src=\"https:\/\/tienda.depuragua.com\/wp-content\/uploads\/2014\/06\/Vitamine-C-Pomme-de-douche-qui-ajoute-de-la-vitamine-C.jpg\" alt=\"Pomme de douche qui ajoute de la vitamine C\" width=\"87\" height=\"87\" \/><\/td>\n<td width=\"25%\"><img loading=\"lazy\" decoding=\"async\" class=\" size-full wp-image-228185\" title=\"Pomme de douche qui cr\u00e9e des ions n\u00e9gatifs\" src=\"https:\/\/tienda.depuragua.com\/wp-content\/uploads\/2014\/06\/Ions-negatifs-Pomme-de-douche-qui-cree-des-ions-negatifs.jpg\" alt=\"Pomme de douche qui cr\u00e9e des ions n\u00e9gatifs\" width=\"87\" height=\"87\" \/><\/td>\n<\/tr>\n<tr>\n<td><strong>Aromatis\u00e9e<\/strong><br \/>Citron, jasmin<br \/>ou lavande<\/td>\n<td><strong>Sans chlore<\/strong><br \/>Enl\u00e8ve 98% du<br \/>chlore de l\u2019eau<\/td>\n<td><strong>Vitamine C<\/strong><br \/>Equivalent \u00e0<br \/>3 000 citrons<\/td>\n<td><strong>Purifie l&#8217;air<\/strong><br \/>Plus de 400 000<br \/>ions n\u00e9gatifs au cm\u00b3<\/td>\n<\/tr>\n<\/tbody>\n<\/table>\n<h2>\u00a0<\/h2>\n<h4>Conception \u00e9cologique permettant d\u2019\u00e9conomiser 25% d\u2019eau :<\/h4>\n<p>Permet d\u2019optimiser la pression de l\u2019eau environ 1,5 fois mieux que les pommes de douche traditionnelles.<\/p>\n<p>\u00a0<\/p>\n<h4>Installation tr\u00e8s facile, sans outil :<\/h4>\n<p>La pomme de douche se visse au bout du flexible, le filetage est standard.<\/p>\n<p>\u00a0<\/p>\n<h4>R\u00f4le de la vitamine C pour la peau :<\/h4>\n<ul class=\"bullet\">\n<li><strong>Antioxydant :<\/strong>\u00a0dot\u00e9 d&#8217;un fort pouvoir nettoyant.<\/li>\n<li><strong>Prot\u00e8ge la peau :<\/strong>\u00a0Sous forme d\u2019acide ascorbique, prot\u00e8ge la peau contre les rayons UVB en contr\u00f4lant la quantit\u00e9 de m\u00e9lanine.<\/li>\n<li><strong>Acc\u00e9l\u00e8re la formation du collag\u00e8ne :<\/strong>\u00a0Sous forme d\u2019acide ascorbique qui acc\u00e9l\u00e8re la formation du collag\u00e8ne et am\u00e9liore l\u2019\u00e9lasticit\u00e9 de la peau.<\/li>\n<li><strong>Acc\u00e9l\u00e8re la restauration des cellules :<\/strong>\u00a0Stimule les r\u00e9cepteurs et permet \u00e0 chaque cellule d&#8217;\u00eatre plus active.<\/li>\n<\/ul>\n","protected":false},"excerpt":{"rendered":"<h4>RECHARGE Pomme de douche avec vitamine C et ions n\u00e9gatifs<\/h4>\n<p>Filtre anti-chlore par KDF pour la douche et bain : \u00e9limine 95% du chlore de l&#8217;eau\u00a0<\/p>\n","protected":false},"featured_media":286715,"comment_status":"open","ping_status":"closed","template":"","meta":{"_et_pb_use_builder":"","_et_pb_old_content":"","_et_gb_content_width":""},"product_cat":[1763],"product_tag":[],"yoast_head":"<!-- This site is optimized with the Yoast SEO plugin v22.1 - https:\/\/yoast.com\/wordpress\/plugins\/seo\/ -->\n<title>Recharge pomme douche avec vitamine C ANTI-CHLORE<\/title>\n<meta name=\"description\" content=\"Recharge pomme douche avec vitamine C ANTI-CHLORE\" \/>\n<meta name=\"robots\" content=\"index, follow, max-snippet:-1, max-image-preview:large, max-video-preview:-1\" \/>\n<link rel=\"canonical\" href=\"https:\/\/tienda.depuragua.com\/fr\/producto\/recharge-pomme-douche-avec-vitamine-c-anti-chlore\/\" \/>\n<meta property=\"og:locale\" content=\"fr_FR\" \/>\n<meta property=\"og:type\" content=\"article\" \/>\n<meta property=\"og:title\" content=\"Recharge pomme douche avec vitamine C ANTI-CHLORE\" \/>\n<meta property=\"og:description\" content=\"Recharge pomme douche avec vitamine C ANTI-CHLORE\" \/>\n<meta property=\"og:url\" content=\"https:\/\/tienda.depuragua.com\/fr\/producto\/recharge-pomme-douche-avec-vitamine-c-anti-chlore\/\" \/>\n<meta property=\"og:site_name\" content=\"Depuragua\" \/>\n<meta property=\"article:publisher\" content=\"https:\/\/www.facebook.com\/depuraguaonline\" \/>\n<meta property=\"article:modified_time\" content=\"2023-12-04T14:57:59+00:00\" \/>\n<meta property=\"og:image\" content=\"https:\/\/tienda.depuragua.com\/wp-content\/uploads\/2014\/06\/522-thickbox_default-Osmosis-domestica-RO-50G-A01.jpg\" \/>\n\t<meta property=\"og:image:width\" content=\"800\" \/>\n\t<meta property=\"og:image:height\" content=\"800\" \/>\n\t<meta property=\"og:image:type\" content=\"image\/jpeg\" \/>\n<meta name=\"twitter:card\" content=\"summary_large_image\" \/>\n<meta name=\"twitter:site\" content=\"@AquatechIntl\" \/>\n<meta name=\"twitter:label1\" content=\"Dur\u00e9e de lecture estim\u00e9e\" \/>\n\t<meta name=\"twitter:data1\" content=\"1 minute\" \/>\n<script type=\"application\/ld+json\" class=\"yoast-schema-graph\">{\"@context\":\"https:\/\/schema.org\",\"@graph\":[{\"@type\":\"WebPage\",\"@id\":\"https:\/\/tienda.depuragua.com\/fr\/producto\/recharge-pomme-douche-avec-vitamine-c-anti-chlore\/\",\"url\":\"https:\/\/tienda.depuragua.com\/fr\/producto\/recharge-pomme-douche-avec-vitamine-c-anti-chlore\/\",\"name\":\"Recharge pomme douche avec vitamine C ANTI-CHLORE\",\"isPartOf\":{\"@id\":\"https:\/\/tienda.depuragua.com\/fr\/#website\"},\"datePublished\":\"2014-06-18T22:32:45+00:00\",\"dateModified\":\"2023-12-04T14:57:59+00:00\",\"description\":\"Recharge pomme douche avec vitamine C ANTI-CHLORE\",\"breadcrumb\":{\"@id\":\"https:\/\/tienda.depuragua.com\/fr\/producto\/recharge-pomme-douche-avec-vitamine-c-anti-chlore\/#breadcrumb\"},\"inLanguage\":\"fr-FR\",\"potentialAction\":[{\"@type\":\"ReadAction\",\"target\":[\"https:\/\/tienda.depuragua.com\/fr\/producto\/recharge-pomme-douche-avec-vitamine-c-anti-chlore\/\"]}]},{\"@type\":\"BreadcrumbList\",\"@id\":\"https:\/\/tienda.depuragua.com\/fr\/producto\/recharge-pomme-douche-avec-vitamine-c-anti-chlore\/#breadcrumb\",\"itemListElement\":[{\"@type\":\"ListItem\",\"position\":1,\"name\":\"Portada\",\"item\":\"https:\/\/tienda.depuragua.com\/fr\/\"},{\"@type\":\"ListItem\",\"position\":2,\"name\":\"Magasin\",\"item\":\"https:\/\/tienda.depuragua.com\/\"},{\"@type\":\"ListItem\",\"position\":3,\"name\":\"Recharge pomme douche avec vitamine C ANTI-CHLORE\"}]},{\"@type\":\"WebSite\",\"@id\":\"https:\/\/tienda.depuragua.com\/fr\/#website\",\"url\":\"https:\/\/tienda.depuragua.com\/fr\/\",\"name\":\"Depuragua\",\"description\":\"Depuragua\",\"publisher\":{\"@id\":\"https:\/\/tienda.depuragua.com\/fr\/#organization\"},\"potentialAction\":[{\"@type\":\"SearchAction\",\"target\":{\"@type\":\"EntryPoint\",\"urlTemplate\":\"https:\/\/tienda.depuragua.com\/fr\/?s={search_term_string}\"},\"query-input\":\"required name=search_term_string\"}],\"inLanguage\":\"fr-FR\"},{\"@type\":\"Organization\",\"@id\":\"https:\/\/tienda.depuragua.com\/fr\/#organization\",\"name\":\"Depuragua\",\"url\":\"https:\/\/tienda.depuragua.com\/fr\/\",\"logo\":{\"@type\":\"ImageObject\",\"inLanguage\":\"fr-FR\",\"@id\":\"https:\/\/tienda.depuragua.com\/fr\/#\/schema\/logo\/image\/\",\"url\":\"https:\/\/tienda.depuragua.com\/wp-content\/uploads\/2023\/11\/logodepuragua.png\",\"contentUrl\":\"https:\/\/tienda.depuragua.com\/wp-content\/uploads\/2023\/11\/logodepuragua.png\",\"width\":1000,\"height\":340,\"caption\":\"Depuragua\"},\"image\":{\"@id\":\"https:\/\/tienda.depuragua.com\/fr\/#\/schema\/logo\/image\/\"},\"sameAs\":[\"https:\/\/www.facebook.com\/depuraguaonline\",\"https:\/\/twitter.com\/AquatechIntl\"]}]}<\/script>\n<!-- \/ Yoast SEO plugin. -->","yoast_head_json":{"title":"Recharge pomme douche avec vitamine C ANTI-CHLORE","description":"Recharge pomme douche avec vitamine C ANTI-CHLORE","robots":{"index":"index","follow":"follow","max-snippet":"max-snippet:-1","max-image-preview":"max-image-preview:large","max-video-preview":"max-video-preview:-1"},"canonical":"https:\/\/tienda.depuragua.com\/fr\/producto\/recharge-pomme-douche-avec-vitamine-c-anti-chlore\/","og_locale":"fr_FR","og_type":"article","og_title":"Recharge pomme douche avec vitamine C ANTI-CHLORE","og_description":"Recharge pomme douche avec vitamine C ANTI-CHLORE","og_url":"https:\/\/tienda.depuragua.com\/fr\/producto\/recharge-pomme-douche-avec-vitamine-c-anti-chlore\/","og_site_name":"Depuragua","article_publisher":"https:\/\/www.facebook.com\/depuraguaonline","article_modified_time":"2023-12-04T14:57:59+00:00","og_image":[{"width":800,"height":800,"url":"https:\/\/tienda.depuragua.com\/wp-content\/uploads\/2014\/06\/522-thickbox_default-Osmosis-domestica-RO-50G-A01.jpg","type":"image\/jpeg"}],"twitter_card":"summary_large_image","twitter_site":"@AquatechIntl","twitter_misc":{"Dur\u00e9e de lecture estim\u00e9e":"1 minute"},"schema":{"@context":"https:\/\/schema.org","@graph":[{"@type":"WebPage","@id":"https:\/\/tienda.depuragua.com\/fr\/producto\/recharge-pomme-douche-avec-vitamine-c-anti-chlore\/","url":"https:\/\/tienda.depuragua.com\/fr\/producto\/recharge-pomme-douche-avec-vitamine-c-anti-chlore\/","name":"Recharge pomme douche avec vitamine C ANTI-CHLORE","isPartOf":{"@id":"https:\/\/tienda.depuragua.com\/fr\/#website"},"datePublished":"2014-06-18T22:32:45+00:00","dateModified":"2023-12-04T14:57:59+00:00","description":"Recharge pomme douche avec vitamine C ANTI-CHLORE","breadcrumb":{"@id":"https:\/\/tienda.depuragua.com\/fr\/producto\/recharge-pomme-douche-avec-vitamine-c-anti-chlore\/#breadcrumb"},"inLanguage":"fr-FR","potentialAction":[{"@type":"ReadAction","target":["https:\/\/tienda.depuragua.com\/fr\/producto\/recharge-pomme-douche-avec-vitamine-c-anti-chlore\/"]}]},{"@type":"BreadcrumbList","@id":"https:\/\/tienda.depuragua.com\/fr\/producto\/recharge-pomme-douche-avec-vitamine-c-anti-chlore\/#breadcrumb","itemListElement":[{"@type":"ListItem","position":1,"name":"Portada","item":"https:\/\/tienda.depuragua.com\/fr\/"},{"@type":"ListItem","position":2,"name":"Magasin","item":"https:\/\/tienda.depuragua.com\/"},{"@type":"ListItem","position":3,"name":"Recharge pomme douche avec vitamine C ANTI-CHLORE"}]},{"@type":"WebSite","@id":"https:\/\/tienda.depuragua.com\/fr\/#website","url":"https:\/\/tienda.depuragua.com\/fr\/","name":"Depuragua","description":"Depuragua","publisher":{"@id":"https:\/\/tienda.depuragua.com\/fr\/#organization"},"potentialAction":[{"@type":"SearchAction","target":{"@type":"EntryPoint","urlTemplate":"https:\/\/tienda.depuragua.com\/fr\/?s={search_term_string}"},"query-input":"required name=search_term_string"}],"inLanguage":"fr-FR"},{"@type":"Organization","@id":"https:\/\/tienda.depuragua.com\/fr\/#organization","name":"Depuragua","url":"https:\/\/tienda.depuragua.com\/fr\/","logo":{"@type":"ImageObject","inLanguage":"fr-FR","@id":"https:\/\/tienda.depuragua.com\/fr\/#\/schema\/logo\/image\/","url":"https:\/\/tienda.depuragua.com\/wp-content\/uploads\/2023\/11\/logodepuragua.png","contentUrl":"https:\/\/tienda.depuragua.com\/wp-content\/uploads\/2023\/11\/logodepuragua.png","width":1000,"height":340,"caption":"Depuragua"},"image":{"@id":"https:\/\/tienda.depuragua.com\/fr\/#\/schema\/logo\/image\/"},"sameAs":["https:\/\/www.facebook.com\/depuraguaonline","https:\/\/twitter.com\/AquatechIntl"]}]}},"_links":{"self":[{"href":"https:\/\/tienda.depuragua.com\/fr\/wp-json\/wp\/v2\/product\/248746"}],"collection":[{"href":"https:\/\/tienda.depuragua.com\/fr\/wp-json\/wp\/v2\/product"}],"about":[{"href":"https:\/\/tienda.depuragua.com\/fr\/wp-json\/wp\/v2\/types\/product"}],"replies":[{"embeddable":true,"href":"https:\/\/tienda.depuragua.com\/fr\/wp-json\/wp\/v2\/comments?post=248746"}],"wp:featuredmedia":[{"embeddable":true,"href":"https:\/\/tienda.depuragua.com\/fr\/wp-json\/wp\/v2\/media\/286715"}],"wp:attachment":[{"href":"https:\/\/tienda.depuragua.com\/fr\/wp-json\/wp\/v2\/media?parent=248746"}],"wp:term":[{"taxonomy":"product_cat","embeddable":true,"href":"https:\/\/tienda.depuragua.com\/fr\/wp-json\/wp\/v2\/product_cat?post=248746"},{"taxonomy":"product_tag","embeddable":true,"href":"https:\/\/tienda.depuragua.com\/fr\/wp-json\/wp\/v2\/product_tag?post=248746"}],"curies":[{"name":"wp","href":"https:\/\/api.w.org\/{rel}","templated":true}]}}