{"id":248677,"date":"2014-03-24T13:02:06","date_gmt":"2014-03-24T12:02:06","guid":{"rendered":"https:\/\/nueva.depuragua.com\/producto\/lampe-sterilisateur-uv-12-wats\/"},"modified":"2014-03-24T13:02:06","modified_gmt":"2014-03-24T12:02:06","slug":"lampe-sterilisateur-uv-12-wats","status":"publish","type":"product","link":"https:\/\/tienda.depuragua.com\/fr\/producto\/lampe-sterilisateur-uv-12-wats\/","title":{"rendered":"Lampe st\u00e9rilisateur UV 12 Wats"},"content":{"rendered":"<p>Lampe pour assainisseur UV Kit 12 Watts pour un d\u00e9bit de 0,8 GPM <br \/>L&#8217;utilisation d&#8217;un \u00e9quipement lumi\u00e8re ultraviolette du st\u00e9rilisateur est une m\u00e9thode efficace et rapide de d\u00e9sinfection de l&#8217;eau sans l&#8217;utilisation de la chaleur ou des produits chimiques dangereux. Lumi\u00e8re UV germicide utilis\u00e9 pour inactiver les bact\u00e9ries rapidement et de fa\u00e7on fiable, les virus et autres micro-organismes pr\u00e9sents dans l&#8217;eau. Son fonctionnement simple et une grande efficacit\u00e9 nous donne un \u00e9quipement de lumi\u00e8re ultraviolette de st\u00e9rilisation appropri\u00e9 pour toutes les applications o\u00f9 il est n\u00e9cessaire d&#8217;am\u00e9liorer la qualit\u00e9 de l&#8217;eau. <br \/>Caract\u00e9ristiques techniques de l&#8217;unit\u00e9 12 Watts: <br \/>marque Hidrotec <br \/>Mod\u00e8le UV-12W <br \/>Bride connexions DIN \u00e0 4 broches roue 2 de chaque c\u00f4t\u00e9. <br \/>Tenir le om\u00e9ga de la lampe de serrage Syst\u00e8me 2 &#8220;<br \/>Puissance par lampe 12 watts <br \/>Nombre de lampes: 1 (un) <br \/>Consommation totale: 50 mA <br \/>Puissance totale: 50 Watts Inclus w ma <br \/>Tube de tampon Mat\u00e9riel: Quartz <br \/>Lampe germicide Mat\u00e9riel: 99% de SiO2 <br \/>D\u00e9bit nominal: 0,8 gpm <br \/>Libre circulation ou osmose: 1. Gpm <br \/>Dose nominale germicide:&gt; 30.000 U.G. uW\/cm2 <br \/>Fr\u00e9quence. 50-60 hz <br \/>Dur\u00e9e de vie (heures): 8000<\/p>\n","protected":false},"excerpt":{"rendered":"<p>Lampe pour assainisseur UV Kit 12 Watts pour un d\u00e9bit de 0,8 GPM\u00a0<br \/>L&#8217;utilisation d&#8217;un \u00e9quipement lumi\u00e8re ultraviolette du st\u00e9rilisateur est une m\u00e9thode efficace et rapide de d\u00e9sinfection de l&#8217;eau sans l&#8217;utilisation de la chaleur ou des produits chimiques dangereux.<\/p>\n","protected":false},"featured_media":286085,"comment_status":"open","ping_status":"closed","template":"","meta":{"_et_pb_use_builder":"","_et_pb_old_content":"","_et_gb_content_width":""},"product_cat":[1763],"product_tag":[],"yoast_head":"<!-- This site is optimized with the Yoast SEO plugin v22.1 - https:\/\/yoast.com\/wordpress\/plugins\/seo\/ -->\n<title>Lampe st\u00e9rilisateur UV 12 Wats<\/title>\n<meta name=\"description\" content=\"Lampe st\u00e9rilisateur UV 12 Wats\" \/>\n<meta name=\"robots\" content=\"index, follow, max-snippet:-1, max-image-preview:large, max-video-preview:-1\" \/>\n<link rel=\"canonical\" href=\"https:\/\/tienda.depuragua.com\/fr\/producto\/lampe-sterilisateur-uv-12-wats\/\" \/>\n<meta property=\"og:locale\" content=\"fr_FR\" \/>\n<meta property=\"og:type\" content=\"article\" \/>\n<meta property=\"og:title\" content=\"Lampe st\u00e9rilisateur UV 12 Wats\" \/>\n<meta property=\"og:description\" content=\"Lampe st\u00e9rilisateur UV 12 Wats\" \/>\n<meta property=\"og:url\" content=\"https:\/\/tienda.depuragua.com\/fr\/producto\/lampe-sterilisateur-uv-12-wats\/\" \/>\n<meta property=\"og:site_name\" content=\"Depuragua\" \/>\n<meta property=\"article:publisher\" content=\"https:\/\/www.facebook.com\/depuraguaonline\" \/>\n<meta property=\"og:image\" content=\"https:\/\/tienda.depuragua.com\/wp-content\/uploads\/2014\/03\/517-thickbox_default-Kit-depuracion-luz-ultravioleta-Osram-11Wats.jpg\" \/>\n\t<meta property=\"og:image:width\" content=\"800\" \/>\n\t<meta property=\"og:image:height\" content=\"800\" \/>\n\t<meta property=\"og:image:type\" content=\"image\/jpeg\" \/>\n<meta name=\"twitter:card\" content=\"summary_large_image\" \/>\n<meta name=\"twitter:site\" content=\"@AquatechIntl\" \/>\n<meta name=\"twitter:label1\" content=\"Dur\u00e9e de lecture estim\u00e9e\" \/>\n\t<meta name=\"twitter:data1\" content=\"1 minute\" \/>\n<script type=\"application\/ld+json\" class=\"yoast-schema-graph\">{\"@context\":\"https:\/\/schema.org\",\"@graph\":[{\"@type\":\"WebPage\",\"@id\":\"https:\/\/tienda.depuragua.com\/fr\/producto\/lampe-sterilisateur-uv-12-wats\/\",\"url\":\"https:\/\/tienda.depuragua.com\/fr\/producto\/lampe-sterilisateur-uv-12-wats\/\",\"name\":\"Lampe st\u00e9rilisateur UV 12 Wats\",\"isPartOf\":{\"@id\":\"https:\/\/tienda.depuragua.com\/fr\/#website\"},\"datePublished\":\"2014-03-24T12:02:06+00:00\",\"dateModified\":\"2014-03-24T12:02:06+00:00\",\"description\":\"Lampe st\u00e9rilisateur UV 12 Wats\",\"breadcrumb\":{\"@id\":\"https:\/\/tienda.depuragua.com\/fr\/producto\/lampe-sterilisateur-uv-12-wats\/#breadcrumb\"},\"inLanguage\":\"fr-FR\",\"potentialAction\":[{\"@type\":\"ReadAction\",\"target\":[\"https:\/\/tienda.depuragua.com\/fr\/producto\/lampe-sterilisateur-uv-12-wats\/\"]}]},{\"@type\":\"BreadcrumbList\",\"@id\":\"https:\/\/tienda.depuragua.com\/fr\/producto\/lampe-sterilisateur-uv-12-wats\/#breadcrumb\",\"itemListElement\":[{\"@type\":\"ListItem\",\"position\":1,\"name\":\"Portada\",\"item\":\"https:\/\/tienda.depuragua.com\/fr\/\"},{\"@type\":\"ListItem\",\"position\":2,\"name\":\"Magasin\",\"item\":\"https:\/\/tienda.depuragua.com\/\"},{\"@type\":\"ListItem\",\"position\":3,\"name\":\"Lampe st\u00e9rilisateur UV 12 Wats\"}]},{\"@type\":\"WebSite\",\"@id\":\"https:\/\/tienda.depuragua.com\/fr\/#website\",\"url\":\"https:\/\/tienda.depuragua.com\/fr\/\",\"name\":\"Depuragua\",\"description\":\"Depuragua\",\"publisher\":{\"@id\":\"https:\/\/tienda.depuragua.com\/fr\/#organization\"},\"potentialAction\":[{\"@type\":\"SearchAction\",\"target\":{\"@type\":\"EntryPoint\",\"urlTemplate\":\"https:\/\/tienda.depuragua.com\/fr\/?s={search_term_string}\"},\"query-input\":\"required name=search_term_string\"}],\"inLanguage\":\"fr-FR\"},{\"@type\":\"Organization\",\"@id\":\"https:\/\/tienda.depuragua.com\/fr\/#organization\",\"name\":\"Depuragua\",\"url\":\"https:\/\/tienda.depuragua.com\/fr\/\",\"logo\":{\"@type\":\"ImageObject\",\"inLanguage\":\"fr-FR\",\"@id\":\"https:\/\/tienda.depuragua.com\/fr\/#\/schema\/logo\/image\/\",\"url\":\"https:\/\/tienda.depuragua.com\/wp-content\/uploads\/2023\/11\/logodepuragua.png\",\"contentUrl\":\"https:\/\/tienda.depuragua.com\/wp-content\/uploads\/2023\/11\/logodepuragua.png\",\"width\":1000,\"height\":340,\"caption\":\"Depuragua\"},\"image\":{\"@id\":\"https:\/\/tienda.depuragua.com\/fr\/#\/schema\/logo\/image\/\"},\"sameAs\":[\"https:\/\/www.facebook.com\/depuraguaonline\",\"https:\/\/twitter.com\/AquatechIntl\"]}]}<\/script>\n<!-- \/ Yoast SEO plugin. -->","yoast_head_json":{"title":"Lampe st\u00e9rilisateur UV 12 Wats","description":"Lampe st\u00e9rilisateur UV 12 Wats","robots":{"index":"index","follow":"follow","max-snippet":"max-snippet:-1","max-image-preview":"max-image-preview:large","max-video-preview":"max-video-preview:-1"},"canonical":"https:\/\/tienda.depuragua.com\/fr\/producto\/lampe-sterilisateur-uv-12-wats\/","og_locale":"fr_FR","og_type":"article","og_title":"Lampe st\u00e9rilisateur UV 12 Wats","og_description":"Lampe st\u00e9rilisateur UV 12 Wats","og_url":"https:\/\/tienda.depuragua.com\/fr\/producto\/lampe-sterilisateur-uv-12-wats\/","og_site_name":"Depuragua","article_publisher":"https:\/\/www.facebook.com\/depuraguaonline","og_image":[{"width":800,"height":800,"url":"https:\/\/tienda.depuragua.com\/wp-content\/uploads\/2014\/03\/517-thickbox_default-Kit-depuracion-luz-ultravioleta-Osram-11Wats.jpg","type":"image\/jpeg"}],"twitter_card":"summary_large_image","twitter_site":"@AquatechIntl","twitter_misc":{"Dur\u00e9e de lecture estim\u00e9e":"1 minute"},"schema":{"@context":"https:\/\/schema.org","@graph":[{"@type":"WebPage","@id":"https:\/\/tienda.depuragua.com\/fr\/producto\/lampe-sterilisateur-uv-12-wats\/","url":"https:\/\/tienda.depuragua.com\/fr\/producto\/lampe-sterilisateur-uv-12-wats\/","name":"Lampe st\u00e9rilisateur UV 12 Wats","isPartOf":{"@id":"https:\/\/tienda.depuragua.com\/fr\/#website"},"datePublished":"2014-03-24T12:02:06+00:00","dateModified":"2014-03-24T12:02:06+00:00","description":"Lampe st\u00e9rilisateur UV 12 Wats","breadcrumb":{"@id":"https:\/\/tienda.depuragua.com\/fr\/producto\/lampe-sterilisateur-uv-12-wats\/#breadcrumb"},"inLanguage":"fr-FR","potentialAction":[{"@type":"ReadAction","target":["https:\/\/tienda.depuragua.com\/fr\/producto\/lampe-sterilisateur-uv-12-wats\/"]}]},{"@type":"BreadcrumbList","@id":"https:\/\/tienda.depuragua.com\/fr\/producto\/lampe-sterilisateur-uv-12-wats\/#breadcrumb","itemListElement":[{"@type":"ListItem","position":1,"name":"Portada","item":"https:\/\/tienda.depuragua.com\/fr\/"},{"@type":"ListItem","position":2,"name":"Magasin","item":"https:\/\/tienda.depuragua.com\/"},{"@type":"ListItem","position":3,"name":"Lampe st\u00e9rilisateur UV 12 Wats"}]},{"@type":"WebSite","@id":"https:\/\/tienda.depuragua.com\/fr\/#website","url":"https:\/\/tienda.depuragua.com\/fr\/","name":"Depuragua","description":"Depuragua","publisher":{"@id":"https:\/\/tienda.depuragua.com\/fr\/#organization"},"potentialAction":[{"@type":"SearchAction","target":{"@type":"EntryPoint","urlTemplate":"https:\/\/tienda.depuragua.com\/fr\/?s={search_term_string}"},"query-input":"required name=search_term_string"}],"inLanguage":"fr-FR"},{"@type":"Organization","@id":"https:\/\/tienda.depuragua.com\/fr\/#organization","name":"Depuragua","url":"https:\/\/tienda.depuragua.com\/fr\/","logo":{"@type":"ImageObject","inLanguage":"fr-FR","@id":"https:\/\/tienda.depuragua.com\/fr\/#\/schema\/logo\/image\/","url":"https:\/\/tienda.depuragua.com\/wp-content\/uploads\/2023\/11\/logodepuragua.png","contentUrl":"https:\/\/tienda.depuragua.com\/wp-content\/uploads\/2023\/11\/logodepuragua.png","width":1000,"height":340,"caption":"Depuragua"},"image":{"@id":"https:\/\/tienda.depuragua.com\/fr\/#\/schema\/logo\/image\/"},"sameAs":["https:\/\/www.facebook.com\/depuraguaonline","https:\/\/twitter.com\/AquatechIntl"]}]}},"_links":{"self":[{"href":"https:\/\/tienda.depuragua.com\/fr\/wp-json\/wp\/v2\/product\/248677"}],"collection":[{"href":"https:\/\/tienda.depuragua.com\/fr\/wp-json\/wp\/v2\/product"}],"about":[{"href":"https:\/\/tienda.depuragua.com\/fr\/wp-json\/wp\/v2\/types\/product"}],"replies":[{"embeddable":true,"href":"https:\/\/tienda.depuragua.com\/fr\/wp-json\/wp\/v2\/comments?post=248677"}],"wp:featuredmedia":[{"embeddable":true,"href":"https:\/\/tienda.depuragua.com\/fr\/wp-json\/wp\/v2\/media\/286085"}],"wp:attachment":[{"href":"https:\/\/tienda.depuragua.com\/fr\/wp-json\/wp\/v2\/media?parent=248677"}],"wp:term":[{"taxonomy":"product_cat","embeddable":true,"href":"https:\/\/tienda.depuragua.com\/fr\/wp-json\/wp\/v2\/product_cat?post=248677"},{"taxonomy":"product_tag","embeddable":true,"href":"https:\/\/tienda.depuragua.com\/fr\/wp-json\/wp\/v2\/product_tag?post=248677"}],"curies":[{"name":"wp","href":"https:\/\/api.w.org\/{rel}","templated":true}]}}