{"id":248527,"date":"2013-09-02T11:51:02","date_gmt":"2013-09-02T10:51:02","guid":{"rendered":"https:\/\/nueva.depuragua.com\/producto\/4-voies-valve-raccord-osmose-inverse\/"},"modified":"2013-09-02T11:51:02","modified_gmt":"2013-09-02T10:51:02","slug":"4-voies-valve-raccord-osmose-inverse","status":"publish","type":"product","link":"https:\/\/tienda.depuragua.com\/fr\/producto\/4-voies-valve-raccord-osmose-inverse\/","title":{"rendered":"4 Voies Valve Raccord osmose inverse"},"content":{"rendered":"<h4>RO osmose inverse 4 voies &#8211; Arr\u00eat automatique Valve<\/h4>\n<p>\u00a0<\/p>\n<p>\u00a0Cette vanne 4 voies est utilis\u00e9e pour \u00e9teindre automatiquement l&#8217;eau du syst\u00e8me d&#8217;osmose inverse lorsque le r\u00e9servoir est plein. La vanne fonctionne hors pression pour d\u00e9tecter le moment o\u00f9 le r\u00e9servoir est plein et \u00e9teint l&#8217;eau pour aider \u00e0 emp\u00eacher la course constante de l&#8217;eau us\u00e9e provenant du syst\u00e8me de ro.\u00a0<\/p>\n<p>\u00a0<\/p>\n<p>Si vous pouvez entendre l&#8217;eau des d\u00e9chets de fonctionnement constant de votre syst\u00e8me RO courant, alors il est probable que vous avez besoin d&#8217;une nouvelle 4 voies arr\u00eat automatique vanne comme vanne de courant peut \u00eatre coll\u00e9.<\/p>\n<p>\u00a0<\/p>\n<p>Cette vanne utilise tous les 1\/4 &#8220;Raccords poussoirs pour une connectivit\u00e9 facile, il vous suffit de pousser votre 1\/4 &#8220;tuyau d&#8217;eau dans les trous de la vanne pour \u00e9tablir la connexion, ce qui signifie qu&#8217;il n&#8217;est pas n\u00e9cessaire pour les connecteurs \u00e0 vis fiddly &#8211; m\u00eame si votre syst\u00e8me existant fait utiliser des connecteurs \u00e0 vis ceux-ci peuvent tout simplement \u00eatre supprim\u00e9s et le tuyau peut \u00eatre pouss\u00e9 directement dans la vanne.<\/p>\n","protected":false},"excerpt":{"rendered":"<h4>RO osmose inverse 4 voies &#8211; Arr\u00eat automatique Valve<\/h4>\n<p>\u00a0<\/p>\n<p>\u00a0<span style=\"font-size:13.63636302947998px;\">Cette vanne 4 voies est utilis\u00e9e pour \u00e9teindre automatiquement l&#8217;eau du syst\u00e8me d&#8217;osmose inverse lorsque le r\u00e9servoir est plein. La vanne fonctionne hors pression pour d\u00e9tecter le moment o\u00f9 le r\u00e9servoir est plein et \u00e9teint l&#8217;eau pour aider \u00e0 emp\u00eacher la course constante de l&#8217;eau us\u00e9e provenant du syst\u00e8me de ro.\u00a0<\/span><\/p>\n","protected":false},"featured_media":286787,"comment_status":"open","ping_status":"closed","template":"","meta":{"_et_pb_use_builder":"","_et_pb_old_content":"","_et_gb_content_width":""},"product_cat":[1766],"product_tag":[],"yoast_head":"<!-- This site is optimized with the Yoast SEO plugin v22.1 - https:\/\/yoast.com\/wordpress\/plugins\/seo\/ -->\n<title>4 Voies Valve Raccord osmose inverse<\/title>\n<meta name=\"description\" content=\"4 Voies Valve Raccord osmose inverse\" \/>\n<meta name=\"robots\" content=\"index, follow, max-snippet:-1, max-image-preview:large, max-video-preview:-1\" \/>\n<link rel=\"canonical\" href=\"https:\/\/tienda.depuragua.com\/fr\/producto\/4-voies-valve-raccord-osmose-inverse\/\" \/>\n<meta property=\"og:locale\" content=\"fr_FR\" \/>\n<meta property=\"og:type\" content=\"article\" \/>\n<meta property=\"og:title\" content=\"4 Voies Valve Raccord osmose inverse\" \/>\n<meta property=\"og:description\" content=\"4 Voies Valve Raccord osmose inverse\" \/>\n<meta property=\"og:url\" content=\"https:\/\/tienda.depuragua.com\/fr\/producto\/4-voies-valve-raccord-osmose-inverse\/\" \/>\n<meta property=\"og:site_name\" content=\"Depuragua\" \/>\n<meta property=\"article:publisher\" content=\"https:\/\/www.facebook.com\/depuraguaonline\" \/>\n<meta property=\"og:image\" content=\"https:\/\/tienda.depuragua.com\/wp-content\/uploads\/2013\/09\/275-thickbox_default-4-Voies-Valve-Raccord-osmose-inverse.jpg\" \/>\n\t<meta property=\"og:image:width\" content=\"800\" \/>\n\t<meta property=\"og:image:height\" content=\"800\" \/>\n\t<meta property=\"og:image:type\" content=\"image\/jpeg\" \/>\n<meta name=\"twitter:card\" content=\"summary_large_image\" \/>\n<meta name=\"twitter:site\" content=\"@AquatechIntl\" \/>\n<meta name=\"twitter:label1\" content=\"Dur\u00e9e de lecture estim\u00e9e\" \/>\n\t<meta name=\"twitter:data1\" content=\"1 minute\" \/>\n<script type=\"application\/ld+json\" class=\"yoast-schema-graph\">{\"@context\":\"https:\/\/schema.org\",\"@graph\":[{\"@type\":\"WebPage\",\"@id\":\"https:\/\/tienda.depuragua.com\/fr\/producto\/4-voies-valve-raccord-osmose-inverse\/\",\"url\":\"https:\/\/tienda.depuragua.com\/fr\/producto\/4-voies-valve-raccord-osmose-inverse\/\",\"name\":\"4 Voies Valve Raccord osmose inverse\",\"isPartOf\":{\"@id\":\"https:\/\/tienda.depuragua.com\/fr\/#website\"},\"datePublished\":\"2013-09-02T10:51:02+00:00\",\"dateModified\":\"2013-09-02T10:51:02+00:00\",\"description\":\"4 Voies Valve Raccord osmose inverse\",\"breadcrumb\":{\"@id\":\"https:\/\/tienda.depuragua.com\/fr\/producto\/4-voies-valve-raccord-osmose-inverse\/#breadcrumb\"},\"inLanguage\":\"fr-FR\",\"potentialAction\":[{\"@type\":\"ReadAction\",\"target\":[\"https:\/\/tienda.depuragua.com\/fr\/producto\/4-voies-valve-raccord-osmose-inverse\/\"]}]},{\"@type\":\"BreadcrumbList\",\"@id\":\"https:\/\/tienda.depuragua.com\/fr\/producto\/4-voies-valve-raccord-osmose-inverse\/#breadcrumb\",\"itemListElement\":[{\"@type\":\"ListItem\",\"position\":1,\"name\":\"Portada\",\"item\":\"https:\/\/tienda.depuragua.com\/fr\/\"},{\"@type\":\"ListItem\",\"position\":2,\"name\":\"Magasin\",\"item\":\"https:\/\/tienda.depuragua.com\/\"},{\"@type\":\"ListItem\",\"position\":3,\"name\":\"4 Voies Valve Raccord osmose inverse\"}]},{\"@type\":\"WebSite\",\"@id\":\"https:\/\/tienda.depuragua.com\/fr\/#website\",\"url\":\"https:\/\/tienda.depuragua.com\/fr\/\",\"name\":\"Depuragua\",\"description\":\"Depuragua\",\"publisher\":{\"@id\":\"https:\/\/tienda.depuragua.com\/fr\/#organization\"},\"potentialAction\":[{\"@type\":\"SearchAction\",\"target\":{\"@type\":\"EntryPoint\",\"urlTemplate\":\"https:\/\/tienda.depuragua.com\/fr\/?s={search_term_string}\"},\"query-input\":\"required name=search_term_string\"}],\"inLanguage\":\"fr-FR\"},{\"@type\":\"Organization\",\"@id\":\"https:\/\/tienda.depuragua.com\/fr\/#organization\",\"name\":\"Depuragua\",\"url\":\"https:\/\/tienda.depuragua.com\/fr\/\",\"logo\":{\"@type\":\"ImageObject\",\"inLanguage\":\"fr-FR\",\"@id\":\"https:\/\/tienda.depuragua.com\/fr\/#\/schema\/logo\/image\/\",\"url\":\"https:\/\/tienda.depuragua.com\/wp-content\/uploads\/2023\/11\/logodepuragua.png\",\"contentUrl\":\"https:\/\/tienda.depuragua.com\/wp-content\/uploads\/2023\/11\/logodepuragua.png\",\"width\":1000,\"height\":340,\"caption\":\"Depuragua\"},\"image\":{\"@id\":\"https:\/\/tienda.depuragua.com\/fr\/#\/schema\/logo\/image\/\"},\"sameAs\":[\"https:\/\/www.facebook.com\/depuraguaonline\",\"https:\/\/twitter.com\/AquatechIntl\"]}]}<\/script>\n<!-- \/ Yoast SEO plugin. -->","yoast_head_json":{"title":"4 Voies Valve Raccord osmose inverse","description":"4 Voies Valve Raccord osmose inverse","robots":{"index":"index","follow":"follow","max-snippet":"max-snippet:-1","max-image-preview":"max-image-preview:large","max-video-preview":"max-video-preview:-1"},"canonical":"https:\/\/tienda.depuragua.com\/fr\/producto\/4-voies-valve-raccord-osmose-inverse\/","og_locale":"fr_FR","og_type":"article","og_title":"4 Voies Valve Raccord osmose inverse","og_description":"4 Voies Valve Raccord osmose inverse","og_url":"https:\/\/tienda.depuragua.com\/fr\/producto\/4-voies-valve-raccord-osmose-inverse\/","og_site_name":"Depuragua","article_publisher":"https:\/\/www.facebook.com\/depuraguaonline","og_image":[{"width":800,"height":800,"url":"https:\/\/tienda.depuragua.com\/wp-content\/uploads\/2013\/09\/275-thickbox_default-4-Voies-Valve-Raccord-osmose-inverse.jpg","type":"image\/jpeg"}],"twitter_card":"summary_large_image","twitter_site":"@AquatechIntl","twitter_misc":{"Dur\u00e9e de lecture estim\u00e9e":"1 minute"},"schema":{"@context":"https:\/\/schema.org","@graph":[{"@type":"WebPage","@id":"https:\/\/tienda.depuragua.com\/fr\/producto\/4-voies-valve-raccord-osmose-inverse\/","url":"https:\/\/tienda.depuragua.com\/fr\/producto\/4-voies-valve-raccord-osmose-inverse\/","name":"4 Voies Valve Raccord osmose inverse","isPartOf":{"@id":"https:\/\/tienda.depuragua.com\/fr\/#website"},"datePublished":"2013-09-02T10:51:02+00:00","dateModified":"2013-09-02T10:51:02+00:00","description":"4 Voies Valve Raccord osmose inverse","breadcrumb":{"@id":"https:\/\/tienda.depuragua.com\/fr\/producto\/4-voies-valve-raccord-osmose-inverse\/#breadcrumb"},"inLanguage":"fr-FR","potentialAction":[{"@type":"ReadAction","target":["https:\/\/tienda.depuragua.com\/fr\/producto\/4-voies-valve-raccord-osmose-inverse\/"]}]},{"@type":"BreadcrumbList","@id":"https:\/\/tienda.depuragua.com\/fr\/producto\/4-voies-valve-raccord-osmose-inverse\/#breadcrumb","itemListElement":[{"@type":"ListItem","position":1,"name":"Portada","item":"https:\/\/tienda.depuragua.com\/fr\/"},{"@type":"ListItem","position":2,"name":"Magasin","item":"https:\/\/tienda.depuragua.com\/"},{"@type":"ListItem","position":3,"name":"4 Voies Valve Raccord osmose inverse"}]},{"@type":"WebSite","@id":"https:\/\/tienda.depuragua.com\/fr\/#website","url":"https:\/\/tienda.depuragua.com\/fr\/","name":"Depuragua","description":"Depuragua","publisher":{"@id":"https:\/\/tienda.depuragua.com\/fr\/#organization"},"potentialAction":[{"@type":"SearchAction","target":{"@type":"EntryPoint","urlTemplate":"https:\/\/tienda.depuragua.com\/fr\/?s={search_term_string}"},"query-input":"required name=search_term_string"}],"inLanguage":"fr-FR"},{"@type":"Organization","@id":"https:\/\/tienda.depuragua.com\/fr\/#organization","name":"Depuragua","url":"https:\/\/tienda.depuragua.com\/fr\/","logo":{"@type":"ImageObject","inLanguage":"fr-FR","@id":"https:\/\/tienda.depuragua.com\/fr\/#\/schema\/logo\/image\/","url":"https:\/\/tienda.depuragua.com\/wp-content\/uploads\/2023\/11\/logodepuragua.png","contentUrl":"https:\/\/tienda.depuragua.com\/wp-content\/uploads\/2023\/11\/logodepuragua.png","width":1000,"height":340,"caption":"Depuragua"},"image":{"@id":"https:\/\/tienda.depuragua.com\/fr\/#\/schema\/logo\/image\/"},"sameAs":["https:\/\/www.facebook.com\/depuraguaonline","https:\/\/twitter.com\/AquatechIntl"]}]}},"_links":{"self":[{"href":"https:\/\/tienda.depuragua.com\/fr\/wp-json\/wp\/v2\/product\/248527"}],"collection":[{"href":"https:\/\/tienda.depuragua.com\/fr\/wp-json\/wp\/v2\/product"}],"about":[{"href":"https:\/\/tienda.depuragua.com\/fr\/wp-json\/wp\/v2\/types\/product"}],"replies":[{"embeddable":true,"href":"https:\/\/tienda.depuragua.com\/fr\/wp-json\/wp\/v2\/comments?post=248527"}],"wp:featuredmedia":[{"embeddable":true,"href":"https:\/\/tienda.depuragua.com\/fr\/wp-json\/wp\/v2\/media\/286787"}],"wp:attachment":[{"href":"https:\/\/tienda.depuragua.com\/fr\/wp-json\/wp\/v2\/media?parent=248527"}],"wp:term":[{"taxonomy":"product_cat","embeddable":true,"href":"https:\/\/tienda.depuragua.com\/fr\/wp-json\/wp\/v2\/product_cat?post=248527"},{"taxonomy":"product_tag","embeddable":true,"href":"https:\/\/tienda.depuragua.com\/fr\/wp-json\/wp\/v2\/product_tag?post=248527"}],"curies":[{"name":"wp","href":"https:\/\/api.w.org\/{rel}","templated":true}]}}