{"id":248356,"date":"2012-08-14T09:18:58","date_gmt":"2012-08-14T08:18:58","guid":{"rendered":"https:\/\/nueva.depuragua.com\/producto\/adoucisseur-deau-12l\/"},"modified":"2025-06-04T06:42:51","modified_gmt":"2025-06-04T05:42:51","slug":"adoucisseur-deau-12l","status":"publish","type":"product","link":"https:\/\/tienda.depuragua.com\/fr\/producto\/adoucisseur-deau-12l\/","title":{"rendered":"Adoucisseur d\u2019eau 12L. By pass inclus"},"content":{"rendered":"<p><strong>Adoucisseur d\u2019eau avec minuteur.<\/strong><\/p>\n<p>Une fois install\u00e9 et param\u00e8tr\u00e9, notre adoucisseur d&#8217;eau effectue une r\u00e9g\u00e9n\u00e9ration automatique et produit de l&#8217;eau adoucie pour l&#8217;enti\u00e8re propri\u00e9t\u00e9. Il a l&#8217;avantage suppl\u00e9mentaire de pouvoir utiliser du sel en bloc, en tablettes ou en granul\u00e9s, bien que nous recommandions d&#8217;utiliser le sel en tablettes.\u00a0<\/p>\n<\/p>\n<p><span style=\"text-decoration:underline;\"><strong>Raccordements inclus<\/strong><\/span><\/p>\n<p><span style=\"text-decoration:underline;\"><strong>Jeu de cl\u00e9s Bypass inclus.<\/strong><\/span><\/p>\n<p>POURQUOI ACHETER CE PRODUIT L\u00c0?<br \/>Une des nombreuses caract\u00e9ristiques qui fait que cet adoucisseur contr\u00f4l\u00e9 par minuteur sort du lot par rapport aux autres mod\u00e8les sur le march\u00e9, est la flexibilit\u00e9 de la programmation de son minuteur.\u00a0<\/p>\n<p>Vous pouvez programmer le minuteur afin qu\u2019il r\u00e9g\u00e9n\u00e8re la machine de deux fois par jour, si vous consommez beaucoup d\u2019eau, \u00e0 des jours pr\u00e9cis de la semaine ou m\u00eame des jours du mois, si vous en utilisez tr\u00e8s peu.\u00a0<br \/>L\u2019\u00e9cran de contr\u00f4le peut m\u00eame \u00eatre plac\u00e9 jusqu\u2019\u00e0 un m\u00e8tre de la machine si vous le voulez.\u00a0<\/p>\n<p><strong>\u00c9conomique et Efficace<\/strong><br \/>Un adoucisseur d&#8217;eau <strong>depuragua<\/strong>\u00a0g\u00e8re tr\u00e8s bien sa consommation d\u2019eau. Il utilise moins de 50% de l&#8217;eau qu&#8217;utilise un adoucisseur d&#8217;eau conventionnel pendant la r\u00e9g\u00e9n\u00e9ration.\u00a0<br \/>L&#8217;adoucisseur d&#8217;eau <strong>depuragua<\/strong>\u00a0poss\u00e8de une caract\u00e9ristique sp\u00e9ciale et unique qui le dote \u00e0 la fois d&#8217;une performance et de sp\u00e9cifications sans \u00e9gal. Le secret r\u00e9side dans la r\u00e9sine qui d\u00e9termine la qualit\u00e9 de votre eau adoucie. En effet, tous les adoucisseurs d&#8217;eau <strong>depuragua<\/strong>\u00a0incorporent une r\u00e9sine sp\u00e9cialement purifi\u00e9e pour l&#8217;usage domestique. Celle-ci est de qualit\u00e9 alimentaire et ne contient pas de solvants \u00e0 base de chlore. Aucun autre fabricant d&#8217;adoucisseurs d&#8217;eau ne peut vous proposer cette caract\u00e9ristique. Que ce soit pour un bain, une douche, un lavage de cheveux, une lessive, ou simplement pour vous brosser les dents, l&#8217;eau provenant de votre adoucisseur d&#8217;eau <strong>depuragua<\/strong>\u00a0sera non seulement agr\u00e9able et douce, mais \u00e9galement sans solvant.\u00a0<\/p>\n<p>CHAUDI\u00c8RES COMBIN\u00c9ES ET SYST\u00c8MES PRESSURIS\u00c9S<\/p>\n<p>\u00a0<\/p>\n<p>Avec de plus en plus de syst\u00e8mes qui utilisent soit une chaudi\u00e8re combin\u00e9e ou un syst\u00e8me pressuris\u00e9, le besoin d&#8217;un adoucisseur d&#8217;eau capable de g\u00e9rer le d\u00e9bit est d&#8217;une importance primordiale. Tous nos adoucisseurs d&#8217;eau ont un d\u00e9bit in\u00e9gal\u00e9 allant jusqu&#8217;\u00e0 50 litres\/min , ce qui en fait un choix id\u00e9al, m\u00eame pour les syst\u00e8mes les plus exigeants.\u00a0<\/p>\n<p><strong>Technique<\/strong><br \/>Raccords pour le chronom\u00e8tre de la vanne<br \/>Arriv\u00e9e\/sortie \u00be&#8221; BSP male parall\u00e8le\u00a0<br \/>Raccord pour flexible d&#8217;\u00e9vacuation de 1\/2&#8221;\u00a0<br \/>Tuyau de rejet \u00e0 l&#8217;\u00e9gout de 3\/8&#8221; de diam\u00e8tre ext\u00e9rieur\u00a0<\/p>\n<p><strong>Param\u00e8tres de fonctionnement<\/strong><br \/>Pression de fonctionnement maximale de 8 bars (116 p.s.i)\u00a0<br \/>Pression de fonctionnement minimale de 1 bar (14,5 p.s.i)\u00a0<br \/>Temp\u00e9rature de maximale de l&#8217;eau de 20 degr\u00e9s C\u00a0<br \/>Temp\u00e9rature minimale de l&#8217;eau pour \u00e9viter le gel\u00a0<\/p>\n<p><strong>Volume &amp; Poids<\/strong>\u00a0<br \/>Volume de r\u00e9sine de l&#8217;adoucisseur 1x 8\u00a0litres\u00a0<br \/>Capacit\u00e9 de stockage du sel de 15\u00a0Kg (tablettes)\u00a0<\/p>\n<p><strong>Dimensions<br \/>Profondeur 400 mm\u00a0<br \/>Hauteur 480 mm\u00a0<br \/>Largueur 220mm<\/strong>\u00a0<\/p>\n<p><strong>Donn\u00e9es de fonctionnement<\/strong>\u00a0<br \/>Capacit\u00e9 de cycle de 1706 litres par r\u00e9g\u00e9n\u00e9ration avec une duret\u00e9 de 30\u00b0TH (degr\u00e9s fran\u00e7ais).\u00a0<br \/>300 grammes de sel utilis\u00e9s par r\u00e9g\u00e9n\u00e9ration\u00a0<br \/>Efficacit\u00e9 du sel de 65%\u00a0<br \/>D\u00e9bit de pointe de 50 litres\/min avec une chute de pression de 2 bars\u00a0<br \/>D\u00e9bit nominal de 30 litres\/min avec une chute de pression de 1 bar\u00a0<br \/>76 litres d&#8217;eau utilis\u00e9e par r\u00e9g\u00e9n\u00e9ration\u00a0<br \/>D\u00e9bit maximum de rejet \u00e0 l&#8217;\u00e9gout 1,9 l\/min<br \/>Temps de r\u00e9g\u00e9n\u00e9ration maximal de 72 minutes\u00a0<br \/>Duret\u00e9 de l&#8217;eau adoucie &lt; 1mg par litre<\/p>\n<p><strong>Installation<\/strong><\/p>\n<p>\u00a0<\/p>\n<p>Nos adoucisseurs sont livr\u00e9s sans installation pour vous fournir les prix<br \/>les plus bas ! Nous vous laissons le choix de l&#8217;installer vous-m\u00eame\u00a0<br \/>(manuel d&#8217;installation et d&#8217;utilisation fourni) ou de faire appel \u00e0 votre plombier.\u00a0<\/p>\n","protected":false},"excerpt":{"rendered":"<p><strong>Adoucisseur d\u2019eau avec minuteur.<\/strong><\/p>\n<p>Jeu de cl\u00e9s Bypass inclus !!<\/p>\n<p>Une fois install\u00e9 et param\u00e8tr\u00e9, notre adoucisseur d&#8217;eau effectue une r\u00e9g\u00e9n\u00e9ration automatique et produit de l&#8217;eau adoucie pour l&#8217;enti\u00e8re propri\u00e9t\u00e9. Il a l&#8217;avantage suppl\u00e9mentaire de pouvoir utiliser du sel en bloc, en tablettes ou en granul\u00e9s, bien que nous recommandions d&#8217;utiliser le sel en tablettes.\u00a0<\/p>\n","protected":false},"featured_media":285788,"comment_status":"open","ping_status":"closed","template":"","meta":{"_et_pb_use_builder":"","_et_pb_old_content":"","_et_gb_content_width":""},"product_cat":[1754],"product_tag":[],"yoast_head":"<!-- This site is optimized with the Yoast SEO plugin v22.1 - https:\/\/yoast.com\/wordpress\/plugins\/seo\/ -->\n<title>Adoucisseur d\u2019eau 12L<\/title>\n<meta name=\"description\" content=\"Adoucisseur d\u2019eau 12L\" \/>\n<meta name=\"robots\" content=\"index, follow, max-snippet:-1, max-image-preview:large, max-video-preview:-1\" \/>\n<link rel=\"canonical\" href=\"https:\/\/tienda.depuragua.com\/fr\/producto\/adoucisseur-deau-12l\/\" \/>\n<meta property=\"og:locale\" content=\"fr_FR\" \/>\n<meta property=\"og:type\" content=\"article\" \/>\n<meta property=\"og:title\" content=\"Adoucisseur d\u2019eau 12L\" \/>\n<meta property=\"og:description\" content=\"Adoucisseur d\u2019eau 12L\" \/>\n<meta property=\"og:url\" content=\"https:\/\/tienda.depuragua.com\/fr\/producto\/adoucisseur-deau-12l\/\" \/>\n<meta property=\"og:site_name\" content=\"Depuragua\" \/>\n<meta property=\"article:publisher\" content=\"https:\/\/www.facebook.com\/depuraguaonline\" \/>\n<meta property=\"article:modified_time\" content=\"2025-06-04T05:42:51+00:00\" \/>\n<meta name=\"twitter:card\" content=\"summary_large_image\" \/>\n<meta name=\"twitter:site\" content=\"@AquatechIntl\" \/>\n<meta name=\"twitter:label1\" content=\"Dur\u00e9e de lecture estim\u00e9e\" \/>\n\t<meta name=\"twitter:data1\" content=\"3 minutes\" \/>\n<script type=\"application\/ld+json\" class=\"yoast-schema-graph\">{\"@context\":\"https:\/\/schema.org\",\"@graph\":[{\"@type\":\"WebPage\",\"@id\":\"https:\/\/tienda.depuragua.com\/fr\/producto\/adoucisseur-deau-12l\/\",\"url\":\"https:\/\/tienda.depuragua.com\/fr\/producto\/adoucisseur-deau-12l\/\",\"name\":\"Adoucisseur d\u2019eau 12L\",\"isPartOf\":{\"@id\":\"https:\/\/tienda.depuragua.com\/fr\/#website\"},\"datePublished\":\"2012-08-14T08:18:58+00:00\",\"dateModified\":\"2025-06-04T05:42:51+00:00\",\"description\":\"Adoucisseur d\u2019eau 12L\",\"breadcrumb\":{\"@id\":\"https:\/\/tienda.depuragua.com\/fr\/producto\/adoucisseur-deau-12l\/#breadcrumb\"},\"inLanguage\":\"fr-FR\",\"potentialAction\":[{\"@type\":\"ReadAction\",\"target\":[\"https:\/\/tienda.depuragua.com\/fr\/producto\/adoucisseur-deau-12l\/\"]}]},{\"@type\":\"BreadcrumbList\",\"@id\":\"https:\/\/tienda.depuragua.com\/fr\/producto\/adoucisseur-deau-12l\/#breadcrumb\",\"itemListElement\":[{\"@type\":\"ListItem\",\"position\":1,\"name\":\"Portada\",\"item\":\"https:\/\/tienda.depuragua.com\/fr\/\"},{\"@type\":\"ListItem\",\"position\":2,\"name\":\"Magasin\",\"item\":\"https:\/\/tienda.depuragua.com\/\"},{\"@type\":\"ListItem\",\"position\":3,\"name\":\"Adoucisseur d\u2019eau 12L. By pass inclus\"}]},{\"@type\":\"WebSite\",\"@id\":\"https:\/\/tienda.depuragua.com\/fr\/#website\",\"url\":\"https:\/\/tienda.depuragua.com\/fr\/\",\"name\":\"Depuragua\",\"description\":\"Depuragua\",\"publisher\":{\"@id\":\"https:\/\/tienda.depuragua.com\/fr\/#organization\"},\"potentialAction\":[{\"@type\":\"SearchAction\",\"target\":{\"@type\":\"EntryPoint\",\"urlTemplate\":\"https:\/\/tienda.depuragua.com\/fr\/?s={search_term_string}\"},\"query-input\":\"required name=search_term_string\"}],\"inLanguage\":\"fr-FR\"},{\"@type\":\"Organization\",\"@id\":\"https:\/\/tienda.depuragua.com\/fr\/#organization\",\"name\":\"Depuragua\",\"url\":\"https:\/\/tienda.depuragua.com\/fr\/\",\"logo\":{\"@type\":\"ImageObject\",\"inLanguage\":\"fr-FR\",\"@id\":\"https:\/\/tienda.depuragua.com\/fr\/#\/schema\/logo\/image\/\",\"url\":\"https:\/\/tienda.depuragua.com\/wp-content\/uploads\/2023\/11\/logodepuragua.png\",\"contentUrl\":\"https:\/\/tienda.depuragua.com\/wp-content\/uploads\/2023\/11\/logodepuragua.png\",\"width\":1000,\"height\":340,\"caption\":\"Depuragua\"},\"image\":{\"@id\":\"https:\/\/tienda.depuragua.com\/fr\/#\/schema\/logo\/image\/\"},\"sameAs\":[\"https:\/\/www.facebook.com\/depuraguaonline\",\"https:\/\/twitter.com\/AquatechIntl\"]}]}<\/script>\n<!-- \/ Yoast SEO plugin. -->","yoast_head_json":{"title":"Adoucisseur d\u2019eau 12L","description":"Adoucisseur d\u2019eau 12L","robots":{"index":"index","follow":"follow","max-snippet":"max-snippet:-1","max-image-preview":"max-image-preview:large","max-video-preview":"max-video-preview:-1"},"canonical":"https:\/\/tienda.depuragua.com\/fr\/producto\/adoucisseur-deau-12l\/","og_locale":"fr_FR","og_type":"article","og_title":"Adoucisseur d\u2019eau 12L","og_description":"Adoucisseur d\u2019eau 12L","og_url":"https:\/\/tienda.depuragua.com\/fr\/producto\/adoucisseur-deau-12l\/","og_site_name":"Depuragua","article_publisher":"https:\/\/www.facebook.com\/depuraguaonline","article_modified_time":"2025-06-04T05:42:51+00:00","twitter_card":"summary_large_image","twitter_site":"@AquatechIntl","twitter_misc":{"Dur\u00e9e de lecture estim\u00e9e":"3 minutes"},"schema":{"@context":"https:\/\/schema.org","@graph":[{"@type":"WebPage","@id":"https:\/\/tienda.depuragua.com\/fr\/producto\/adoucisseur-deau-12l\/","url":"https:\/\/tienda.depuragua.com\/fr\/producto\/adoucisseur-deau-12l\/","name":"Adoucisseur d\u2019eau 12L","isPartOf":{"@id":"https:\/\/tienda.depuragua.com\/fr\/#website"},"datePublished":"2012-08-14T08:18:58+00:00","dateModified":"2025-06-04T05:42:51+00:00","description":"Adoucisseur d\u2019eau 12L","breadcrumb":{"@id":"https:\/\/tienda.depuragua.com\/fr\/producto\/adoucisseur-deau-12l\/#breadcrumb"},"inLanguage":"fr-FR","potentialAction":[{"@type":"ReadAction","target":["https:\/\/tienda.depuragua.com\/fr\/producto\/adoucisseur-deau-12l\/"]}]},{"@type":"BreadcrumbList","@id":"https:\/\/tienda.depuragua.com\/fr\/producto\/adoucisseur-deau-12l\/#breadcrumb","itemListElement":[{"@type":"ListItem","position":1,"name":"Portada","item":"https:\/\/tienda.depuragua.com\/fr\/"},{"@type":"ListItem","position":2,"name":"Magasin","item":"https:\/\/tienda.depuragua.com\/"},{"@type":"ListItem","position":3,"name":"Adoucisseur d\u2019eau 12L. By pass inclus"}]},{"@type":"WebSite","@id":"https:\/\/tienda.depuragua.com\/fr\/#website","url":"https:\/\/tienda.depuragua.com\/fr\/","name":"Depuragua","description":"Depuragua","publisher":{"@id":"https:\/\/tienda.depuragua.com\/fr\/#organization"},"potentialAction":[{"@type":"SearchAction","target":{"@type":"EntryPoint","urlTemplate":"https:\/\/tienda.depuragua.com\/fr\/?s={search_term_string}"},"query-input":"required name=search_term_string"}],"inLanguage":"fr-FR"},{"@type":"Organization","@id":"https:\/\/tienda.depuragua.com\/fr\/#organization","name":"Depuragua","url":"https:\/\/tienda.depuragua.com\/fr\/","logo":{"@type":"ImageObject","inLanguage":"fr-FR","@id":"https:\/\/tienda.depuragua.com\/fr\/#\/schema\/logo\/image\/","url":"https:\/\/tienda.depuragua.com\/wp-content\/uploads\/2023\/11\/logodepuragua.png","contentUrl":"https:\/\/tienda.depuragua.com\/wp-content\/uploads\/2023\/11\/logodepuragua.png","width":1000,"height":340,"caption":"Depuragua"},"image":{"@id":"https:\/\/tienda.depuragua.com\/fr\/#\/schema\/logo\/image\/"},"sameAs":["https:\/\/www.facebook.com\/depuraguaonline","https:\/\/twitter.com\/AquatechIntl"]}]}},"_links":{"self":[{"href":"https:\/\/tienda.depuragua.com\/fr\/wp-json\/wp\/v2\/product\/248356"}],"collection":[{"href":"https:\/\/tienda.depuragua.com\/fr\/wp-json\/wp\/v2\/product"}],"about":[{"href":"https:\/\/tienda.depuragua.com\/fr\/wp-json\/wp\/v2\/types\/product"}],"replies":[{"embeddable":true,"href":"https:\/\/tienda.depuragua.com\/fr\/wp-json\/wp\/v2\/comments?post=248356"}],"wp:featuredmedia":[{"embeddable":true,"href":"https:\/\/tienda.depuragua.com\/fr\/wp-json\/wp\/v2\/media\/285788"}],"wp:attachment":[{"href":"https:\/\/tienda.depuragua.com\/fr\/wp-json\/wp\/v2\/media?parent=248356"}],"wp:term":[{"taxonomy":"product_cat","embeddable":true,"href":"https:\/\/tienda.depuragua.com\/fr\/wp-json\/wp\/v2\/product_cat?post=248356"},{"taxonomy":"product_tag","embeddable":true,"href":"https:\/\/tienda.depuragua.com\/fr\/wp-json\/wp\/v2\/product_tag?post=248356"}],"curies":[{"name":"wp","href":"https:\/\/api.w.org\/{rel}","templated":true}]}}