{"id":287008,"date":"2023-12-01T13:55:16","date_gmt":"2023-12-01T12:55:16","guid":{"rendered":"https:\/\/nueva.depuragua.com\/?page_id=287008"},"modified":"2023-12-01T13:57:21","modified_gmt":"2023-12-01T12:57:21","slug":"avis-juridique","status":"publish","type":"page","link":"https:\/\/tienda.depuragua.com\/fr\/avis-juridique\/","title":{"rendered":"Avis juridique"},"content":{"rendered":"<p>[et_pb_section fb_built=&#8221;1&#8243; theme_builder_area=&#8221;post_content&#8221; _builder_version=&#8221;4.23.1&#8243; _module_preset=&#8221;default&#8221;][et_pb_row _builder_version=&#8221;4.23.1&#8243; _module_preset=&#8221;default&#8221; theme_builder_area=&#8221;post_content&#8221;][et_pb_column _builder_version=&#8221;4.23.1&#8243; _module_preset=&#8221;default&#8221; type=&#8221;4_4&#8243; theme_builder_area=&#8221;post_content&#8221;][et_pb_text _builder_version=&#8221;4.23.1&#8243; _module_preset=&#8221;default&#8221; theme_builder_area=&#8221;post_content&#8221; hover_enabled=&#8221;0&#8243; sticky_enabled=&#8221;0&#8243;]Mentions l\u00e9gales<\/p>\n<h2 style=\"color: #55acef;\">Mentions l\u00e9gales<\/h2>\n<p>Nous appr\u00e9cions votre visite sur notre page WEB https:\/\/depuragua.com (ci-apr\u00e8s \u00ab WEB \u00bb). Notre plus grande pr\u00e9occupation est<br \/>\ngarantir l\u2019exactitude et nous travaillons continuellement \u00e0 mettre \u00e0 jour les informations diffus\u00e9es sur notre site Internet,<br \/>\nse r\u00e9servant \u00e0 tout moment et sans pr\u00e9avis le droit de corriger ou de modifier son contenu. En cons\u00e9quence,<br \/>\n<span style=\"text-transform: uppercase;\">depuragua.com <\/span> ne sera en aucun cas responsable de\u00a0:<\/p>\n<ul>\n<li>Tout dommage r\u00e9sultant d&#8217;une intrusion frauduleuse d&#8217;un tiers ayant entra\u00een\u00e9 une modification du<br \/>\ninformations mises \u00e0 disposition sur le site Internet.<\/li>\n<li>De mani\u00e8re g\u00e9n\u00e9rale, tout dommage direct ou indirect, quelle qu&#8217;en soit la cause, l&#8217;origine, la nature ou<br \/>\ncons\u00e9quence, provoqu\u00e9e\u00a0:<\/p>\n<ul>\n<li>\u00e0 l&#8217;occasion de l&#8217;acc\u00e8s de toute personne au site Internet<\/li>\n<li>d\u00e9riv\u00e9 de l&#8217;impossibilit\u00e9 d&#8217;acc\u00e8s<\/li>\n<li>pour l&#8217;utilisation du site Web et\/ou pour la cr\u00e9dibilit\u00e9 accord\u00e9e \u00e0 toute information provenant de<br \/>\ndirectement ou indirectement depuis le Web<\/li>\n<li>pour tout \u00e9v\u00e9nement qualifi\u00e9 de force majeure ou de cas fortuit<\/li>\n<\/ul>\n<\/li>\n<\/ul>\n<p>Les pr\u00e9sentes conditions de vente r\u00e9gissent uniquement les ventes de produits propos\u00e9s sur le site Internet. Toute personne qui<br \/>\nSi vous envisagez de passer votre commande via le SITE WEB, vous pouvez acc\u00e9der aux pr\u00e9sentes conditions g\u00e9n\u00e9rales de vente.<\/p>\n<p>En cons\u00e9quence, le fait de passer commande entra\u00eene de plein droit l&#8217;adh\u00e9sion de l&#8217;acheteur aux pr\u00e9sentes.<br \/>\nConditions de vente.<\/p>\n<h2 style=\"color: #55acef;\">\u00c9DITEUR DU SITE<\/h2>\n<p>Adresse <span style=\"text-transform: uppercase;\">depuragua.com <\/span>\u00a0:46190 Ribarroja de Turia S.L. Si\u00e8ge social : Enymar Rubio S.L.<br \/>\n<span style=\"text-transform: uppercase;\">CIF<\/span>\u00a0: B96830674.<\/p>\n<h2 style=\"color: #55acef;\">LOI SUR LA PROTECTION DES DONN\u00c9ES<\/h2>\n<p>Conform\u00e9ment \u00e0 la loi organique relative \u00e0 la protection des donn\u00e9es et \u00e0 son r\u00e8glement d&#8217;\u00e9volution, nous vous informons que le<br \/>\nles donn\u00e9es personnelles que vous nous fournissez seront incorpor\u00e9es dans un fichier sous la responsabilit\u00e9 de MI DOMINIO S.L., avec adresse \u00e0 [adresse : 46190 Ribarroja de Turia], vous nous autorisez \u00e0 les traiter,<br \/>\nvoire par t\u00e9l\u00e9phone, SMS ou email, afin de g\u00e9rer et entretenir la relation commerciale avec<br \/>\nvous, ainsi que de vous tenir inform\u00e9 d&#8217;autres produits et services de notre propre marque ou de tiers, appartenant \u00e0<br \/>\nsecteurs de la grande consommation, de la beaut\u00e9 et des cosm\u00e9tiques.<\/p>\n<p>Vous pouvez exercer vos droits d&#8217;acc\u00e8s, de rectification, d&#8217;annulation et d&#8217;opposition par courrier ordinaire,<br \/>\nadress\u00e9e \u00e0 l&#8217;adresse suivante\u00a0: [adresse\u00a0: 46190 Ribarroja de Turia S.L. Si\u00e8ge social : Enymar Rubio S.L. ], en joignant une copie de votre pi\u00e8ce d&#8217;identit\u00e9 ou<br \/>\ndocument \u00e9quivalent, et pr\u00e9cisant votre demande, soit par email \u00e0 l&#8217;adresse suivante :<br \/>\npazmargo@gmail.com<\/p>\n<h2 style=\"color: #55acef;\">PROPRI\u00c9T\u00c9 INTELLECTUELLE ET INDUSTRIELLE<\/h2>\n<p>Conform\u00e9ment \u00e0 la l\u00e9gislation en vigueur sur la propri\u00e9t\u00e9 intellectuelle et industrielle, ce site Internet et tout \u00e9l\u00e9ment,<br \/>\nmarque, dessin, mod\u00e8le, logo, graphisme, etc. qui se trouvent sur ledit site Internet sont la propri\u00e9t\u00e9 exclusive de <span style=\"text-transform: uppercase;\">depuragua.com <\/span> ou<br \/>\nde ses collaborateurs, qui n&#8217;accordent aucune autre licence ou droit autre que celui de consulter le SITE WEB. La reproduction ou<br \/>\nL&#8217;utilisation de tout ou partie de ces \u00e9l\u00e9ments vous autorise uniquement \u00e0 \u00eatre inform\u00e9 personnellement et<br \/>\npriv\u00e9. Toute reproduction ou utilisation de copies r\u00e9alis\u00e9es \u00e0 d&#8217;autres fins est express\u00e9ment interdite.<br \/>\nToute utilisation abusive constitue une fraude et pourra \u00eatre poursuivie conform\u00e9ment \u00e0 la l\u00e9gislation en vigueur, sauf<br \/>\nen cas d&#8217;autorisation \u00e9crite pr\u00e9alable de <span style=\"text-transform: uppercase;\">depuragua.com <\/span>[\/et_pb_text][\/et_pb_column][\/et_pb_row][\/et_pb_section]<\/p>\n","protected":false},"excerpt":{"rendered":"<p>Mentions l\u00e9gales Mentions l\u00e9gales Nous appr\u00e9cions votre visite sur notre page WEB https:\/\/depuragua.com (ci-apr\u00e8s \u00ab WEB \u00bb). Notre plus grande pr\u00e9occupation est garantir l\u2019exactitude et nous travaillons continuellement \u00e0 mettre \u00e0 jour les informations diffus\u00e9es sur notre site Internet, se r\u00e9servant \u00e0 tout moment et sans pr\u00e9avis le droit de corriger ou de modifier son [&hellip;]<\/p>\n","protected":false},"author":2,"featured_media":0,"parent":0,"menu_order":0,"comment_status":"closed","ping_status":"closed","template":"","meta":{"_et_pb_use_builder":"on","_et_pb_old_content":"","_et_gb_content_width":"","footnotes":""},"yoast_head":"<!-- This site is optimized with the Yoast SEO plugin v22.1 - https:\/\/yoast.com\/wordpress\/plugins\/seo\/ -->\n<title>Avis juridique - Depuragua<\/title>\n<meta name=\"robots\" content=\"index, follow, max-snippet:-1, max-image-preview:large, max-video-preview:-1\" \/>\n<link rel=\"canonical\" href=\"https:\/\/tienda.depuragua.com\/fr\/avis-juridique\/\" \/>\n<meta property=\"og:locale\" content=\"fr_FR\" \/>\n<meta property=\"og:type\" content=\"article\" \/>\n<meta property=\"og:title\" content=\"Avis juridique - Depuragua\" \/>\n<meta property=\"og:description\" content=\"Mentions l\u00e9gales Mentions l\u00e9gales Nous appr\u00e9cions votre visite sur notre page WEB https:\/\/depuragua.com (ci-apr\u00e8s \u00ab WEB \u00bb). Notre plus grande pr\u00e9occupation est garantir l\u2019exactitude et nous travaillons continuellement \u00e0 mettre \u00e0 jour les informations diffus\u00e9es sur notre site Internet, se r\u00e9servant \u00e0 tout moment et sans pr\u00e9avis le droit de corriger ou de modifier son [&hellip;]\" \/>\n<meta property=\"og:url\" content=\"https:\/\/tienda.depuragua.com\/fr\/avis-juridique\/\" \/>\n<meta property=\"og:site_name\" content=\"Depuragua\" \/>\n<meta property=\"article:publisher\" content=\"https:\/\/www.facebook.com\/depuraguaonline\" \/>\n<meta property=\"article:modified_time\" content=\"2023-12-01T12:57:21+00:00\" \/>\n<meta name=\"twitter:card\" content=\"summary_large_image\" \/>\n<meta name=\"twitter:site\" content=\"@AquatechIntl\" \/>\n<meta name=\"twitter:label1\" content=\"Dur\u00e9e de lecture estim\u00e9e\" \/>\n\t<meta name=\"twitter:data1\" content=\"3 minutes\" \/>\n<script type=\"application\/ld+json\" class=\"yoast-schema-graph\">{\"@context\":\"https:\/\/schema.org\",\"@graph\":[{\"@type\":\"WebPage\",\"@id\":\"https:\/\/tienda.depuragua.com\/fr\/avis-juridique\/\",\"url\":\"https:\/\/tienda.depuragua.com\/fr\/avis-juridique\/\",\"name\":\"Avis juridique - Depuragua\",\"isPartOf\":{\"@id\":\"https:\/\/tienda.depuragua.com\/fr\/#website\"},\"datePublished\":\"2023-12-01T12:55:16+00:00\",\"dateModified\":\"2023-12-01T12:57:21+00:00\",\"breadcrumb\":{\"@id\":\"https:\/\/tienda.depuragua.com\/fr\/avis-juridique\/#breadcrumb\"},\"inLanguage\":\"fr-FR\",\"potentialAction\":[{\"@type\":\"ReadAction\",\"target\":[\"https:\/\/tienda.depuragua.com\/fr\/avis-juridique\/\"]}]},{\"@type\":\"BreadcrumbList\",\"@id\":\"https:\/\/tienda.depuragua.com\/fr\/avis-juridique\/#breadcrumb\",\"itemListElement\":[{\"@type\":\"ListItem\",\"position\":1,\"name\":\"Portada\",\"item\":\"https:\/\/tienda.depuragua.com\/fr\/\"},{\"@type\":\"ListItem\",\"position\":2,\"name\":\"Avis juridique\"}]},{\"@type\":\"WebSite\",\"@id\":\"https:\/\/tienda.depuragua.com\/fr\/#website\",\"url\":\"https:\/\/tienda.depuragua.com\/fr\/\",\"name\":\"Depuragua\",\"description\":\"Depuragua\",\"publisher\":{\"@id\":\"https:\/\/tienda.depuragua.com\/fr\/#organization\"},\"potentialAction\":[{\"@type\":\"SearchAction\",\"target\":{\"@type\":\"EntryPoint\",\"urlTemplate\":\"https:\/\/tienda.depuragua.com\/fr\/?s={search_term_string}\"},\"query-input\":\"required name=search_term_string\"}],\"inLanguage\":\"fr-FR\"},{\"@type\":\"Organization\",\"@id\":\"https:\/\/tienda.depuragua.com\/fr\/#organization\",\"name\":\"Depuragua\",\"url\":\"https:\/\/tienda.depuragua.com\/fr\/\",\"logo\":{\"@type\":\"ImageObject\",\"inLanguage\":\"fr-FR\",\"@id\":\"https:\/\/tienda.depuragua.com\/fr\/#\/schema\/logo\/image\/\",\"url\":\"https:\/\/tienda.depuragua.com\/wp-content\/uploads\/2023\/11\/logodepuragua.png\",\"contentUrl\":\"https:\/\/tienda.depuragua.com\/wp-content\/uploads\/2023\/11\/logodepuragua.png\",\"width\":1000,\"height\":340,\"caption\":\"Depuragua\"},\"image\":{\"@id\":\"https:\/\/tienda.depuragua.com\/fr\/#\/schema\/logo\/image\/\"},\"sameAs\":[\"https:\/\/www.facebook.com\/depuraguaonline\",\"https:\/\/twitter.com\/AquatechIntl\"]}]}<\/script>\n<!-- \/ Yoast SEO plugin. -->","yoast_head_json":{"title":"Avis juridique - Depuragua","robots":{"index":"index","follow":"follow","max-snippet":"max-snippet:-1","max-image-preview":"max-image-preview:large","max-video-preview":"max-video-preview:-1"},"canonical":"https:\/\/tienda.depuragua.com\/fr\/avis-juridique\/","og_locale":"fr_FR","og_type":"article","og_title":"Avis juridique - Depuragua","og_description":"Mentions l\u00e9gales Mentions l\u00e9gales Nous appr\u00e9cions votre visite sur notre page WEB https:\/\/depuragua.com (ci-apr\u00e8s \u00ab WEB \u00bb). Notre plus grande pr\u00e9occupation est garantir l\u2019exactitude et nous travaillons continuellement \u00e0 mettre \u00e0 jour les informations diffus\u00e9es sur notre site Internet, se r\u00e9servant \u00e0 tout moment et sans pr\u00e9avis le droit de corriger ou de modifier son [&hellip;]","og_url":"https:\/\/tienda.depuragua.com\/fr\/avis-juridique\/","og_site_name":"Depuragua","article_publisher":"https:\/\/www.facebook.com\/depuraguaonline","article_modified_time":"2023-12-01T12:57:21+00:00","twitter_card":"summary_large_image","twitter_site":"@AquatechIntl","twitter_misc":{"Dur\u00e9e de lecture estim\u00e9e":"3 minutes"},"schema":{"@context":"https:\/\/schema.org","@graph":[{"@type":"WebPage","@id":"https:\/\/tienda.depuragua.com\/fr\/avis-juridique\/","url":"https:\/\/tienda.depuragua.com\/fr\/avis-juridique\/","name":"Avis juridique - Depuragua","isPartOf":{"@id":"https:\/\/tienda.depuragua.com\/fr\/#website"},"datePublished":"2023-12-01T12:55:16+00:00","dateModified":"2023-12-01T12:57:21+00:00","breadcrumb":{"@id":"https:\/\/tienda.depuragua.com\/fr\/avis-juridique\/#breadcrumb"},"inLanguage":"fr-FR","potentialAction":[{"@type":"ReadAction","target":["https:\/\/tienda.depuragua.com\/fr\/avis-juridique\/"]}]},{"@type":"BreadcrumbList","@id":"https:\/\/tienda.depuragua.com\/fr\/avis-juridique\/#breadcrumb","itemListElement":[{"@type":"ListItem","position":1,"name":"Portada","item":"https:\/\/tienda.depuragua.com\/fr\/"},{"@type":"ListItem","position":2,"name":"Avis juridique"}]},{"@type":"WebSite","@id":"https:\/\/tienda.depuragua.com\/fr\/#website","url":"https:\/\/tienda.depuragua.com\/fr\/","name":"Depuragua","description":"Depuragua","publisher":{"@id":"https:\/\/tienda.depuragua.com\/fr\/#organization"},"potentialAction":[{"@type":"SearchAction","target":{"@type":"EntryPoint","urlTemplate":"https:\/\/tienda.depuragua.com\/fr\/?s={search_term_string}"},"query-input":"required name=search_term_string"}],"inLanguage":"fr-FR"},{"@type":"Organization","@id":"https:\/\/tienda.depuragua.com\/fr\/#organization","name":"Depuragua","url":"https:\/\/tienda.depuragua.com\/fr\/","logo":{"@type":"ImageObject","inLanguage":"fr-FR","@id":"https:\/\/tienda.depuragua.com\/fr\/#\/schema\/logo\/image\/","url":"https:\/\/tienda.depuragua.com\/wp-content\/uploads\/2023\/11\/logodepuragua.png","contentUrl":"https:\/\/tienda.depuragua.com\/wp-content\/uploads\/2023\/11\/logodepuragua.png","width":1000,"height":340,"caption":"Depuragua"},"image":{"@id":"https:\/\/tienda.depuragua.com\/fr\/#\/schema\/logo\/image\/"},"sameAs":["https:\/\/www.facebook.com\/depuraguaonline","https:\/\/twitter.com\/AquatechIntl"]}]}},"_links":{"self":[{"href":"https:\/\/tienda.depuragua.com\/fr\/wp-json\/wp\/v2\/pages\/287008"}],"collection":[{"href":"https:\/\/tienda.depuragua.com\/fr\/wp-json\/wp\/v2\/pages"}],"about":[{"href":"https:\/\/tienda.depuragua.com\/fr\/wp-json\/wp\/v2\/types\/page"}],"author":[{"embeddable":true,"href":"https:\/\/tienda.depuragua.com\/fr\/wp-json\/wp\/v2\/users\/2"}],"replies":[{"embeddable":true,"href":"https:\/\/tienda.depuragua.com\/fr\/wp-json\/wp\/v2\/comments?post=287008"}],"version-history":[{"count":2,"href":"https:\/\/tienda.depuragua.com\/fr\/wp-json\/wp\/v2\/pages\/287008\/revisions"}],"predecessor-version":[{"id":287010,"href":"https:\/\/tienda.depuragua.com\/fr\/wp-json\/wp\/v2\/pages\/287008\/revisions\/287010"}],"wp:attachment":[{"href":"https:\/\/tienda.depuragua.com\/fr\/wp-json\/wp\/v2\/media?parent=287008"}],"curies":[{"name":"wp","href":"https:\/\/api.w.org\/{rel}","templated":true}]}}