{"id":286952,"date":"2019-10-29T11:52:28","date_gmt":"2019-10-29T10:52:28","guid":{"rendered":"https:\/\/nueva.depuragua.com\/?page_id=286952"},"modified":"2023-12-01T12:41:28","modified_gmt":"2023-12-01T11:41:28","slug":"politique-de-confidentialite","status":"publish","type":"page","link":"https:\/\/tienda.depuragua.com\/fr\/politique-de-confidentialite\/","title":{"rendered":"Politique de confidentialit\u00e9"},"content":{"rendered":"<p>[et_pb_section fb_built=&#8221;1&#8243; _builder_version=&#8221;4.23.1&#8243; _module_preset=&#8221;default&#8221; global_colors_info=&#8221;{}&#8221;][et_pb_row _builder_version=&#8221;4.23.1&#8243; _module_preset=&#8221;default&#8221; global_colors_info=&#8221;{}&#8221;][et_pb_column type=&#8221;4_4&#8243; _builder_version=&#8221;4.23.1&#8243; _module_preset=&#8221;default&#8221; global_colors_info=&#8221;{}&#8221;][et_pb_text _builder_version=&#8221;4.23.1&#8243; _module_preset=&#8221;default&#8221; global_colors_info=&#8221;{}&#8221;]<\/p>\n<h2 style=\"color: #55acef;\">Politiques de confidentialit\u00e9<\/h2>\n<p>Chez <span style=\"text-transform: uppercase;\">depuragua.com <\/span> nous respectons \u00e0 tout moment la s\u00e9curit\u00e9 et la confidentialit\u00e9 de vos donn\u00e9es personnelles, donc afin de vous offrir un meilleur service, cette politique de confidentialit\u00e9 qui vise pour vous informer clairement sur le traitement et la gestion que nous faisons de vos donn\u00e9es personnelles.<\/p>\n<p>Pour votre commodit\u00e9, la politique de confidentialit\u00e9 sera toujours accessible depuis le site https:\/\/depuragua.com\/.<\/p>\n<p>Nous vous rappelons que pour le bon fonctionnement de la relation, vous devez nous informer de toute modification des informations fournies, telles que changements d&#8217;adresse, d&#8217;email, de num\u00e9ro de t\u00e9l\u00e9phone, etc. ainsi que de nous informer en cas de perte, de vol ou d&#8217;acc\u00e8s non autoris\u00e9 avec les cl\u00e9s personnelles et les codes d&#8217;acc\u00e8s que nous aurons pu fournir pour acc\u00e9der \u00e0 notre site Internet. Pour ces cas, ainsi que pour toute question que vous pourriez avoir, nous vous fournissons l&#8217;adresse e-mail suivante o\u00f9 nous vous assisterons : pazmargo@gmail.com.<\/p>\n<h2 style=\"color: #55acef;\">IDENTIT\u00c9 ET COORDONN\u00c9ES<\/h2>\n<p>Enymar Rubio S.L. avec adresse: 46190 Ribarroja de Turia S.L. Si\u00e8ge social\u00a0: Enymar Rubio S.L., est responsable du traitement de vos donn\u00e9es personnelles, en tant que soci\u00e9t\u00e9 responsable de <span style=\"text-transform: uppercase;\">depuragua.com <\/span>, conform\u00e9ment aux lois et r\u00e9glementations en vigueur en mati\u00e8re de donn\u00e9es. protection.<br \/>\nSi vous avez des questions sur le traitement de vos donn\u00e9es personnelles, nous vous proposons les modalit\u00e9s de contact suivantes :<br \/>\nCourrier postal : adresse : 46190 Ribarroja de Turia S.L. Si\u00e8ge social : Enymar Rubio S.L..<br \/>\nCourriel\u00a0: pazmargo@gmail.com<\/p>\n<h2 style=\"color: #55acef;\">TYPES DE DONN\u00c9ES QUE NOUS VOUS DEMANDONS<\/h2>\n<p>Afin de vous fournir au mieux nos services, en fonction du service demand\u00e9, nous aurons besoin que vous nous fournissiez certaines donn\u00e9es personnelles, telles que votre nom complet, votre adresse, votre e-mail ou votre num\u00e9ro de t\u00e9l\u00e9phone portable.<\/p>\n<p>Certaines de ces donn\u00e9es sont obligatoires pour la fourniture du service, dans ces cas, elles seront identifi\u00e9es comme telles sur le formulaire lui-m\u00eame. Nous vous informons que le refus de fournir ces informations nous emp\u00eachera de fournir le service demand\u00e9.<\/p>\n<ul>\n<li>Inscription dans la boutique en ligne\u00a0: nom complet, adresse et num\u00e9ro de t\u00e9l\u00e9phone.<\/li>\n<li>Achat de produits via le Web\u00a0: mode de paiement, num\u00e9ro de compte, carte comprenant le num\u00e9ro de carte, le type de carte, la date d&#8217;expiration et le num\u00e9ro CVV.<\/li>\n<li>Inscription \u00e0 la newsletter\u00a0: e-mail.<\/li>\n<\/ul>\n<p>En plus de ce qui pr\u00e9c\u00e8de, afin de mieux vous conna\u00eetre et ainsi pouvoir vous fournir un service plus personnalis\u00e9, nous pouvons collecter nous-m\u00eames des donn\u00e9es \u00e0 l&#8217;aide de cookies ou de votre historique d&#8217;achats qui, avec les donn\u00e9es que vous avez pr\u00e9c\u00e9demment fournies. \u00e0 nous, nous utilisons pour personnaliser les offres, les promotions et les communications avec vous afin de vous proposer les produits et services qui correspondent le mieux \u00e0 vos go\u00fbts et int\u00e9r\u00eats personnels. Si vous ne connaissez pas notre Politique de Cookies, vous pouvez la consulter \u00e0 tout moment en acc\u00e9dant \u00e0 l&#8217;adresse suivante : https:\/\/depuragua.com\/politica-cookies.<br \/>\nNous pouvons \u00e9galement cr\u00e9er des profils en utilisant vos donn\u00e9es d&#8217;utilisation du Web, votre historique d&#8217;achats, votre sexe et votre \u00e2ge. Le profilage consiste \u00e0 \u00e9valuer certains aspects vous concernant, comme votre historique d&#8217;achats, votre \u00e2ge, votre zone g\u00e9ographique, etc. pour mieux comprendre vos go\u00fbts et vos besoins et ainsi pouvoir vous proposer les produits et services les plus en ad\u00e9quation avec vos besoins et vos go\u00fbts.<\/p>\n<h2 style=\"color: #55acef;\">UTILISATION QUE NOUS FAISONS DES DONN\u00c9ES ET BASE JURIDIQUE<\/h2>\n<p><span style=\"text-transform: uppercase;\">depuragua.com <\/span> est conscient de l&#8217;importance de la s\u00e9curit\u00e9 et de la confidentialit\u00e9 de vos donn\u00e9es personnelles, c&#8217;est pourquoi \u00e0 tout moment nous vous informons clairement des finalit\u00e9s et des utilisations qui seront leur soit donn\u00e9e. De cette mani\u00e8re, nous vous informons que la finalit\u00e9 principale du traitement de vos donn\u00e9es sera la vente et l&#8217;exp\u00e9dition des produits que nous commercialisons sur la base de la relation contractuelle que vous entretenez avec <span style=\"text-transform: uppercase;\">depuragua .com <\/ span>. Nous pouvons \u00e9galement traiter vos donn\u00e9es aux fins suivantes :<br \/>\nSur la base de l&#8217;int\u00e9r\u00eat l\u00e9gitime de <span style=\"text-transform: uppercase;\">depuragua.com <\/span>, nous utiliserons vos donn\u00e9es pour\u00a0:<\/p>\n<ul>\n<li>Envoi d&#8217;informations commerciales sur les produits, services, promotions et\/ou \u00e9v\u00e9nements de <span style=\"text-transform: uppercase;\">depuragua.com <\/span>, par l&#8217;un des moyens de contact que vous nous avez indiqu\u00e9s . \u00e0 condition que cela puisse inclure par t\u00e9l\u00e9phone, SMS, messagerie instantan\u00e9e, e-mail ou courrier postal.<\/li>\n<li>Etudes statistiques pour adapter les services et leur qualit\u00e9 pour le client.<\/li>\n<li>Profilage de nos clients pour mieux les conna\u00eetre et pouvoir d\u00e9velopper et proposer les produits et services les plus adapt\u00e9s \u00e0 leurs besoins et go\u00fbts.<\/li>\n<li>Vous proposer nos services aux consommateurs.<\/li>\n<\/ul>\n<p>Avec votre consentement, nous utiliserons les donn\u00e9es collect\u00e9es pour\u00a0:<\/p>\n<ul>\n<li>G\u00e9rer l&#8217;inscription \u00e0 la newsletter et l&#8217;inscription \u00e0 la cr\u00e9ation d&#8217;un compte Web.<\/li>\n<li>Concours, tirages au sort, jeux, etc.<\/li>\n<\/ul>\n<h2 style=\"color: #55acef;\">COMMENT VOS DONN\u00c9ES PERSONNELLES SERONT PARTAG\u00c9ES<\/h2>\n<p><span style=\"text-transform: uppercase;\">depuragua.com <\/span> ne partagera normalement pas vos donn\u00e9es personnelles avec qui que ce soit, sauf si la loi l&#8217;exige ou si la communication est strictement n\u00e9cessaire \u00e0 l&#8217;accomplissement de la relation commerciale qui reste un client. , mais il peut y avoir des cas, toujours avec votre consentement, dans lesquels nous pouvons partager vos donn\u00e9es avec des soci\u00e9t\u00e9s collaboratrices pour pouvoir vous envoyer des informations commerciales susceptibles de vous int\u00e9resser.<\/p>\n<p>Communications de donn\u00e9es \u00e0 des tiers conform\u00e9ment \u00e0 la relation contractuelle entretenue avec <span style=\"text-transform: uppercase;\">depuragua.com <\/span>\u00a0:<\/p>\n<ul>\n<li>En cas d&#8217;achat, vos donn\u00e9es seront communiqu\u00e9es aux soci\u00e9t\u00e9s de distribution et aux points de livraison afin de canaliser les communications appropri\u00e9es, de vous envoyer les produits contract\u00e9s ou de vous informer de leur livraison.<\/li>\n<li>Notaires et tiers susceptibles de participer \u00e0 la gestion des concours, promotions ou tirages au sort organis\u00e9s par <span style=\"text-transform: uppercase;\">depuragua.com <\/span> et dans lesquels vous avez d\u00e9cid\u00e9 de participer. <\/li>\n<\/ul>\n<h2 style=\"color: #55acef;\">DUR\u00c9E POUR LAQUELLE VOS DONN\u00c9ES SERONT CONSERV\u00c9ES<\/h2>\n<p>Selon la finalit\u00e9 pour laquelle nous traitons vos donn\u00e9es, leurs d\u00e9lais de conservation seront diff\u00e9rents. Nous vous informons du d\u00e9lai de garde ci-dessous :<\/p>\n<ul>\n<li>Donn\u00e9es client, gestion du compte, service client\u00a0: tant que vous \u00eates encore inscrit en tant que client, et en cas d&#8217;annulation, 5 ans \u00e0 compter de votre annulation pour respecter les obligations fiscales, ou tout autre type, de l&#8217;entreprise qui pourrait sont survenus au cours de la relation.<\/li>\n<li>Donn\u00e9es de contact pour votre propre usage commercial ou celui de tiers par tout moyen\u00a0: \u00e0 cette fin, vos donn\u00e9es seront trait\u00e9es ind\u00e9finiment, jusqu&#8217;au moment o\u00f9 vous d\u00e9cidez de r\u00e9voquer votre consentement, de vous opposer \u00e0 ce traitement, de supprimer vos donn\u00e9es ou de limiter le traitement de celui-ci.<\/li>\n<\/ul>\n<h2 style=\"color: #55acef;\">S\u00c9CURIT\u00c9 DE VOS DONN\u00c9ES<\/h2>\n<p><span style=\"text-transform: uppercase;\">depuragua.com <\/span> a adopt\u00e9 les mesures techniques et organisationnelles n\u00e9cessaires qui garantissent la s\u00e9curit\u00e9 des donn\u00e9es personnelles et emp\u00eachent leur alt\u00e9ration, perte, traitement ou acc\u00e8s non autoris\u00e9, en tenant compte l&#8217;\u00e9tat de la technologie, la nature des donn\u00e9es stock\u00e9es et les risques auxquels elles sont expos\u00e9es, qu&#8217;ils proviennent de l&#8217;action humaine ou de l&#8217;environnement physique ou naturel.<br \/>\nCependant, l&#8217;utilisateur doit \u00eatre conscient que les mesures de s\u00e9curit\u00e9 sur Internet ne sont pas imprenables.<\/p>\n<h2 style=\"color: #55acef;\">MES DROITS<\/h2>\n<p>A tout moment, vous pouvez r\u00e9voquer, le cas \u00e9ch\u00e9ant, le consentement donn\u00e9, ainsi qu&#8217;exercer vos droits d&#8217;acc\u00e8s, de rectification, de suppression, d&#8217;opposition, de limitation du traitement et de portabilit\u00e9, lorsque lesdits droits sont applicables. Pour ce faire, nous mettons \u00e0 votre disposition les moyens suivants :<\/p>\n<ul>\n<li>Par courrier ordinaire, adress\u00e9 au service client de <span style=\"text-transform: uppercase;\">depuragua.com <\/span>, \u00e0 l&#8217;adresse suivante\u00a0: adresse\u00a0: 46190 Ribarroja de Turia.<\/li>\n<li>Dans les formulaires que vous pouvez obtenir dans nos magasins.<\/li>\n<li>Par e-mail \u00e0\u00a0: pazmargo@gmail.com<\/li>\n<\/ul>\n<p>Dans votre demande, vous devez inclure le num\u00e9ro de client et, dans tous les cas, envoyer une copie de votre pi\u00e8ce d&#8217;identit\u00e9.<\/p>\n<p>De m\u00eame, si vous consid\u00e9rez que vos donn\u00e9es ont \u00e9t\u00e9 trait\u00e9es de mani\u00e8re inappropri\u00e9e, vous aurez le droit de contacter l&#8217;Agence espagnole de protection des donn\u00e9es (C\/ Jorge Juan, 6. 28001 \u2013 Madrid www.agpd.es).[\/et_pb_text][\/et_pb_column][\/et_pb_row][\/et_pb_section]<\/p>\n","protected":false},"excerpt":{"rendered":"<p>Politiques de confidentialit\u00e9 Chez depuragua.com nous respectons \u00e0 tout moment la s\u00e9curit\u00e9 et la confidentialit\u00e9 de vos donn\u00e9es personnelles, donc afin de vous offrir un meilleur service, cette politique de confidentialit\u00e9 qui vise pour vous informer clairement sur le traitement et la gestion que nous faisons de vos donn\u00e9es personnelles. Pour votre commodit\u00e9, la politique [&hellip;]<\/p>\n","protected":false},"author":2,"featured_media":0,"parent":0,"menu_order":0,"comment_status":"closed","ping_status":"closed","template":"","meta":{"_et_pb_use_builder":"on","_et_pb_old_content":"","_et_gb_content_width":"","footnotes":""},"yoast_head":"<!-- This site is optimized with the Yoast SEO plugin v22.1 - https:\/\/yoast.com\/wordpress\/plugins\/seo\/ -->\n<title>Politique de confidentialit\u00e9 - Depuragua<\/title>\n<meta name=\"robots\" content=\"index, follow, max-snippet:-1, max-image-preview:large, max-video-preview:-1\" \/>\n<link rel=\"canonical\" href=\"https:\/\/tienda.depuragua.com\/fr\/politique-de-confidentialite\/\" \/>\n<meta property=\"og:locale\" content=\"fr_FR\" \/>\n<meta property=\"og:type\" content=\"article\" \/>\n<meta property=\"og:title\" content=\"Politique de confidentialit\u00e9 - Depuragua\" \/>\n<meta property=\"og:description\" content=\"Politiques de confidentialit\u00e9 Chez depuragua.com nous respectons \u00e0 tout moment la s\u00e9curit\u00e9 et la confidentialit\u00e9 de vos donn\u00e9es personnelles, donc afin de vous offrir un meilleur service, cette politique de confidentialit\u00e9 qui vise pour vous informer clairement sur le traitement et la gestion que nous faisons de vos donn\u00e9es personnelles. Pour votre commodit\u00e9, la politique [&hellip;]\" \/>\n<meta property=\"og:url\" content=\"https:\/\/tienda.depuragua.com\/fr\/politique-de-confidentialite\/\" \/>\n<meta property=\"og:site_name\" content=\"Depuragua\" \/>\n<meta property=\"article:publisher\" content=\"https:\/\/www.facebook.com\/depuraguaonline\" \/>\n<meta property=\"article:modified_time\" content=\"2023-12-01T11:41:28+00:00\" \/>\n<meta name=\"twitter:card\" content=\"summary_large_image\" \/>\n<meta name=\"twitter:site\" content=\"@AquatechIntl\" \/>\n<meta name=\"twitter:label1\" content=\"Dur\u00e9e de lecture estim\u00e9e\" \/>\n\t<meta name=\"twitter:data1\" content=\"7 minutes\" \/>\n<script type=\"application\/ld+json\" class=\"yoast-schema-graph\">{\"@context\":\"https:\/\/schema.org\",\"@graph\":[{\"@type\":\"WebPage\",\"@id\":\"https:\/\/tienda.depuragua.com\/fr\/politique-de-confidentialite\/\",\"url\":\"https:\/\/tienda.depuragua.com\/fr\/politique-de-confidentialite\/\",\"name\":\"Politique de confidentialit\u00e9 - Depuragua\",\"isPartOf\":{\"@id\":\"https:\/\/tienda.depuragua.com\/fr\/#website\"},\"datePublished\":\"2019-10-29T10:52:28+00:00\",\"dateModified\":\"2023-12-01T11:41:28+00:00\",\"breadcrumb\":{\"@id\":\"https:\/\/tienda.depuragua.com\/fr\/politique-de-confidentialite\/#breadcrumb\"},\"inLanguage\":\"fr-FR\",\"potentialAction\":[{\"@type\":\"ReadAction\",\"target\":[\"https:\/\/tienda.depuragua.com\/fr\/politique-de-confidentialite\/\"]}]},{\"@type\":\"BreadcrumbList\",\"@id\":\"https:\/\/tienda.depuragua.com\/fr\/politique-de-confidentialite\/#breadcrumb\",\"itemListElement\":[{\"@type\":\"ListItem\",\"position\":1,\"name\":\"Portada\",\"item\":\"https:\/\/tienda.depuragua.com\/fr\/\"},{\"@type\":\"ListItem\",\"position\":2,\"name\":\"Politique de confidentialit\u00e9\"}]},{\"@type\":\"WebSite\",\"@id\":\"https:\/\/tienda.depuragua.com\/fr\/#website\",\"url\":\"https:\/\/tienda.depuragua.com\/fr\/\",\"name\":\"Depuragua\",\"description\":\"Depuragua\",\"publisher\":{\"@id\":\"https:\/\/tienda.depuragua.com\/fr\/#organization\"},\"potentialAction\":[{\"@type\":\"SearchAction\",\"target\":{\"@type\":\"EntryPoint\",\"urlTemplate\":\"https:\/\/tienda.depuragua.com\/fr\/?s={search_term_string}\"},\"query-input\":\"required name=search_term_string\"}],\"inLanguage\":\"fr-FR\"},{\"@type\":\"Organization\",\"@id\":\"https:\/\/tienda.depuragua.com\/fr\/#organization\",\"name\":\"Depuragua\",\"url\":\"https:\/\/tienda.depuragua.com\/fr\/\",\"logo\":{\"@type\":\"ImageObject\",\"inLanguage\":\"fr-FR\",\"@id\":\"https:\/\/tienda.depuragua.com\/fr\/#\/schema\/logo\/image\/\",\"url\":\"https:\/\/tienda.depuragua.com\/wp-content\/uploads\/2023\/11\/logodepuragua.png\",\"contentUrl\":\"https:\/\/tienda.depuragua.com\/wp-content\/uploads\/2023\/11\/logodepuragua.png\",\"width\":1000,\"height\":340,\"caption\":\"Depuragua\"},\"image\":{\"@id\":\"https:\/\/tienda.depuragua.com\/fr\/#\/schema\/logo\/image\/\"},\"sameAs\":[\"https:\/\/www.facebook.com\/depuraguaonline\",\"https:\/\/twitter.com\/AquatechIntl\"]}]}<\/script>\n<!-- \/ Yoast SEO plugin. -->","yoast_head_json":{"title":"Politique de confidentialit\u00e9 - Depuragua","robots":{"index":"index","follow":"follow","max-snippet":"max-snippet:-1","max-image-preview":"max-image-preview:large","max-video-preview":"max-video-preview:-1"},"canonical":"https:\/\/tienda.depuragua.com\/fr\/politique-de-confidentialite\/","og_locale":"fr_FR","og_type":"article","og_title":"Politique de confidentialit\u00e9 - Depuragua","og_description":"Politiques de confidentialit\u00e9 Chez depuragua.com nous respectons \u00e0 tout moment la s\u00e9curit\u00e9 et la confidentialit\u00e9 de vos donn\u00e9es personnelles, donc afin de vous offrir un meilleur service, cette politique de confidentialit\u00e9 qui vise pour vous informer clairement sur le traitement et la gestion que nous faisons de vos donn\u00e9es personnelles. Pour votre commodit\u00e9, la politique [&hellip;]","og_url":"https:\/\/tienda.depuragua.com\/fr\/politique-de-confidentialite\/","og_site_name":"Depuragua","article_publisher":"https:\/\/www.facebook.com\/depuraguaonline","article_modified_time":"2023-12-01T11:41:28+00:00","twitter_card":"summary_large_image","twitter_site":"@AquatechIntl","twitter_misc":{"Dur\u00e9e de lecture estim\u00e9e":"7 minutes"},"schema":{"@context":"https:\/\/schema.org","@graph":[{"@type":"WebPage","@id":"https:\/\/tienda.depuragua.com\/fr\/politique-de-confidentialite\/","url":"https:\/\/tienda.depuragua.com\/fr\/politique-de-confidentialite\/","name":"Politique de confidentialit\u00e9 - Depuragua","isPartOf":{"@id":"https:\/\/tienda.depuragua.com\/fr\/#website"},"datePublished":"2019-10-29T10:52:28+00:00","dateModified":"2023-12-01T11:41:28+00:00","breadcrumb":{"@id":"https:\/\/tienda.depuragua.com\/fr\/politique-de-confidentialite\/#breadcrumb"},"inLanguage":"fr-FR","potentialAction":[{"@type":"ReadAction","target":["https:\/\/tienda.depuragua.com\/fr\/politique-de-confidentialite\/"]}]},{"@type":"BreadcrumbList","@id":"https:\/\/tienda.depuragua.com\/fr\/politique-de-confidentialite\/#breadcrumb","itemListElement":[{"@type":"ListItem","position":1,"name":"Portada","item":"https:\/\/tienda.depuragua.com\/fr\/"},{"@type":"ListItem","position":2,"name":"Politique de confidentialit\u00e9"}]},{"@type":"WebSite","@id":"https:\/\/tienda.depuragua.com\/fr\/#website","url":"https:\/\/tienda.depuragua.com\/fr\/","name":"Depuragua","description":"Depuragua","publisher":{"@id":"https:\/\/tienda.depuragua.com\/fr\/#organization"},"potentialAction":[{"@type":"SearchAction","target":{"@type":"EntryPoint","urlTemplate":"https:\/\/tienda.depuragua.com\/fr\/?s={search_term_string}"},"query-input":"required name=search_term_string"}],"inLanguage":"fr-FR"},{"@type":"Organization","@id":"https:\/\/tienda.depuragua.com\/fr\/#organization","name":"Depuragua","url":"https:\/\/tienda.depuragua.com\/fr\/","logo":{"@type":"ImageObject","inLanguage":"fr-FR","@id":"https:\/\/tienda.depuragua.com\/fr\/#\/schema\/logo\/image\/","url":"https:\/\/tienda.depuragua.com\/wp-content\/uploads\/2023\/11\/logodepuragua.png","contentUrl":"https:\/\/tienda.depuragua.com\/wp-content\/uploads\/2023\/11\/logodepuragua.png","width":1000,"height":340,"caption":"Depuragua"},"image":{"@id":"https:\/\/tienda.depuragua.com\/fr\/#\/schema\/logo\/image\/"},"sameAs":["https:\/\/www.facebook.com\/depuraguaonline","https:\/\/twitter.com\/AquatechIntl"]}]}},"_links":{"self":[{"href":"https:\/\/tienda.depuragua.com\/fr\/wp-json\/wp\/v2\/pages\/286952"}],"collection":[{"href":"https:\/\/tienda.depuragua.com\/fr\/wp-json\/wp\/v2\/pages"}],"about":[{"href":"https:\/\/tienda.depuragua.com\/fr\/wp-json\/wp\/v2\/types\/page"}],"author":[{"embeddable":true,"href":"https:\/\/tienda.depuragua.com\/fr\/wp-json\/wp\/v2\/users\/2"}],"replies":[{"embeddable":true,"href":"https:\/\/tienda.depuragua.com\/fr\/wp-json\/wp\/v2\/comments?post=286952"}],"version-history":[{"count":3,"href":"https:\/\/tienda.depuragua.com\/fr\/wp-json\/wp\/v2\/pages\/286952\/revisions"}],"predecessor-version":[{"id":286956,"href":"https:\/\/tienda.depuragua.com\/fr\/wp-json\/wp\/v2\/pages\/286952\/revisions\/286956"}],"wp:attachment":[{"href":"https:\/\/tienda.depuragua.com\/fr\/wp-json\/wp\/v2\/media?parent=286952"}],"curies":[{"name":"wp","href":"https:\/\/api.w.org\/{rel}","templated":true}]}}