{"id":286918,"date":"2019-10-30T09:13:15","date_gmt":"2019-10-30T08:13:15","guid":{"rendered":"https:\/\/nueva.depuragua.com\/?page_id=286918"},"modified":"2023-12-01T12:20:48","modified_gmt":"2023-12-01T11:20:48","slug":"conditions-generales-de-vente","status":"publish","type":"page","link":"https:\/\/tienda.depuragua.com\/fr\/conditions-generales-de-vente\/","title":{"rendered":"Conditions G\u00e9n\u00e9rales de Vente"},"content":{"rendered":"<p>[et_pb_section fb_built=&#8221;1&#8243; _builder_version=&#8221;4.23.1&#8243; _module_preset=&#8221;default&#8221; global_colors_info=&#8221;{}&#8221;][et_pb_row _builder_version=&#8221;4.23.1&#8243; _module_preset=&#8221;default&#8221; global_colors_info=&#8221;{}&#8221;][et_pb_column type=&#8221;4_4&#8243; _builder_version=&#8221;4.23.1&#8243; _module_preset=&#8221;default&#8221; global_colors_info=&#8221;{}&#8221;][et_pb_text _builder_version=&#8221;4.23.1&#8243; _module_preset=&#8221;default&#8221; hover_enabled=&#8221;0&#8243; global_colors_info=&#8221;{}&#8221; sticky_enabled=&#8221;0&#8243;]<\/p>\n<h2 style=\"color: #55acef;\">Conditions G\u00e9n\u00e9rales de Vente<\/h2>\n<p>Les pr\u00e9sentes conditions g\u00e9n\u00e9rales de vente r\u00e9gissent uniquement les ventes de produits propos\u00e9s sur notre site Internet <strong>depuragua.com<\/strong> (ci-apr\u00e8s \u00ab WEB \u00bb). Toute personne qui va passer sa commande par l&#8217;interm\u00e9diaire du SITE peut acc\u00e9der aux pr\u00e9sentes conditions g\u00e9n\u00e9rales de vente. Tous les contrats ex\u00e9cut\u00e9s \u00e0 partir du WEB seront formalis\u00e9s en espagnol.<\/p>\n<p>        En cons\u00e9quence, le fait de passer commande vaut adh\u00e9sion de l&#8217;acheteur aux pr\u00e9sentes conditions g\u00e9n\u00e9rales de vente.<\/p>\n<h2 style=\"color: #55acef;\">DONN\u00c9ES D&#8217;IDENTIFICATION<\/h2>\n<p>Nom de l&#8217;entreprise\u00a0: <span style=\"text-transform: uppercase;\">depuragua.com <\/span> S.L.<br \/>\n        Si\u00e8ge social : adresse : 46190 Ribarroja de Turia.<br \/>\n        CIF : B96830674<\/p>\n<h2 style=\"color: #55acef;\">SERVICE CLIENT<\/h2>\n<p>Pour toute information, question ou conseil, notre service client est \u00e0 votre disposition. Vous pouvez nous contacter des mani\u00e8res suivantes :<br \/>\nPar courrier postal &#8211; adresse : 46190 Ribarroja de Turia S.L. Si\u00e8ge social : Enymar Rubio S.L.<br \/>\nPar email \u00e0 : pazmargo@gmail.com<br \/>\nPar t\u00e9l\u00e9phone : +34606671882<\/p>\n<h2 style=\"color: #55acef;\">OFFRES ET PRIX<\/h2>\n<p>Les offres promotionnelles ne sont valables que pour les commandes en ligne pendant la dur\u00e9e de validit\u00e9 de ladite offre. Les prix qui apparaissent sur le SITE sont indiqu\u00e9s en Euros (taxes comprises). Ces prix ne comprennent pas les frais d&#8217;exp\u00e9dition ni de livraison (voir Livraison) et peuvent \u00e9voluer au cours de l&#8217;ann\u00e9e, \u00e9tant factur\u00e9s selon le tarif en vigueur au moment de la passation de la commande. Les frais de port s&#8217;\u00e9l\u00e8vent \u00e0 6 \u20ac et les frais de port sont gratuits pour les commandes sup\u00e9rieures \u00e0 50 \u20ac. Les produits seront la propri\u00e9t\u00e9 de <span style=\"text-transform: uppercase;\">depuragua.com <\/span> jusqu&#8217;\u00e0 leur paiement int\u00e9gral.<br \/>\nVous pouvez consulter les caract\u00e9ristiques de chaque produit en cliquant sur la fiche produit.<\/p>\n<h2 style=\"color: #55acef;\">LA COMMANDE<\/h2>\n<p>En passant votre commande, vous acceptez les pr\u00e9sentes conditions g\u00e9n\u00e9rales de vente et d\u00e9clarez \u00eatre majeur et avoir la capacit\u00e9 juridique suffisante pour contracter.<\/p>\n<p>        Les \u00e9tapes pour passer une commande sont les suivantes :<\/p>\n<ul>\n<li>S\u00e9lectionnez le produit que vous souhaitez acheter et cliquez sur \u00ab\u00a0Ajouter au panier\u00a0\u00bb, r\u00e9p\u00e9tez cette op\u00e9ration avec tous les produits que vous souhaitez acheter.<\/li>\n<li>Lorsque vous souhaitez proc\u00e9der au paiement, cliquez sur \u00ab\u00a0Voir le panier\u00a0\u00bb.<\/li>\n<li>De l\u00e0, vous pouvez apporter les modifications souhait\u00e9es \u00e0 votre panier.<\/li>\n<li>Une fois s\u00fbr, cliquez sur le bouton &#8220;Terminer l&#8217;achat&#8221;.<\/li>\n<li>Si vous n&#8217;\u00eates pas identifi\u00e9, il vous sera demand\u00e9 de vous inscrire et de saisir les informations n\u00e9cessaires pour pouvoir passer la commande en votre nom et la faire livrer \u00e0 l&#8217;adresse indiqu\u00e9e.<\/li>\n<li>S\u00e9lectionnez le mode de paiement. Vous pouvez choisir entre payer avec Paypal ou par carte de cr\u00e9dit.<\/li>\n<li>Une fois les informations valid\u00e9es, la commande sera finalis\u00e9e.<\/li>\n<\/ul>\n<p>Lorsque vous confirmez votre commande, vous d\u00e9clarez l&#8217;accepter, et vous devez l&#8217;accepter pour qu&#8217;elle soit trait\u00e9e correctement conform\u00e9ment aux pr\u00e9sentes conditions de vente. C&#8217;est \u00e0 ce moment-l\u00e0 que votre commande est trait\u00e9e par le service client afin que vous puissiez la recevoir. Une fois votre commande enregistr\u00e9e, vous recevrez un accus\u00e9 de r\u00e9ception d\u00e9taill\u00e9 sur votre adresse email, qui vous indiquera le montant exact et les conditions de livraison de ladite commande.<br \/>\n        Vous acceptez que nos syst\u00e8mes d&#8217;enregistrement des commandes constituent la preuve de la nature et de la date du contrat. <span style=\"text-transform: uppercase;\">depuragua.com <\/span> se r\u00e9serve le droit d&#8217;annuler toute commande pass\u00e9e ou de n&#8217;autoriser que le paiement par carte bancaire \u00e0 tout client en retard de paiement ou avec l&#8217;existence d&#8217;un litige relatif au paiement d&#8217;une commande ant\u00e9rieure, ou pour tout autre motif l\u00e9gitime d\u00fb \u00e0 une irr\u00e9gularit\u00e9 de la commande.<\/p>\n<h2 style=\"color: #55acef;\">DISPONIBILIT\u00c9 DU PRODUIT<\/h2>\n<p>En cas d&#8217;indisponibilit\u00e9 des produits apr\u00e8s passation de la commande, nous nous engageons \u00e0 vous en informer dans les plus brefs d\u00e9lais et \u00e0 vous indiquer le nouveau d\u00e9lai dans lequel vous recevrez votre commande. Dans ce cas, vous aurez la possibilit\u00e9 d&#8217;annuler votre commande et de rembourser le montant pay\u00e9, par le m\u00eame mode de paiement que vous avez choisi, dans un d\u00e9lai de 14 jours \u00e0 compter de la demande d&#8217;annulation, ou de demander la modification de votre commande en appelant par t\u00e9l\u00e9phone. au +34606671882.<\/p>\n<h2 style=\"color: #55acef;\">PAIEMENT<\/h2>\n<p>Le paiement des commandes pass\u00e9es sur le site s&#8217;effectue exclusivement en euros. <span style=\"text-transform: uppercase;\">depuragua.com <\/span> propose \u00e0 l&#8217;utilisateur les modes de paiement suivants :<\/p>\n<ul>\n<li>Par carte bancaire (VISA, Mastercard).<\/li>\n<li>PayPal<\/li>\n<\/ul>\n<p>Le paiement par carte bancaire est totalement s\u00e9curis\u00e9. L&#8217;ensemble de la transaction s&#8217;effectue sous forme crypt\u00e9e via un serveur de validation bancaire utilisant le protocole de cryptage SSL (technologie de cryptage dont l&#8217;acronyme vient de son nom \u00ab Secure Socket Layer \u00bb). Ainsi, les achats que vous effectuez via le paiement en ligne sont totalement s\u00e9curis\u00e9s.<\/p>\n<h2 style=\"color: #55acef;\">LIVRAISON<\/h2>\n<p>La livraison des commandes sera effectu\u00e9e dans toute l&#8217;Espagne selon les modalit\u00e9s, d\u00e9lais et limitations indiqu\u00e9s ci-dessous. A votre demande, la commande sera livr\u00e9e \u00e0 :<br \/>\n        Adresse priv\u00e9e : livraison sous 2 \u00e0 3 jours ouvr\u00e9s (du lundi au vendredi) \u00e0 compter de la date de confirmation de votre commande.<\/p>\n<p>        Il vous appartient de nous fournir avec exactitude toutes les coordonn\u00e9es et pi\u00e8ces d&#8217;identit\u00e9 n\u00e9cessaires tant au bon envoi qu&#8217;au retrait de votre commande.<br \/>\nNOTE IMPORTANTE : Pendant la p\u00e9riode de No\u00ebl, et compte tenu du volume \u00e9lev\u00e9 de commandes que nos distributeurs logistiques doivent g\u00e9rer, ainsi que de l&#8217;accumulation de jours f\u00e9ri\u00e9s et de jours non ouvr\u00e9s, votre commande peut \u00eatre retard\u00e9e, donc, \u00c0 PARTIR DU 19 D\u00c9CEMBRE, AUCUNE LIVRAISON N&#8217;EST GARANTI \u00c0 TEMPS POUR NO\u00cbL OU TROIS TROIS CHOSES JOUR.<\/p>\n<h2 style=\"color: #55acef;\">D\u00c9SISTANCE<\/h2>\n<p>Si le produit de votre commande ne correspond pas \u00e0 vos attentes, vous pouvez exercer votre droit de r\u00e9tractation dans un d\u00e9lai de 14 jours calendaires \u00e0 compter de la r\u00e9ception du colis par vous, ou un tiers mandat\u00e9 par vous.<\/p>\n<p>        Pour exercer votre droit de r\u00e9tractation, vous pouvez nous informer par \u00e9crit de votre d\u00e9cision de vous r\u00e9tracter (par exemple par email (pazmargo@gmail.com), lettre, fax, etc.). Afin que nous puissions vous aider dans les plus brefs d\u00e9lais, vous pouvez utiliser le mod\u00e8le de formulaire de r\u00e9tractation que nous incluons ci-dessous, bien que son utilisation ne soit pas obligatoire :<\/p>\n<p>        Mod\u00e8le de formulaire de r\u00e9tractation :<\/p>\n<p>        A l&#8217;attention du service client de <span style=\"text-transform: uppercase;\">depuragua.com <\/span>. Je vous informe par la pr\u00e9sente que je me r\u00e9tracte du contrat d&#8217;achat et de vente dont les d\u00e9tails sont les suivants :<\/p>\n<p>        Num\u00e9ro de commande:<br \/>\n        Date de demande de commande\u00a0:<br \/>\n        Date de r\u00e9ception de la commande :<br \/>\n        Nom et pr\u00e9nom du client :<br \/>\n        Adresse du client\u00a0:<br \/>\n        Date de la demande de retrait\u00a0:<br \/>\n        La signature du client:<\/p>\n<p>        Nous accuserons r\u00e9ception de votre demande et vous restituerons le montant vers\u00e9 par PayPal, ch\u00e8que ou virement bancaire dans un d\u00e9lai de 14 jours calendaires \u00e0 compter de la r\u00e9ception de votre demande de r\u00e9tractation sous r\u00e9serve que le produit ait \u00e9t\u00e9 retourn\u00e9.<\/p>\n<p>        L&#8217;exercice du droit de r\u00e9tractation entra\u00eenera le remboursement du prix du produit retourn\u00e9 et des frais de port initiaux. Vous devez assumer les frais directs de retour des produits.<\/p>\n<p>        Pour des raisons de sant\u00e9 ou d&#8217;hygi\u00e8ne, et compte tenu de la r\u00e9glementation en vigueur, vous ne pourrez pas retirer les produits cosm\u00e9tiques descell\u00e9s apr\u00e8s livraison.<\/p>\n<p>        Dans le cas o\u00f9 lors de votre commande, vous aviez s\u00e9lectionn\u00e9 un mode de livraison autre que la livraison ordinaire la moins ch\u00e8re, <span style=\"text-transform: uppercase;\">depuragua.com <\/span> ne remboursera pas les frais suppl\u00e9mentaires que en d\u00e9coulent.<\/p>\n<h2 style=\"color: #55acef;\">RESPONSABILIT\u00c9<\/h2>\n<p>Les produits propos\u00e9s sont conformes \u00e0 la l\u00e9gislation espagnole en vigueur.<br \/>\n        <span style=\"text-transform: uppercase;\">depuragua.com <\/span> ne sera pas responsable de la non-livraison de la commande pour cause de force majeure, d&#8217;\u00e9v\u00e9nements impr\u00e9vus, de gr\u00e8ves qu&#8217;elles soient de l&#8217;entit\u00e9 elle-m\u00eame, sectorielle ou g\u00e9n\u00e9rale. ou ceux promus par les travailleurs des services postaux et des transports et\/ou communications. <span style=\"text-transform: uppercase;\">depuragua.com <\/span> ne sera pas responsable des faits susmentionn\u00e9s de dommages indirects, de b\u00e9n\u00e9fice ou d&#8217;opportunit\u00e9. <span style=\"text-transform: uppercase;\">depuragua.com <\/span> rappelle qu&#8217;en application des dispositions du Code Civil, les mineurs non \u00e9mancip\u00e9s n&#8217;ont pas la capacit\u00e9 de contracter. Les commandes destin\u00e9es aux mineurs doivent \u00eatre pass\u00e9es par ceux qui exercent l&#8217;autorit\u00e9 parentale ou la tutelle. En cas d&#8217;obtention accidentelle des donn\u00e9es d&#8217;un mineur, les parents ou tuteurs peuvent s&#8217;opposer \u00e0 leur conservation et \u00e0 leur traitement.<\/p>\n<p>        Des liens hypertextes peuvent vous diriger vers d&#8217;autres sites Internet. <span style=\"text-transform: uppercase;\">depuragua.com <\/span> d\u00e9cline toute responsabilit\u00e9 dans le cas o\u00f9 leur contenu contreviendrait aux dispositions l\u00e9gales et r\u00e9glementaires en vigueur.<\/p>\n<p>        De m\u00eame, la soci\u00e9t\u00e9 <span style=\"text-transform: uppercase;\">depuragua.com <\/span> S.L. rappelons que toute cr\u00e9ation de lien hypertexte vers la page h\u00f4te de ce site ou toute autre page de ce site est soumise \u00e0 l&#8217;accord expr\u00e8s, pr\u00e9alable et \u00e9crit de <span style=\"text-transform: uppercase;\"> depuragua.com < \/span> .<\/p>\n<h2 style=\"color: #55acef;\">MODIFICATION DES CONDITIONS GENERALES DE VENTE<\/h2>\n<p><span style=\"text-transform: uppercase;\">depuragua.com <\/span> se r\u00e9serve le droit d&#8217;adapter ou de modifier les pr\u00e9sentes conditions g\u00e9n\u00e9rales de vente \u00e0 tout moment. Les nouvelles conditions g\u00e9n\u00e9rales de vente seront accessibles par le client via le site internet et ne seront appliqu\u00e9es aux ventes qu&#8217;apr\u00e8s la modification.<\/p>\n<h2 style=\"color: #55acef;\">R\u00c9SOLUTION DES DIFF\u00c9RENDS ET JURIDICTION<\/h2>\n<p>La fourniture du service de ce SITE WEB et les pr\u00e9sentes conditions d&#8217;utilisation sont r\u00e9gies par la loi espagnole. Toute question litigieuse concernant les services fournis via ce SITE WEB sera r\u00e9solue par les tribunaux d&#8217;arbitrage de consommation, m\u00e9diateurs ou similaires auxquels LA SOCI\u00c9T\u00c9 est affili\u00e9e au moment o\u00f9 le litige survient, ainsi que par les tribunaux et tribunaux correspondants conform\u00e9ment \u00e0 la l\u00e9gislation espagnole. .<\/p>\n<h2 style=\"color: #55acef;\">PLATEFORME DE R\u00c9SOLUTION DES LITIGES EN LIGNE<\/h2>\n<p>La Commission europ\u00e9enne propose une plateforme de r\u00e9solution des litiges en ligne, disponible au lien suivant : http:\/\/ec.europa.eu\/consumers\/odr, \u00e0 travers laquelle les r\u00e9clamations concernant les contrats conclus en ligne peuvent \u00eatre trait\u00e9es.<br \/>\n        Courriel de contact\u00a0: pazmargo@gmail.com[\/et_pb_text][\/et_pb_column][\/et_pb_row][\/et_pb_section]<\/p>\n","protected":false},"excerpt":{"rendered":"<p>Conditions G\u00e9n\u00e9rales de Vente Les pr\u00e9sentes conditions g\u00e9n\u00e9rales de vente r\u00e9gissent uniquement les ventes de produits propos\u00e9s sur notre site Internet depuragua.com (ci-apr\u00e8s \u00ab WEB \u00bb). Toute personne qui va passer sa commande par l&#8217;interm\u00e9diaire du SITE peut acc\u00e9der aux pr\u00e9sentes conditions g\u00e9n\u00e9rales de vente. Tous les contrats ex\u00e9cut\u00e9s \u00e0 partir du WEB seront formalis\u00e9s [&hellip;]<\/p>\n","protected":false},"author":2,"featured_media":0,"parent":0,"menu_order":0,"comment_status":"closed","ping_status":"closed","template":"","meta":{"_et_pb_use_builder":"on","_et_pb_old_content":"","_et_gb_content_width":"","footnotes":""},"yoast_head":"<!-- This site is optimized with the Yoast SEO plugin v22.1 - https:\/\/yoast.com\/wordpress\/plugins\/seo\/ -->\n<title>Conditions G\u00e9n\u00e9rales de Vente - Depuragua<\/title>\n<meta name=\"robots\" content=\"index, follow, max-snippet:-1, max-image-preview:large, max-video-preview:-1\" \/>\n<link rel=\"canonical\" href=\"https:\/\/tienda.depuragua.com\/fr\/conditions-generales-de-vente\/\" \/>\n<meta property=\"og:locale\" content=\"fr_FR\" \/>\n<meta property=\"og:type\" content=\"article\" \/>\n<meta property=\"og:title\" content=\"Conditions G\u00e9n\u00e9rales de Vente - Depuragua\" \/>\n<meta property=\"og:description\" content=\"Conditions G\u00e9n\u00e9rales de Vente Les pr\u00e9sentes conditions g\u00e9n\u00e9rales de vente r\u00e9gissent uniquement les ventes de produits propos\u00e9s sur notre site Internet depuragua.com (ci-apr\u00e8s \u00ab WEB \u00bb). Toute personne qui va passer sa commande par l&#039;interm\u00e9diaire du SITE peut acc\u00e9der aux pr\u00e9sentes conditions g\u00e9n\u00e9rales de vente. Tous les contrats ex\u00e9cut\u00e9s \u00e0 partir du WEB seront formalis\u00e9s [&hellip;]\" \/>\n<meta property=\"og:url\" content=\"https:\/\/tienda.depuragua.com\/fr\/conditions-generales-de-vente\/\" \/>\n<meta property=\"og:site_name\" content=\"Depuragua\" \/>\n<meta property=\"article:publisher\" content=\"https:\/\/www.facebook.com\/depuraguaonline\" \/>\n<meta property=\"article:modified_time\" content=\"2023-12-01T11:20:48+00:00\" \/>\n<meta name=\"twitter:card\" content=\"summary_large_image\" \/>\n<meta name=\"twitter:site\" content=\"@AquatechIntl\" \/>\n<meta name=\"twitter:label1\" content=\"Dur\u00e9e de lecture estim\u00e9e\" \/>\n\t<meta name=\"twitter:data1\" content=\"9 minutes\" \/>\n<script type=\"application\/ld+json\" class=\"yoast-schema-graph\">{\"@context\":\"https:\/\/schema.org\",\"@graph\":[{\"@type\":\"WebPage\",\"@id\":\"https:\/\/tienda.depuragua.com\/fr\/conditions-generales-de-vente\/\",\"url\":\"https:\/\/tienda.depuragua.com\/fr\/conditions-generales-de-vente\/\",\"name\":\"Conditions G\u00e9n\u00e9rales de Vente - Depuragua\",\"isPartOf\":{\"@id\":\"https:\/\/tienda.depuragua.com\/fr\/#website\"},\"datePublished\":\"2019-10-30T08:13:15+00:00\",\"dateModified\":\"2023-12-01T11:20:48+00:00\",\"breadcrumb\":{\"@id\":\"https:\/\/tienda.depuragua.com\/fr\/conditions-generales-de-vente\/#breadcrumb\"},\"inLanguage\":\"fr-FR\",\"potentialAction\":[{\"@type\":\"ReadAction\",\"target\":[\"https:\/\/tienda.depuragua.com\/fr\/conditions-generales-de-vente\/\"]}]},{\"@type\":\"BreadcrumbList\",\"@id\":\"https:\/\/tienda.depuragua.com\/fr\/conditions-generales-de-vente\/#breadcrumb\",\"itemListElement\":[{\"@type\":\"ListItem\",\"position\":1,\"name\":\"Portada\",\"item\":\"https:\/\/tienda.depuragua.com\/fr\/\"},{\"@type\":\"ListItem\",\"position\":2,\"name\":\"Conditions G\u00e9n\u00e9rales de Vente\"}]},{\"@type\":\"WebSite\",\"@id\":\"https:\/\/tienda.depuragua.com\/fr\/#website\",\"url\":\"https:\/\/tienda.depuragua.com\/fr\/\",\"name\":\"Depuragua\",\"description\":\"Depuragua\",\"publisher\":{\"@id\":\"https:\/\/tienda.depuragua.com\/fr\/#organization\"},\"potentialAction\":[{\"@type\":\"SearchAction\",\"target\":{\"@type\":\"EntryPoint\",\"urlTemplate\":\"https:\/\/tienda.depuragua.com\/fr\/?s={search_term_string}\"},\"query-input\":\"required name=search_term_string\"}],\"inLanguage\":\"fr-FR\"},{\"@type\":\"Organization\",\"@id\":\"https:\/\/tienda.depuragua.com\/fr\/#organization\",\"name\":\"Depuragua\",\"url\":\"https:\/\/tienda.depuragua.com\/fr\/\",\"logo\":{\"@type\":\"ImageObject\",\"inLanguage\":\"fr-FR\",\"@id\":\"https:\/\/tienda.depuragua.com\/fr\/#\/schema\/logo\/image\/\",\"url\":\"https:\/\/tienda.depuragua.com\/wp-content\/uploads\/2023\/11\/logodepuragua.png\",\"contentUrl\":\"https:\/\/tienda.depuragua.com\/wp-content\/uploads\/2023\/11\/logodepuragua.png\",\"width\":1000,\"height\":340,\"caption\":\"Depuragua\"},\"image\":{\"@id\":\"https:\/\/tienda.depuragua.com\/fr\/#\/schema\/logo\/image\/\"},\"sameAs\":[\"https:\/\/www.facebook.com\/depuraguaonline\",\"https:\/\/twitter.com\/AquatechIntl\"]}]}<\/script>\n<!-- \/ Yoast SEO plugin. -->","yoast_head_json":{"title":"Conditions G\u00e9n\u00e9rales de Vente - Depuragua","robots":{"index":"index","follow":"follow","max-snippet":"max-snippet:-1","max-image-preview":"max-image-preview:large","max-video-preview":"max-video-preview:-1"},"canonical":"https:\/\/tienda.depuragua.com\/fr\/conditions-generales-de-vente\/","og_locale":"fr_FR","og_type":"article","og_title":"Conditions G\u00e9n\u00e9rales de Vente - Depuragua","og_description":"Conditions G\u00e9n\u00e9rales de Vente Les pr\u00e9sentes conditions g\u00e9n\u00e9rales de vente r\u00e9gissent uniquement les ventes de produits propos\u00e9s sur notre site Internet depuragua.com (ci-apr\u00e8s \u00ab WEB \u00bb). Toute personne qui va passer sa commande par l'interm\u00e9diaire du SITE peut acc\u00e9der aux pr\u00e9sentes conditions g\u00e9n\u00e9rales de vente. Tous les contrats ex\u00e9cut\u00e9s \u00e0 partir du WEB seront formalis\u00e9s [&hellip;]","og_url":"https:\/\/tienda.depuragua.com\/fr\/conditions-generales-de-vente\/","og_site_name":"Depuragua","article_publisher":"https:\/\/www.facebook.com\/depuraguaonline","article_modified_time":"2023-12-01T11:20:48+00:00","twitter_card":"summary_large_image","twitter_site":"@AquatechIntl","twitter_misc":{"Dur\u00e9e de lecture estim\u00e9e":"9 minutes"},"schema":{"@context":"https:\/\/schema.org","@graph":[{"@type":"WebPage","@id":"https:\/\/tienda.depuragua.com\/fr\/conditions-generales-de-vente\/","url":"https:\/\/tienda.depuragua.com\/fr\/conditions-generales-de-vente\/","name":"Conditions G\u00e9n\u00e9rales de Vente - Depuragua","isPartOf":{"@id":"https:\/\/tienda.depuragua.com\/fr\/#website"},"datePublished":"2019-10-30T08:13:15+00:00","dateModified":"2023-12-01T11:20:48+00:00","breadcrumb":{"@id":"https:\/\/tienda.depuragua.com\/fr\/conditions-generales-de-vente\/#breadcrumb"},"inLanguage":"fr-FR","potentialAction":[{"@type":"ReadAction","target":["https:\/\/tienda.depuragua.com\/fr\/conditions-generales-de-vente\/"]}]},{"@type":"BreadcrumbList","@id":"https:\/\/tienda.depuragua.com\/fr\/conditions-generales-de-vente\/#breadcrumb","itemListElement":[{"@type":"ListItem","position":1,"name":"Portada","item":"https:\/\/tienda.depuragua.com\/fr\/"},{"@type":"ListItem","position":2,"name":"Conditions G\u00e9n\u00e9rales de Vente"}]},{"@type":"WebSite","@id":"https:\/\/tienda.depuragua.com\/fr\/#website","url":"https:\/\/tienda.depuragua.com\/fr\/","name":"Depuragua","description":"Depuragua","publisher":{"@id":"https:\/\/tienda.depuragua.com\/fr\/#organization"},"potentialAction":[{"@type":"SearchAction","target":{"@type":"EntryPoint","urlTemplate":"https:\/\/tienda.depuragua.com\/fr\/?s={search_term_string}"},"query-input":"required name=search_term_string"}],"inLanguage":"fr-FR"},{"@type":"Organization","@id":"https:\/\/tienda.depuragua.com\/fr\/#organization","name":"Depuragua","url":"https:\/\/tienda.depuragua.com\/fr\/","logo":{"@type":"ImageObject","inLanguage":"fr-FR","@id":"https:\/\/tienda.depuragua.com\/fr\/#\/schema\/logo\/image\/","url":"https:\/\/tienda.depuragua.com\/wp-content\/uploads\/2023\/11\/logodepuragua.png","contentUrl":"https:\/\/tienda.depuragua.com\/wp-content\/uploads\/2023\/11\/logodepuragua.png","width":1000,"height":340,"caption":"Depuragua"},"image":{"@id":"https:\/\/tienda.depuragua.com\/fr\/#\/schema\/logo\/image\/"},"sameAs":["https:\/\/www.facebook.com\/depuraguaonline","https:\/\/twitter.com\/AquatechIntl"]}]}},"_links":{"self":[{"href":"https:\/\/tienda.depuragua.com\/fr\/wp-json\/wp\/v2\/pages\/286918"}],"collection":[{"href":"https:\/\/tienda.depuragua.com\/fr\/wp-json\/wp\/v2\/pages"}],"about":[{"href":"https:\/\/tienda.depuragua.com\/fr\/wp-json\/wp\/v2\/types\/page"}],"author":[{"embeddable":true,"href":"https:\/\/tienda.depuragua.com\/fr\/wp-json\/wp\/v2\/users\/2"}],"replies":[{"embeddable":true,"href":"https:\/\/tienda.depuragua.com\/fr\/wp-json\/wp\/v2\/comments?post=286918"}],"version-history":[{"count":3,"href":"https:\/\/tienda.depuragua.com\/fr\/wp-json\/wp\/v2\/pages\/286918\/revisions"}],"predecessor-version":[{"id":286928,"href":"https:\/\/tienda.depuragua.com\/fr\/wp-json\/wp\/v2\/pages\/286918\/revisions\/286928"}],"wp:attachment":[{"href":"https:\/\/tienda.depuragua.com\/fr\/wp-json\/wp\/v2\/media?parent=286918"}],"curies":[{"name":"wp","href":"https:\/\/api.w.org\/{rel}","templated":true}]}}